{"id":6,"date":"2019-09-05T08:43:53","date_gmt":"2019-09-05T08:43:53","guid":{"rendered":"http:\/\/c2222163.ferozo.com\/?p=6"},"modified":"2025-08-11T15:08:30","modified_gmt":"2025-08-11T18:08:30","slug":"productos","status":"publish","type":"page","link":"https:\/\/test.planexware.com\/es\/productos\/","title":{"rendered":"Productos"},"content":{"rendered":"<div>PRODUCTOS<\/div>\n<h1>Nuestros Productos<\/h1>\n<div>Optimiza tus procesos de negocio con nuestros productos especialmente dise\u00f1ados impulsar la eficiencia y el rendimiento de tu empresa seg\u00fan tu industria y necesidades.<\/div>\n<p><img decoding=\"async\" src=\"\/wp-content\/uploads\/2024\/05\/plx_024.jpg\" alt=\"\"><\/p>\n<ul>\n<li>\n<p>        <img decoding=\"async\" src=\"\/wp-content\/uploads\/2024\/04\/plx_005.svg\" alt=\"\"><\/p>\n<h2>Portal Proveedores<\/h2>\n<div>Ayudamos a las empresas a centralizar todas las operaciones de su proceso \u201cprocurement to pay\u201d con proveedores.<\/div>\n<p><a href=\"\/portal-proveedores\/\"><span uk-icon=\"icon: arrow-right; ratio: 1.4\"><\/span><\/a><\/p>\n<\/li>\n<li>\n<p>        <img decoding=\"async\" src=\"\/wp-content\/uploads\/2024\/04\/plx_006.svg\" alt=\"\"><\/p>\n<h2>Portal Clientes<\/h2>\n<div>Ayudamos a las empresas a centralizar todas las operaciones de su proceso \u201corder to cash\u201d con clientes. <\/div>\n<p><a href=\"\/portal-clientes\/\"><span uk-icon=\"icon: arrow-right; ratio: 1.4\"><\/span><\/a><\/p>\n<\/li>\n<li>\n<p>        <img decoding=\"async\" src=\"\/wp-content\/uploads\/2024\/04\/plx_019.svg\" alt=\"\"><\/p>\n<h2>Portal Retail<\/h2>\n<div>Integramos a los distintos actores del sector Retail: supermercados, mayoristas y droguer\u00edas y sus proveedores a trav\u00e9s del intercambio de documentos para optimizar todas sus operaciones comerciales.<\/div>\n<p><a href=\"\/portal-retail\/\"><span uk-icon=\"icon: arrow-right; ratio: 1.4\"><\/span><\/a><\/p>\n<\/li>\n<li>\n<p>        <img decoding=\"async\" src=\"\/wp-content\/uploads\/2024\/04\/plx_008.svg\" alt=\"\"><\/p>\n<h2>Portal Automotriz<\/h2>\n<div>Simplificamos las operaciones log\u00edsticas entre proveedores autopartistas y terminales automotrices para la gesti\u00f3n y abastecimiento de piezas.<\/div>\n<p><a href=\"\/portal-automotriz\/\"><span uk-icon=\"icon: arrow-right; ratio: 1.4\"><\/span><\/a><\/p>\n<\/li>\n<\/ul>\n<div>SERVICIOS<\/div>\n<h2>Servicios Fiscales<\/h2>\n<ul>\n<li>\n<p>        <img decoding=\"async\" src=\"\/wp-content\/uploads\/2024\/04\/plx_009.svg\" alt=\"\"><\/p>\n<h3>Factura Electr\u00f3nica &#8211; Gesti\u00f3n CAE<\/h3>\n<div>\n<p>Obtenci\u00f3n del CAE en todas sus formas seg\u00fan tipo de contribuyente y r\u00e9gimen ARCA.<\/p>\n<\/div>\n<p><a href=\"\/cae-afip\/\"><span uk-icon=\"icon: arrow-right; ratio: 1.4\"><\/span><\/a><\/p>\n<\/li>\n<li>\n<p>        <img decoding=\"async\" src=\"\/wp-content\/uploads\/2024\/04\/plx_010.svg\" alt=\"\"><\/p>\n<h3>Remito Electr\u00f3nico &#8211; Gesti\u00f3n COT<\/h3>\n<div>Gesti\u00f3n de Remitos Electr\u00f3nicos para la autorizaci\u00f3n del traslado de mercader\u00edas seg\u00fan normativas vigentes.<\/div>\n<p><a href=\"\/remito-electronicos-cot\/\"><span uk-icon=\"icon: arrow-right; ratio: 1.4\"><\/span><\/a><\/p>\n<\/li>\n<li>\n<p>        <img decoding=\"async\" src=\"\/wp-content\/uploads\/2024\/04\/plx_009.svg\" alt=\"\"><\/p>\n<h3>Gesti\u00f3n de Facturas de Cr\u00e9dito \u2013 Receptor<\/h3>\n<div>\n<p>Gesti\u00f3n de todas las Facturas de Cr\u00e9dito recibidas y monitoreo en tiempo real de todos los documento para control de fraude seg\u00fan normativas ARCA.<\/p>\n<\/div>\n<p><a href=\"\/facturas-credito-recibidas\/\"><span uk-icon=\"icon: arrow-right; ratio: 1.4\"><\/span><\/a><\/p>\n<\/li>\n<li>\n<p>        <img decoding=\"async\" src=\"\/wp-content\/uploads\/2024\/04\/plx_010.svg\" alt=\"\"><\/p>\n<h3>Gesti\u00f3n de Facturas de Cr\u00e9dito \u2013 Emisor <\/h3>\n<div>\n<p>Gesti\u00f3n, monitoreo y trazabilidad del estado de cada comprobante Mi PyMe emitido a Grandes Contribuyentes para asegurar su cobranza.<\/p>\n<\/div>\n<p><a href=\"\/facturas-credito-emitidas\/\"><span uk-icon=\"icon: arrow-right; ratio: 1.4\"><\/span><\/a><\/p>\n<\/li>\n<li>\n<p>        <img decoding=\"async\" src=\"\/wp-content\/uploads\/2024\/04\/plx_010.svg\" alt=\"\"><\/p>\n<h3>Liquidaci\u00f3n y Certificaci\u00f3n de Granos &#8211; Gesti\u00f3n COE<\/h3>\n<div>\n<p>Gesti\u00f3n del COE a trav\u00e9s de ARCA para la Liquidaci\u00f3n Primaria y Secundaria de Granos y la Certificaci\u00f3n de Dep\u00f3sito, Retiro y Transferencia de Granos.<\/p>\n<\/div>\n<p><a href=\"\/coe-afip\/\"><span uk-icon=\"icon: arrow-right; ratio: 1.4\"><\/span><\/a><\/p>\n<\/li>\n<\/ul>\n<h2>Servicios EDI<\/h2>\n<div>\n<p><span>Adaptamos la emisi\u00f3n y recepci\u00f3n de documentos para que la transferencia de datos entre empresas se realice de forma eficiente y automatizada.<\/span><\/p>\n<p>Nuestra plataforma de Servicios EDI est\u00e1 dise\u00f1ada para acelerar y simplificar la integraci\u00f3n de datos con tus clientes, proveedores o cualquier interlocutor con el que desees intercambiar informaci\u00f3n.<\/p>\n<\/div>\n<p>\n    <a href=\"\/servicios-edi\/\"><span uk-icon=\"icon: arrow-right; ratio: 1.4\"><\/span><\/a>\n<\/p>\n<p><!--more--><br \/>\n<!-- {\"name\":\"Home\",\"type\":\"layout\",\"children\":[{\"name\":\"Hero\",\"type\":\"section\",\"props\":{\"image_position\":\"center-center\",\"padding\":\"none\",\"style\":\"default\",\"title_breakpoint\":\"xl\",\"title_position\":\"top-left\",\"title_rotation\":\"left\",\"vertical_align\":\"middle\",\"width\":\"large\",\"width_expand\":\"right\"},\"children\":[{\"type\":\"row\",\"children\":[{\"type\":\"column\",\"props\":{\"css\":\"@media (min-width: 960px) {\\n    \\n\\t.el-column { max-width: 453px; }\\n    .el-column .uk-tile {\\n        padding-top: 0;\\n        padding-bottom: 0;\\n        padding-left: 0;\\n    }\\n    \\n}\",\"image_position\":\"center-center\",\"padding\":\"small\",\"position_sticky_breakpoint\":\"m\",\"style\":\"tile-default\",\"vertical_align\":\"middle\",\"width_medium\":\"1-3\"},\"children\":[{\"type\":\"headline\",\"props\":{\"content\":\"PRODUCTOS\",\"text_align\":\"left\",\"text_align_breakpoint\":\"m\",\"text_align_fallback\":\"center\",\"title_color\":\"primary\",\"title_element\":\"div\",\"title_style\":\"h6\"}},{\"type\":\"headline\",\"props\":{\"content\":\"Nuestros Productos\",\"margin\":\"remove-vertical\",\"maxwidth\":\"large\",\"maxwidth_breakpoint\":\"m\",\"text_align\":\"left\",\"text_align_breakpoint\":\"m\",\"text_align_fallback\":\"center\",\"title_element\":\"h1\"}},{\"type\":\"text\",\"props\":{\"column_breakpoint\":\"m\",\"content\":\"Optimiza tus procesos de negocio con nuestros productos especialmente dise\\u00f1ados impulsar la eficiencia y el rendimiento de tu empresa seg\\u00fan tu industria y necesidades.\",\"margin\":\"default\",\"maxwidth\":\"medium\",\"maxwidth_breakpoint\":\"m\",\"text_align\":\"left\",\"text_align_breakpoint\":\"m\",\"text_align_fallback\":\"center\"}}]},{\"type\":\"column\",\"props\":{\"image_position\":\"center-center\",\"position_sticky_breakpoint\":\"m\",\"width_medium\":\"2-3\"},\"children\":[{\"type\":\"image\",\"props\":{\"image\":\"wp-content\\\/uploads\\\/yootheme\\\/services-shape-01.svg\",\"image_height\":\"170\",\"image_loading\":true,\"image_svg_color\":\"\",\"image_svg_inline\":false,\"image_width\":\"170\",\"margin\":\"default\",\"parallax_easing\":\"-1\",\"position\":\"absolute\",\"position_left\":\"-170\",\"position_z_index\":\"0\",\"status\":\"disabled\",\"visibility\":\"xl\"}},{\"type\":\"image\",\"props\":{\"container_padding_remove\":true,\"css\":\"@media (max-width: 959px) {\\n    \\n    .el-element.uk-container-item-padding-remove-right {\\n        width: 100%;\\n        margin-right: 0;\\n    }\\n    \\n}\",\"image\":\"wp-content\\\/uploads\\\/2024\\\/05\\\/plx_024.jpg\",\"image_loading\":true,\"image_svg_color\":\"emphasis\",\"image_width\":\"1510\",\"margin\":\"default\",\"margin_remove_top\":true,\"position\":\"relative\",\"position_z_index\":\"2\",\"text_align\":\"right\"}}]}],\"props\":{\"column_gap\":\"collapse\",\"layout\":\"1-3,2-3\",\"row_gap\":\"collapse\"}}]},{\"name\":\"Services\",\"type\":\"section\",\"props\":{\"animation\":\"slide-top-small\",\"header_overlay\":\"light\",\"height_viewport\":false,\"image_effect\":\"parallax\",\"image_parallax_easing\":\"1\",\"image_position\":\"bottom-left\",\"padding\":\"large\",\"padding_remove_top\":true,\"style\":\"default\",\"title_breakpoint\":\"xl\",\"title_position\":\"top-left\",\"title_rotation\":\"left\",\"vertical_align\":\"middle\",\"width\":\"\"},\"children\":[{\"type\":\"row\",\"children\":[{\"type\":\"column\",\"props\":{\"image_position\":\"center-center\",\"position_sticky_breakpoint\":\"m\"},\"children\":[{\"type\":\"image\",\"props\":{\"image\":\"wp-content\\\/uploads\\\/yootheme\\\/services-shape-02.svg\",\"image_height\":\"330\",\"image_svg_color\":\"\",\"image_svg_inline\":false,\"image_width\":\"165\",\"margin\":\"default\",\"position\":\"absolute\",\"position_top\":\"-160\",\"position_z_index\":\"1\",\"status\":\"disabled\",\"visibility\":\"xl\"}}]}],\"props\":{\"margin\":\"remove-vertical\"}},{\"type\":\"row\",\"props\":{\"margin\":\"remove-vertical\",\"width\":\"large\"},\"children\":[{\"type\":\"column\",\"props\":{\"image_position\":\"center-center\",\"position_sticky_breakpoint\":\"m\"},\"children\":[{\"type\":\"grid\",\"props\":{\"content_column_breakpoint\":\"m\",\"filter_align\":\"left\",\"filter_all\":true,\"filter_grid_breakpoint\":\"m\",\"filter_grid_width\":\"auto\",\"filter_position\":\"top\",\"filter_style\":\"tab\",\"grid_column_gap\":\"collapse\",\"grid_default\":\"1\",\"grid_medium\":\"2\",\"grid_row_gap\":\"collapse\",\"grid_small\":\"2\",\"icon_width\":80,\"id\":\"services\",\"image_align\":\"top\",\"image_grid_breakpoint\":\"m\",\"image_grid_width\":\"1-2\",\"image_height\":\"68\",\"image_svg_color\":\"emphasis\",\"image_svg_inline\":false,\"image_width\":\"68\",\"item_animation\":true,\"link_margin\":\"medium\",\"link_style\":\"default\",\"link_text\":\"<span uk-icon=\\\"icon: arrow-right; ratio: 1.4\\\"><\\\/span>\",\"margin\":\"remove-vertical\",\"meta_align\":\"below-title\",\"meta_element\":\"div\",\"meta_style\":\"text-meta\",\"panel_link\":true,\"panel_padding\":\"large\",\"panel_style\":\"tile-checked\",\"parallax_easing\":\"1\",\"position\":\"relative\",\"position_z_index\":\"1\",\"show_content\":true,\"show_image\":true,\"show_link\":true,\"show_meta\":true,\"show_title\":true,\"title_align\":\"top\",\"title_element\":\"h2\",\"title_grid_breakpoint\":\"m\",\"title_grid_width\":\"1-2\",\"title_hover_style\":\"reset\",\"title_style\":\"h3\"},\"children\":[{\"type\":\"grid_item\",\"props\":{\"content\":\"Ayudamos a las empresas a centralizar todas las operaciones de su proceso \\u201cprocurement to pay\\u201d con proveedores.\",\"image\":\"wp-content\\\/uploads\\\/2024\\\/04\\\/plx_005.svg\",\"link\":\"portal-proveedores\\\/\",\"title\":\"Portal Proveedores\"}},{\"type\":\"grid_item\",\"props\":{\"content\":\"Ayudamos a las empresas a centralizar todas las operaciones de su proceso \\u201corder to cash\\u201d con clientes. \",\"image\":\"wp-content\\\/uploads\\\/2024\\\/04\\\/plx_006.svg\",\"link\":\"portal-clientes\\\/\",\"title\":\"Portal Clientes\"}},{\"type\":\"grid_item\",\"props\":{\"content\":\"Integramos a los distintos actores del sector Retail: supermercados, mayoristas y droguer\\u00edas y sus proveedores a trav\\u00e9s del intercambio de documentos para optimizar todas sus operaciones comerciales.\",\"image\":\"wp-content\\\/uploads\\\/2024\\\/04\\\/plx_019.svg\",\"link\":\"portal-retail\\\/\",\"title\":\"Portal Retail\"}},{\"type\":\"grid_item\",\"props\":{\"content\":\"Simplificamos las operaciones log\\u00edsticas entre proveedores autopartistas y terminales automotrices para la gesti\\u00f3n y abastecimiento de piezas.\",\"image\":\"wp-content\\\/uploads\\\/2024\\\/04\\\/plx_008.svg\",\"link\":\"portal-automotriz\\\/\",\"title\":\"Portal Automotriz\"}}]}]}]}]},{\"type\":\"section\",\"props\":{\"image_position\":\"center-center\",\"padding\":\"large\",\"padding_remove_top\":true,\"style\":\"default\",\"title_breakpoint\":\"xl\",\"title_position\":\"top-left\",\"title_rotation\":\"left\",\"vertical_align\":\"middle\",\"width\":\"\"},\"children\":[{\"type\":\"row\",\"children\":[{\"type\":\"column\",\"props\":{\"image_position\":\"center-center\",\"position_sticky_breakpoint\":\"m\"},\"children\":[{\"type\":\"image\",\"props\":{\"image\":\"wp-content\\\/uploads\\\/yootheme\\\/services-shape-03.svg\",\"image_height\":\"200\",\"image_svg_color\":\"\",\"image_svg_inline\":false,\"image_width\":\"200\",\"margin\":\"default\",\"position\":\"absolute\",\"position_left\":\"-40\",\"position_top\":\"-160\",\"text_align\":\"right\",\"visibility\":\"xl\"}},{\"type\":\"image\",\"props\":{\"image\":\"wp-content\\\/uploads\\\/yootheme\\\/services-shape-04.svg\",\"image_height\":\"130\",\"image_svg_color\":\"\",\"image_svg_inline\":false,\"image_width\":\"65\",\"margin\":\"default\",\"position\":\"absolute\",\"position_top\":\"70\",\"text_align\":\"right\",\"visibility\":\"xl\"}}]}],\"props\":{\"margin\":\"remove-vertical\",\"status\":\"disabled\"}},{\"type\":\"row\",\"children\":[{\"type\":\"column\",\"props\":{\"image_position\":\"center-center\",\"position_sticky_breakpoint\":\"m\"},\"children\":[{\"type\":\"headline\",\"props\":{\"content\":\"SERVICIOS\",\"position\":\"relative\",\"position_z_index\":\"1\",\"text_align\":\"center\",\"title_color\":\"primary\",\"title_element\":\"div\",\"title_style\":\"h6\"}},{\"type\":\"headline\",\"props\":{\"content\":\"Servicios Fiscales\",\"margin\":\"remove-vertical\",\"position\":\"relative\",\"position_z_index\":\"1\",\"text_align\":\"center\",\"title_element\":\"h2\"}},{\"type\":\"grid\",\"props\":{\"content_column_breakpoint\":\"m\",\"filter_align\":\"left\",\"filter_all\":true,\"filter_grid_breakpoint\":\"m\",\"filter_grid_width\":\"auto\",\"filter_position\":\"top\",\"filter_style\":\"tab\",\"grid_default\":\"1\",\"grid_medium\":\"3\",\"grid_row_gap\":\"large\",\"grid_small\":\"2\",\"icon_width\":80,\"image_align\":\"left\",\"image_grid_breakpoint\":\"\",\"image_grid_column_gap\":\"medium\",\"image_grid_row_gap\":\"small\",\"image_grid_width\":\"auto\",\"image_height\":\"36\",\"image_svg_color\":\"emphasis\",\"image_svg_inline\":false,\"image_width\":\"36\",\"item_animation\":true,\"link_style\":\"default\",\"link_text\":\"<span uk-icon=\\\"icon: arrow-right; ratio: 1.4\\\"><\\\/span>\",\"margin\":\"large\",\"margin_remove_top\":false,\"meta_align\":\"below-title\",\"meta_element\":\"div\",\"meta_style\":\"text-meta\",\"parallax_easing\":\"1\",\"position\":\"relative\",\"position_z_index\":\"1\",\"show_content\":true,\"show_image\":true,\"show_link\":true,\"show_meta\":true,\"show_title\":true,\"title_align\":\"top\",\"title_element\":\"h3\",\"title_grid_breakpoint\":\"m\",\"title_grid_width\":\"1-2\",\"title_hover_style\":\"reset\",\"title_style\":\"h4\"},\"children\":[{\"type\":\"grid_item\",\"props\":{\"content\":\"\n\n<p>Obtenci\\u00f3n del CAE en todas sus formas seg\\u00fan tipo de contribuyente y r\\u00e9gimen ARCA.<\\\/p>\",\"image\":\"wp-content\\\/uploads\\\/2024\\\/04\\\/plx_009.svg\",\"link\":\"cae-afip\\\/\",\"title\":\"Factura Electr\\u00f3nica - Gesti\\u00f3n CAE\"}},{\"type\":\"grid_item\",\"props\":{\"content\":\"Gesti\\u00f3n de Remitos Electr\\u00f3nicos para la autorizaci\\u00f3n del traslado de mercader\\u00edas seg\\u00fan normativas vigentes.\",\"image\":\"wp-content\\\/uploads\\\/2024\\\/04\\\/plx_010.svg\",\"link\":\"remito-electronicos-cot\\\/\",\"title\":\"Remito Electr\\u00f3nico - Gesti\\u00f3n COT\"}},{\"type\":\"grid_item\",\"props\":{\"content\":\"\n\n<p>Gesti\\u00f3n de todas las Facturas de Cr\\u00e9dito recibidas y monitoreo en tiempo real de todos los documento para control de fraude seg\\u00fan normativas ARCA.<\\\/p>\",\"image\":\"wp-content\\\/uploads\\\/2024\\\/04\\\/plx_009.svg\",\"link\":\"facturas-credito-recibidas\\\/\",\"title\":\"Gesti\\u00f3n de Facturas de Cr\\u00e9dito \\u2013 Receptor\"}},{\"type\":\"grid_item\",\"props\":{\"content\":\"\n\n<p>Gesti\\u00f3n, monitoreo y trazabilidad del estado de cada comprobante Mi PyMe emitido a Grandes Contribuyentes para asegurar su cobranza.<\\\/p>\",\"image\":\"wp-content\\\/uploads\\\/2024\\\/04\\\/plx_010.svg\",\"link\":\"facturas-credito-emitidas\\\/\",\"title\":\"Gesti\\u00f3n de Facturas de Cr\\u00e9dito \\u2013 Emisor \"}},{\"type\":\"grid_item\",\"props\":{\"content\":\"\n\n<p>Gesti\\u00f3n del COE a trav\\u00e9s de ARCA para la Liquidaci\\u00f3n Primaria y Secundaria de Granos y la Certificaci\\u00f3n de Dep\\u00f3sito, Retiro y Transferencia de Granos.<\\\/p>\",\"image\":\"wp-content\\\/uploads\\\/2024\\\/04\\\/plx_010.svg\",\"link\":\"coe-afip\\\/\",\"title\":\"Liquidaci\\u00f3n y Certificaci\\u00f3n de Granos - Gesti\\u00f3n COE\"}}]}]}],\"props\":{\"margin\":\"remove-vertical\",\"width\":\"default\"}}],\"name\":\"Benefits\"},{\"name\":\"15\",\"type\":\"section\",\"props\":{\"animation\":\"slide-top-small\",\"header_overlay\":\"light\",\"height_viewport\":false,\"image_effect\":\"parallax\",\"image_parallax_easing\":\"1\",\"image_position\":\"bottom-left\",\"padding\":\"large\",\"padding_remove_top\":true,\"style\":\"default\",\"title_breakpoint\":\"xl\",\"title_position\":\"top-left\",\"title_rotation\":\"left\",\"vertical_align\":\"middle\",\"width\":\"expand\"},\"children\":[{\"type\":\"row\",\"children\":[{\"type\":\"column\",\"props\":{\"image_position\":\"center-center\",\"position_sticky_breakpoint\":\"m\"},\"children\":[{\"type\":\"headline\",\"props\":{\"content\":\"Servicios EDI\",\"margin_remove_top\":true,\"position\":\"relative\",\"position_z_index\":\"1\",\"text_align\":\"center\",\"title_element\":\"h2\"}},{\"type\":\"text\",\"props\":{\"block_align\":\"center\",\"column_breakpoint\":\"m\",\"content\":\"\n\n<p><span>Adaptamos la emisi\\u00f3n y recepci\\u00f3n de documentos para que la transferencia de datos entre empresas se realice de forma eficiente y automatizada.<\\\/span><\\\/p>\\n\n\n<p>Nuestra plataforma de Servicios EDI est\\u00e1 dise\\u00f1ada para acelerar y simplificar la integraci\\u00f3n de datos con tus clientes, proveedores o cualquier interlocutor con el que desees intercambiar informaci\\u00f3n.<\\\/p>\",\"margin\":\"default\",\"maxwidth\":\"2xlarge\",\"position\":\"relative\",\"position_z_index\":\"1\",\"text_align\":\"center\"}},{\"type\":\"button\",\"props\":{\"grid_column_gap\":\"small\",\"grid_row_gap\":\"small\",\"margin\":\"default\",\"text_align\":\"center\"},\"children\":[{\"type\":\"button_item\",\"props\":{\"button_style\":\"default\",\"content\":\"<span uk-icon=\\\"icon: arrow-right; ratio: 1.4\\\"><\\\/span>\",\"icon_align\":\"left\",\"link\":\"servicios-edi\\\/\"}}]}]}],\"props\":{\"margin\":\"remove-vertical\",\"width\":\"large\"}}]},{\"type\":\"section\",\"props\":{\"image_position\":\"center-center\",\"padding\":\"large\",\"padding_remove_top\":true,\"status\":\"disabled\",\"style\":\"default\",\"title_breakpoint\":\"xl\",\"title_position\":\"top-left\",\"title_rotation\":\"left\",\"vertical_align\":\"middle\",\"width\":\"default\"},\"children\":[{\"type\":\"row\",\"props\":{\"column_gap\":\"large\",\"layout\":\"1-3,2-3\",\"row_gap\":\"large\"},\"children\":[{\"type\":\"column\",\"props\":{\"image_position\":\"center-center\",\"position_sticky_breakpoint\":\"m\",\"width_medium\":\"1-3\"},\"children\":[{\"type\":\"headline\",\"props\":{\"content\":\"Frequently Asked Questions\",\"text_align\":\"left\",\"text_align_breakpoint\":\"m\",\"text_align_fallback\":\"center\",\"title_color\":\"primary\",\"title_element\":\"div\",\"title_style\":\"h6\"}},{\"type\":\"headline\",\"props\":{\"content\":\"You have a question? We have an answer.\",\"margin\":\"remove-vertical\",\"text_align\":\"left\",\"text_align_breakpoint\":\"m\",\"text_align_fallback\":\"center\",\"title_element\":\"h2\"}}]},{\"type\":\"column\",\"props\":{\"image_position\":\"center-center\",\"position_sticky_breakpoint\":\"m\",\"width_medium\":\"2-3\"},\"children\":[{\"type\":\"accordion\",\"props\":{\"collapsible\":true,\"content_column_breakpoint\":\"m\",\"image_align\":\"top\",\"image_grid_breakpoint\":\"m\",\"image_grid_width\":\"1-2\",\"image_svg_color\":\"emphasis\",\"link_style\":\"default\",\"link_text\":\"Read more\",\"multiple\":true,\"position\":\"relative\",\"position_z_index\":\"1\",\"show_image\":true,\"show_link\":true},\"children\":[{\"type\":\"accordion_item\",\"props\":{\"content\":\"Lorem ipsum dolor sit amet, consectetur adipiscing elit, sed do eiusmod tempor incididunt ut labore et dolore magna aliqua. Ut enim ad minim veniam, quis nostrud exercitation ullamco laboris nisi ut aliquip ex ea commodo consequat. Duis aute irure dolor in reprehenderit in voluptate velit esse cillum dolore eu fugiat nulla pariatur. Excepteur sint occaecat cupidatat non proident, sunt in culpa qui officia deserunt mollit anim id est laborum.\\n\",\"title\":\"How to keep my teeth healthy?\"}},{\"type\":\"accordion_item\",\"props\":{\"content\":\"Ut enim ad minim veniam, quis nostrud exercitation ullamco laboris nisi ut aliquip ex ea commodo consequat. Duis aute irure dolor in reprehenderit in voluptate velit esse cillum dolore eu fugiat nulla pariatur. Excepteur sint occaecat cupidatat non proident, sunt in culpa qui officia deserunt mollit anim id est laborum.\\n\",\"title\":\"My teeth feel fine. Do I still need to see a dentist?\"}},{\"type\":\"accordion_item\",\"props\":{\"content\":\"Excepteur sint occaecat cupidatat non proident, sunt in culpa qui officia deserunt mollit anim id est laborum. Lorem ipsum dolor sit amet, consectetur adipiscing elit, sed do eiusmod tempor incididunt ut labore et dolore magna aliqua. Ut enim ad minim veniam, quis nostrud exercitation ullamco laboris nisi ut aliquip ex ea commodo consequat.\",\"title\":\"How often do I have to get a checkup?\"}},{\"type\":\"accordion_item\",\"props\":{\"content\":\"Duis aute irure dolor in reprehenderit in voluptate velit esse cillum dolore eu fugiat nulla pariatur. Excepteur sint occaecat cupidatat non proident, sunt in culpa qui officia deserunt mollit anim id est.\\n\",\"title\":\"When do I have to arrive for my appointment?\"}},{\"type\":\"accordion_item\",\"props\":{\"content\":\"Ut enim ad minim veniam, quis nostrud exercitation ullamco laboris nisi ut aliquip ex ea commodo consequat. Duis aute irure dolor in reprehenderit in voluptate velit esse cillum dolore eu fugiat nulla pariatur. Excepteur sint occaecat cupidatat non proident.\",\"title\":\"What kind of insurance do you take?\"}}]}]}]}],\"name\":\"FAQ\"},{\"type\":\"section\",\"props\":{\"image\":\"wp-content\\\/uploads\\\/2024\\\/02\\\/pla_004.svg\",\"image_position\":\"center-right\",\"image_size\":\"height-1-1\",\"image_width\":\"800\",\"media_visibility\":\"s\",\"padding\":\"large\",\"padding_remove_top\":false,\"status\":\"disabled\",\"style\":\"secondary\",\"title_breakpoint\":\"xl\",\"title_position\":\"top-left\",\"title_rotation\":\"left\",\"vertical_align\":\"middle\",\"width\":\"default\"},\"children\":[{\"type\":\"row\",\"props\":{\"layout\":\"2-3,1-3\",\"width\":\"large\"},\"children\":[{\"type\":\"column\",\"props\":{\"image_position\":\"center-center\",\"padding\":\"none\",\"position_sticky_breakpoint\":\"m\",\"width_small\":\"2-3\"},\"children\":[{\"type\":\"headline\",\"props\":{\"content\":\"Do you want to know more or need a consultation?\",\"maxwidth\":\"large\",\"maxwidth_breakpoint\":\"s\",\"text_align\":\"left\",\"text_align_breakpoint\":\"s\",\"text_align_fallback\":\"center\",\"title_element\":\"h2\"}},{\"type\":\"text\",\"props\":{\"column_breakpoint\":\"m\",\"content\":\"Sed do eiusmod tempor incididunt<br class=\\\"uk-hidden@s\\\"> ut labore et dolore.\",\"margin\":\"default\",\"maxwidth\":\"large\",\"maxwidth_breakpoint\":\"s\",\"text_align\":\"left\",\"text_align_breakpoint\":\"s\",\"text_align_fallback\":\"center\",\"text_color\":\"emphasis\"}}]},{\"type\":\"column\",\"props\":{\"image_position\":\"center-center\",\"padding\":\"none\",\"position_sticky_breakpoint\":\"m\",\"vertical_align\":\"middle\",\"width_small\":\"1-3\"},\"children\":[{\"type\":\"button\",\"props\":{\"button_size\":\"large\",\"grid_column_gap\":\"small\",\"grid_row_gap\":\"small\",\"margin\":\"default\",\"text_align\":\"right\",\"text_align_breakpoint\":\"s\",\"text_align_fallback\":\"center\"},\"children\":[{\"type\":\"button_item\",\"props\":{\"button_style\":\"default\",\"content\":\"Contact Us\",\"icon_align\":\"left\",\"link\":\"index.php?page_id=8\"}}]}]}]}],\"name\":\"01B\"}],\"version\":\"4.3.4\"} --><\/p>\n","protected":false},"excerpt":{"rendered":"<p>PRODUCTOS Nuestros Productos Optimiza tus procesos de negocio con nuestros productos especialmente dise\u00f1ados impulsar la eficiencia y el rendimiento de tu empresa seg\u00fan tu industria y necesidades. Portal Proveedores Ayudamos a las empresas a centralizar todas las operaciones de su proceso \u201cprocurement to pay\u201d con proveedores. Portal Clientes Ayudamos a las empresas a centralizar todas [&hellip;]<\/p>\n","protected":false},"author":1,"featured_media":0,"parent":0,"menu_order":8,"comment_status":"open","ping_status":"open","template":"","meta":{"_acf_changed":false,"footnotes":""},"class_list":["post-6","page","type-page","status-publish","hentry"],"acf":[],"_links":{"self":[{"href":"https:\/\/test.planexware.com\/es\/wp-json\/wp\/v2\/pages\/6","targetHints":{"allow":["GET"]}}],"collection":[{"href":"https:\/\/test.planexware.com\/es\/wp-json\/wp\/v2\/pages"}],"about":[{"href":"https:\/\/test.planexware.com\/es\/wp-json\/wp\/v2\/types\/page"}],"author":[{"embeddable":true,"href":"https:\/\/test.planexware.com\/es\/wp-json\/wp\/v2\/users\/1"}],"replies":[{"embeddable":true,"href":"https:\/\/test.planexware.com\/es\/wp-json\/wp\/v2\/comments?post=6"}],"version-history":[{"count":53,"href":"https:\/\/test.planexware.com\/es\/wp-json\/wp\/v2\/pages\/6\/revisions"}],"predecessor-version":[{"id":63258,"href":"https:\/\/test.planexware.com\/es\/wp-json\/wp\/v2\/pages\/6\/revisions\/63258"}],"wp:attachment":[{"href":"https:\/\/test.planexware.com\/es\/wp-json\/wp\/v2\/media?parent=6"}],"curies":[{"name":"wp","href":"https:\/\/api.w.org\/{rel}","templated":true}]}}