{"id":55332,"date":"2024-09-20T13:58:40","date_gmt":"2024-09-20T16:58:40","guid":{"rendered":"https:\/\/test.planexware.com\/?page_id=55332"},"modified":"2025-11-26T15:05:33","modified_gmt":"2025-11-26T18:05:33","slug":"asociarse","status":"publish","type":"page","link":"https:\/\/test.planexware.com\/es\/asociarse\/","title":{"rendered":"Asociarse"},"content":{"rendered":"<h1>Proveedores de la Industria Retail<\/h1>\n<div>\n<p>Planexware cuenta con la soluci\u00f3n m\u00e1s completa del mercado para la Industria Retail. M\u00e1s de 50 supermercados, droguer\u00edas y mayoristas env\u00edan \u00f3rdenes de compra a sus proveedores a trav\u00e9s de nuestro Portal.\u00a0<\/p>\n<p>Sume su empresa a la red m\u00e1s grande del pa\u00eds y optimice la gesti\u00f3n de sus pedidos con Portal Retail de Planexware.\u00a0<\/p>\n<\/div>\n<div>\n<p class=\"wpcf7-contact-form-not-found\"><strong>Error:<\/strong> Formulario de contacto no encontrado.<\/p><\/div>\n<p><!--more--><br \/>\n<!-- {\"type\":\"layout\",\"children\":[{\"type\":\"section\",\"props\":{\"image_position\":\"center-center\",\"style\":\"default\",\"title_breakpoint\":\"xl\",\"title_position\":\"top-left\",\"title_rotation\":\"left\",\"vertical_align\":\"middle\",\"width\":\"default\"},\"children\":[{\"type\":\"row\",\"children\":[{\"type\":\"column\",\"props\":{\"image_position\":\"center-center\",\"position_sticky_breakpoint\":\"m\"},\"children\":[{\"type\":\"headline\",\"props\":{\"content\":\"Proveedores de la Industria Retail\",\"title_element\":\"h1\",\"title_style\":\"heading-small\"}},{\"type\":\"text\",\"props\":{\"column_breakpoint\":\"m\",\"content\":\"\n\n<p>Planexware cuenta con la soluci\\u00f3n m\\u00e1s completa del mercado para la Industria Retail. M\\u00e1s de 50 supermercados, droguer\\u00edas y mayoristas env\\u00edan \\u00f3rdenes de compra a sus proveedores a trav\\u00e9s de nuestro Portal.\\u00a0<\\\/p>\\n\n\n<p>Sume su empresa a la red m\\u00e1s grande del pa\\u00eds y optimice la gesti\\u00f3n de sus pedidos con Portal Retail de Planexware.\\u00a0<\\\/p>\",\"margin\":\"default\"}}]}]}]},{\"type\":\"section\",\"props\":{\"image_position\":\"center-center\",\"padding\":\"xsmall\",\"padding_remove_top\":true,\"style\":\"default\",\"title_breakpoint\":\"xl\",\"title_position\":\"top-left\",\"title_rotation\":\"left\",\"vertical_align\":\"middle\",\"width\":\"small\"},\"children\":[{\"type\":\"row\",\"children\":[{\"type\":\"column\",\"props\":{\"image_position\":\"center-center\",\"position_sticky_breakpoint\":\"m\"},\"children\":[{\"type\":\"html\",\"props\":{\"content\":\"[contact-form-7 id=\\\"3c61666\\\" title=\\\"Krikos360\\\"]\"}}]}]}]}],\"version\":\"4.3.4\"} --><\/p>\n","protected":false},"excerpt":{"rendered":"<p>Proveedores de la Industria Retail Planexware cuenta con la soluci\u00f3n m\u00e1s completa del mercado para la Industria Retail. M\u00e1s de 50 supermercados, droguer\u00edas y mayoristas env\u00edan \u00f3rdenes de compra a sus proveedores a trav\u00e9s de nuestro Portal.\u00a0 Sume su empresa a la red m\u00e1s grande del pa\u00eds y optimice la gesti\u00f3n de sus pedidos con [&hellip;]<\/p>\n","protected":false},"author":5,"featured_media":0,"parent":0,"menu_order":0,"comment_status":"closed","ping_status":"closed","template":"","meta":{"_acf_changed":false,"footnotes":""},"class_list":["post-55332","page","type-page","status-publish","hentry"],"acf":[],"_links":{"self":[{"href":"https:\/\/test.planexware.com\/es\/wp-json\/wp\/v2\/pages\/55332","targetHints":{"allow":["GET"]}}],"collection":[{"href":"https:\/\/test.planexware.com\/es\/wp-json\/wp\/v2\/pages"}],"about":[{"href":"https:\/\/test.planexware.com\/es\/wp-json\/wp\/v2\/types\/page"}],"author":[{"embeddable":true,"href":"https:\/\/test.planexware.com\/es\/wp-json\/wp\/v2\/users\/5"}],"replies":[{"embeddable":true,"href":"https:\/\/test.planexware.com\/es\/wp-json\/wp\/v2\/comments?post=55332"}],"version-history":[{"count":4,"href":"https:\/\/test.planexware.com\/es\/wp-json\/wp\/v2\/pages\/55332\/revisions"}],"predecessor-version":[{"id":66231,"href":"https:\/\/test.planexware.com\/es\/wp-json\/wp\/v2\/pages\/55332\/revisions\/66231"}],"wp:attachment":[{"href":"https:\/\/test.planexware.com\/es\/wp-json\/wp\/v2\/media?parent=55332"}],"curies":[{"name":"wp","href":"https:\/\/api.w.org\/{rel}","templated":true}]}}