{"id":2399,"date":"2024-04-30T06:57:54","date_gmt":"2024-04-30T09:57:54","guid":{"rendered":"http:\/\/c2222163.ferozo.com\/?page_id=2399"},"modified":"2024-06-18T14:45:40","modified_gmt":"2024-06-18T17:45:40","slug":"contacto","status":"publish","type":"page","link":"https:\/\/test.planexware.com\/es\/contacto\/","title":{"rendered":"Contacto"},"content":{"rendered":"<div>\u00bfTiene una duda?<\/div>\n<h1>Contacto<\/h1>\n<div>\n<p>Complete el formulario y alguien de nuestro equipo se contactar\u00e1 a la brevedad.<\/p>\n<\/div>\n<div>\n<p>Nuestro equipo est\u00e1 para ayudarlo. Escriba su consulta y nos comunicaremos a la brevedad.<\/p>\n<\/div>\n<div>\n<p class=\"wpcf7-contact-form-not-found\"><strong>Error:<\/strong> Formulario de contacto no encontrado.<\/p><\/div>\n<div>\n<h3>Su consulta nos importa<\/h3>\n<div>\n<p>Todo nuestro equipo trabaja d\u00eda a d\u00eda para brindar el mejor servicio. Si tiene una consulta, no dude en comunicarse.<\/p>\n<\/div>\n<\/div>\n<h2>Estamos<br \/>\npara ayudarte<\/h2>\n<ul>\n<li>\n<p>        <img decoding=\"async\" src=\"\/wp-content\/uploads\/2024\/04\/plx_011.svg\" alt=\"\"><\/p>\n<h3>Mesa de ayuda 24&#215;7<\/h3>\n<div><a class=\"uk-link-text\" href=\"tel:+541177018282\">+ 54 11 7701-8282<\/a><br \/>\n<br \/>\n<a class=\"uk-link-text\" href=\"mailto:mesadeayuda@test.planexware.com\">mesadeayuda@test.planexware.com<\/a><\/div>\n<\/li>\n<li>\n<p>        <img decoding=\"async\" src=\"\/wp-content\/uploads\/2024\/04\/plx_012.svg\" alt=\"\"><\/p>\n<h3>Comercial<\/h3>\n<div><a class=\"uk-link-text\" href=\"tel:+541177018277\">+ 54 11 7701 8277<\/a><br \/>\n<br \/>\n<a class=\"uk-link-text\" href=\"mailto:comercial@test.planexware.com\">comercial@test.planexware.com<\/a><\/div>\n<\/li>\n<li>\n<p>        <img decoding=\"async\" src=\"\/wp-content\/uploads\/2024\/04\/plx_012.svg\" alt=\"\"><\/p>\n<h3>Asistencia para implementaciones<\/h3>\n<div><a class=\"uk-link-text\" href=\"tel:+541177018295\">+ 54 11 7701 8295<\/a><br \/>\n<br \/>\n<a class=\"uk-link-text\" href=\"mailto:implementaciones@test.planexware.com\">implementaciones@test.planexware.com<\/a><\/div>\n<\/li>\n<li>\n<p>        <img decoding=\"async\" src=\"\/wp-content\/uploads\/2024\/04\/plx_011.svg\" alt=\"\"><\/p>\n<h3>Consultas administrativas<\/h3>\n<div><a class=\"uk-link-text\" href=\"tel:+541177018290\">+ 54 11 7701-8290<\/a><br \/>\n<br \/>\n<a class=\"uk-link-text\" href=\"mailto:cobranzas@test.planexware.com\">cobranzas@test.planexware.com<\/a><\/div>\n<\/li>\n<li>\n<p>        <img decoding=\"async\" src=\"\/wp-content\/uploads\/2024\/04\/plx_011.svg\" alt=\"\"><\/p>\n<h3>Recursos Humanos<\/h3>\n<div><a class=\"uk-link-text\" href=\"tel:+541177018200\">+ 54 11 7701-8200<\/a><br \/>\n<br \/>\n<a class=\"uk-link-text\" href=\"mailto:rrhh@test.planexware.com\">rrhh@test.planexware.com<\/a><\/div>\n<\/li>\n<li>\n<p>        <img decoding=\"async\" src=\"\/wp-content\/uploads\/2024\/04\/plx_012.svg\" alt=\"\"><\/p>\n<h3>Marketing<\/h3>\n<div><a class=\"uk-link-text\" href=\"tel:+541177018200\">+ 54 11 7701 8200<\/a><br \/>\n<br \/>\n<a class=\"uk-link-text\" href=\"mailto:marketing@test.planexware.com\">marketing@test.planexware.com<\/a><\/div>\n<\/li>\n<li>\n<p>        <img decoding=\"async\" src=\"\/wp-content\/uploads\/2024\/04\/plx_012.svg\" alt=\"\"><\/p>\n<h3>Calidad (Sugerencias y Reclamos)<\/h3>\n<div><a class=\"uk-link-text\" href=\"tel:+541177018200\">+ 54 11 7701 8200<\/a><br \/>\n<br \/>\n<a class=\"uk-link-text\" href=\"mailto:calidad@test.planexware.com\">calidad@test.planexware.com<\/a><\/div>\n<\/li>\n<li>\n<p>        <img decoding=\"async\" src=\"\/wp-content\/uploads\/2024\/04\/plx_011.svg\" alt=\"\"><\/p>\n<h3>Gesti\u00f3n de Pol\u00edtica \u00c9tica<\/h3>\n<div><a class=\"uk-link-text\" href=\"tel:+541177018200\">+ 54 11 7701-8200<\/a><br \/>\n<br \/>\n<a class=\"uk-link-text\" href=\"mailto:denunciaseticas@test.planexware.com\">denunciaseticas@test.planexware.com<\/a><\/div>\n<\/li>\n<\/ul>\n<p><!--more--><br \/>\n<!-- {\"type\":\"layout\",\"children\":[{\"name\":\"Hero\",\"type\":\"section\",\"props\":{\"image_position\":\"center-center\",\"padding\":\"large\",\"padding_remove_bottom\":true,\"style\":\"default\",\"title_breakpoint\":\"xl\",\"title_position\":\"top-left\",\"title_rotation\":\"left\",\"vertical_align\":\"middle\",\"width\":\"\"},\"children\":[{\"type\":\"row\",\"children\":[{\"type\":\"column\",\"props\":{\"image_position\":\"center-center\",\"position_sticky_breakpoint\":\"m\"},\"children\":[{\"type\":\"headline\",\"props\":{\"content\":\"\\u00bfTiene una duda?\",\"text_align\":\"center\",\"title_color\":\"primary\",\"title_element\":\"div\",\"title_style\":\"h6\"}},{\"type\":\"headline\",\"props\":{\"content\":\"Contacto\",\"margin\":\"remove-vertical\",\"text_align\":\"center\",\"title_element\":\"h1\"}},{\"type\":\"text\",\"props\":{\"block_align\":\"center\",\"column_breakpoint\":\"m\",\"content\":\"\n\n<p>Complete el formulario y alguien de nuestro equipo se contactar\\u00e1 a la brevedad.<\\\/p>\",\"margin\":\"default\",\"margin_remove_bottom\":true,\"maxwidth\":\"xlarge\",\"text_align\":\"center\",\"text_style\":\"large\"}}]}],\"props\":{\"width\":\"default\"}}]},{\"type\":\"section\",\"props\":{\"image_position\":\"center-center\",\"padding\":\"large\",\"padding_remove_bottom\":false,\"padding_remove_top\":false,\"style\":\"default\",\"title_breakpoint\":\"xl\",\"title_position\":\"top-left\",\"title_rotation\":\"left\",\"vertical_align\":\"middle\",\"width\":\"expand\"},\"children\":[{\"type\":\"row\",\"props\":{\"column_gap\":\"large\",\"layout\":\"2-3,1-3\",\"margin\":\"xlarge\",\"margin_remove_bottom\":true,\"row_gap\":\"large\",\"width\":\"default\"},\"children\":[{\"type\":\"column\",\"props\":{\"image_position\":\"center-center\",\"position_sticky_breakpoint\":\"m\",\"width_medium\":\"2-3\"},\"children\":[{\"type\":\"text\",\"props\":{\"column_breakpoint\":\"m\",\"content\":\"\n\n<p>Nuestro equipo est\\u00e1 para ayudarlo. Escriba su consulta y nos comunicaremos a la brevedad.<\\\/p>\",\"margin\":\"default\"}},{\"type\":\"html\",\"props\":{\"content\":\"[contact-form-7 id=\\\"65d229c\\\" title=\\\"Formulario Contacto\\\"]\"}}]},{\"type\":\"column\",\"props\":{\"image_position\":\"center-center\",\"order_first\":\"m\",\"position_sticky\":\"column\",\"position_sticky_breakpoint\":\"\",\"position_sticky_offset\":\"110\",\"width_medium\":\"1-3\"},\"children\":[{\"type\":\"panel\",\"props\":{\"content\":\"\n\n<p>Todo nuestro equipo trabaja d\\u00eda a d\\u00eda para brindar el mejor servicio. Si tiene una consulta, no dude en comunicarse.<\\\/p>\",\"content_column_breakpoint\":\"m\",\"icon_width\":80,\"image_align\":\"top\",\"image_grid_breakpoint\":\"m\",\"image_grid_width\":\"1-2\",\"image_svg_color\":\"emphasis\",\"link_style\":\"default\",\"link_text\":\"Solicitar Demo\",\"margin\":\"default\",\"maxwidth\":\"medium\",\"maxwidth_breakpoint\":\"m\",\"meta_align\":\"below-title\",\"meta_element\":\"div\",\"meta_style\":\"text-meta\",\"position\":\"relative\",\"position_z_index\":\"1\",\"title\":\"Su consulta nos importa\",\"title_align\":\"top\",\"title_element\":\"h3\",\"title_grid_breakpoint\":\"m\",\"title_grid_width\":\"1-2\",\"title_hover_style\":\"reset\"}},{\"type\":\"headline\",\"props\":{\"content\":\"Downloads\",\"margin\":\"large\",\"margin_remove_bottom\":true,\"position\":\"relative\",\"position_z_index\":\"1\",\"status\":\"disabled\",\"title_element\":\"h4\"}},{\"type\":\"list\",\"props\":{\"class\":\"uk-text-emphasis\",\"column_breakpoint\":\"m\",\"icon\":\"file-pdf\",\"icon_color\":\"primary\",\"image_align\":\"left\",\"image_svg_color\":\"emphasis\",\"image_vertical_align\":true,\"link_style\":\"reset\",\"list_element\":\"ul\",\"list_horizontal_separator\":\", \",\"list_type\":\"vertical\",\"position\":\"relative\",\"position_z_index\":\"1\",\"show_image\":true,\"show_link\":true,\"status\":\"disabled\"},\"children\":[{\"type\":\"list_item\",\"props\":{\"content\":\"Dental Implants Brochure\",\"icon\":\"\",\"link\":\"#\"}},{\"type\":\"list_item\",\"props\":{\"content\":\"Patient Information\",\"icon\":\"\",\"link\":\"#\"}},{\"type\":\"list_item\",\"props\":{\"content\":\"Insurance Information\",\"icon\":\"\",\"link\":\"#\"}}]}]}]},{\"type\":\"row\",\"props\":{\"margin\":\"remove-vertical\",\"status\":\"disabled\"},\"children\":[{\"type\":\"column\",\"props\":{\"image_position\":\"center-center\",\"position_sticky_breakpoint\":\"m\"},\"children\":[{\"type\":\"image\",\"props\":{\"image\":\"wp-content\\\/uploads\\\/yootheme\\\/services-dental-implants-shape.svg\",\"image_height\":\"415\",\"image_svg_color\":\"\",\"image_svg_inline\":false,\"image_width\":\"370\",\"margin\":\"default\",\"position\":\"absolute\",\"position_bottom\":\"-140\",\"visibility\":\"xl\"}}]}]}],\"name\":\"Procedure\"},{\"type\":\"section\",\"props\":{\"image_position\":\"center-center\",\"padding\":\"large\",\"padding_remove_bottom\":false,\"padding_remove_top\":true,\"style\":\"default\",\"title_breakpoint\":\"xl\",\"title_position\":\"top-left\",\"title_rotation\":\"left\",\"vertical_align\":\"middle\",\"width\":\"small\"},\"children\":[{\"type\":\"row\",\"props\":{\"column_gap\":\"large\"},\"children\":[{\"type\":\"column\",\"props\":{\"image_position\":\"center-center\",\"position_sticky_breakpoint\":\"m\"},\"children\":[{\"type\":\"headline\",\"props\":{\"content\":\"Estamos\\npara ayudarte\",\"text_align\":\"center\",\"title_element\":\"h2\"}},{\"type\":\"grid\",\"props\":{\"content_column_breakpoint\":\"m\",\"filter_align\":\"left\",\"filter_all\":true,\"filter_grid_breakpoint\":\"m\",\"filter_grid_width\":\"auto\",\"filter_position\":\"top\",\"filter_style\":\"tab\",\"grid_column_gap\":\"small\",\"grid_default\":\"1\",\"grid_medium\":\"\",\"grid_row_gap\":\"small\",\"grid_small\":\"2\",\"icon_width\":80,\"image_align\":\"left\",\"image_grid_breakpoint\":\"\",\"image_grid_column_gap\":\"medium\",\"image_grid_width\":\"auto\",\"image_height\":\"48\",\"image_svg_color\":\"emphasis\",\"image_vertical_align\":true,\"image_width\":\"48\",\"item_animation\":true,\"link_style\":\"default\",\"link_text\":\"\",\"margin\":\"medium\",\"meta_align\":\"below-title\",\"meta_element\":\"div\",\"meta_style\":\"text-meta\",\"panel_link\":true,\"panel_padding\":\"small\",\"panel_style\":\"card-default\",\"parallax_easing\":\"1\",\"show_content\":true,\"show_image\":true,\"show_link\":true,\"show_meta\":true,\"show_title\":true,\"title_align\":\"top\",\"title_element\":\"h3\",\"title_grid_breakpoint\":\"m\",\"title_grid_width\":\"1-2\",\"title_hover_style\":\"reset\",\"title_style\":\"h4\"},\"children\":[{\"type\":\"grid_item\",\"props\":{\"content\":\"<a class=\\\"uk-link-text\\\" href=\\\"tel:+541177018282\\\">+ 54 11 7701-8282<\\\/a>\\n<br \/>\\n<a class=\\\"uk-link-text\\\" href=\\\"mailto:mesadeayuda@test.planexware.com\\\">mesadeayuda@test.planexware.com<\\\/a>\",\"image\":\"wp-content\\\/uploads\\\/2024\\\/04\\\/plx_011.svg\",\"title\":\"Mesa de ayuda 24x7\"}},{\"type\":\"grid_item\",\"props\":{\"content\":\"<a class=\\\"uk-link-text\\\" href=\\\"tel:+541177018277\\\">+ 54 11 7701 8277<\\\/a>\\n<br \/>\\n<a class=\\\"uk-link-text\\\" href=\\\"mailto:comercial@test.planexware.com\\\">comercial@test.planexware.com<\\\/a>\",\"image\":\"wp-content\\\/uploads\\\/2024\\\/04\\\/plx_012.svg\",\"title\":\"Comercial\"}},{\"type\":\"grid_item\",\"props\":{\"content\":\"<a class=\\\"uk-link-text\\\" href=\\\"tel:+541177018295\\\">+ 54 11 7701 8295<\\\/a>\\n<br \/>\\n<a class=\\\"uk-link-text\\\" href=\\\"mailto:implementaciones@test.planexware.com\\\">implementaciones@test.planexware.com<\\\/a>\",\"image\":\"wp-content\\\/uploads\\\/2024\\\/04\\\/plx_012.svg\",\"title\":\"Asistencia para implementaciones\"}},{\"type\":\"grid_item\",\"props\":{\"content\":\"<a class=\\\"uk-link-text\\\" href=\\\"tel:+541177018290\\\">+ 54 11 7701-8290<\\\/a>\\n<br \/>\\n<a class=\\\"uk-link-text\\\" href=\\\"mailto:cobranzas@test.planexware.com\\\">cobranzas@test.planexware.com<\\\/a>\",\"image\":\"wp-content\\\/uploads\\\/2024\\\/04\\\/plx_011.svg\",\"title\":\"Consultas administrativas\"}},{\"type\":\"grid_item\",\"props\":{\"content\":\"<a class=\\\"uk-link-text\\\" href=\\\"tel:+541177018200\\\">+ 54 11 7701-8200<\\\/a>\\n<br \/>\\n<a class=\\\"uk-link-text\\\" href=\\\"mailto:rrhh@test.planexware.com\\\">rrhh@test.planexware.com<\\\/a>\",\"image\":\"wp-content\\\/uploads\\\/2024\\\/04\\\/plx_011.svg\",\"title\":\"Recursos Humanos\"}},{\"type\":\"grid_item\",\"props\":{\"content\":\"<a class=\\\"uk-link-text\\\" href=\\\"tel:+541177018200\\\">+ 54 11 7701 8200<\\\/a>\\n<br \/>\\n<a class=\\\"uk-link-text\\\" href=\\\"mailto:marketing@test.planexware.com\\\">marketing@test.planexware.com<\\\/a>\",\"image\":\"wp-content\\\/uploads\\\/2024\\\/04\\\/plx_012.svg\",\"title\":\"Marketing\"}},{\"type\":\"grid_item\",\"props\":{\"content\":\"<a class=\\\"uk-link-text\\\" href=\\\"tel:+541177018200\\\">+ 54 11 7701 8200<\\\/a>\\n<br \/>\\n<a class=\\\"uk-link-text\\\" href=\\\"mailto:calidad@test.planexware.com\\\">calidad@test.planexware.com<\\\/a>\",\"image\":\"wp-content\\\/uploads\\\/2024\\\/04\\\/plx_012.svg\",\"title\":\"Calidad (Sugerencias y Reclamos)\"}},{\"type\":\"grid_item\",\"props\":{\"content\":\"<a class=\\\"uk-link-text\\\" href=\\\"tel:+541177018200\\\">+ 54 11 7701-8200<\\\/a>\\n<br \/>\\n<a class=\\\"uk-link-text\\\" href=\\\"mailto:denunciaseticas@test.planexware.com\\\">denunciaseticas@test.planexware.com<\\\/a>\",\"image\":\"wp-content\\\/uploads\\\/2024\\\/04\\\/plx_011.svg\",\"title\":\"Gesti\\u00f3n de Pol\\u00edtica \\u00c9tica\"}}]}]}]}],\"name\":\"07 V2\"}],\"version\":\"4.3.4\"} --><\/p>\n","protected":false},"excerpt":{"rendered":"<p>\u00bfTiene una duda? Contacto Complete el formulario y alguien de nuestro equipo se contactar\u00e1 a la brevedad. Nuestro equipo est\u00e1 para ayudarlo. Escriba su consulta y nos comunicaremos a la brevedad. Su consulta nos importa Todo nuestro equipo trabaja d\u00eda a d\u00eda para brindar el mejor servicio. Si tiene una consulta, no dude en comunicarse. [&hellip;]<\/p>\n","protected":false},"author":2,"featured_media":0,"parent":0,"menu_order":0,"comment_status":"closed","ping_status":"closed","template":"","meta":{"_acf_changed":false,"footnotes":""},"class_list":["post-2399","page","type-page","status-publish","hentry"],"acf":[],"_links":{"self":[{"href":"https:\/\/test.planexware.com\/es\/wp-json\/wp\/v2\/pages\/2399","targetHints":{"allow":["GET"]}}],"collection":[{"href":"https:\/\/test.planexware.com\/es\/wp-json\/wp\/v2\/pages"}],"about":[{"href":"https:\/\/test.planexware.com\/es\/wp-json\/wp\/v2\/types\/page"}],"author":[{"embeddable":true,"href":"https:\/\/test.planexware.com\/es\/wp-json\/wp\/v2\/users\/2"}],"replies":[{"embeddable":true,"href":"https:\/\/test.planexware.com\/es\/wp-json\/wp\/v2\/comments?post=2399"}],"version-history":[{"count":13,"href":"https:\/\/test.planexware.com\/es\/wp-json\/wp\/v2\/pages\/2399\/revisions"}],"predecessor-version":[{"id":52758,"href":"https:\/\/test.planexware.com\/es\/wp-json\/wp\/v2\/pages\/2399\/revisions\/52758"}],"wp:attachment":[{"href":"https:\/\/test.planexware.com\/es\/wp-json\/wp\/v2\/media?parent=2399"}],"curies":[{"name":"wp","href":"https:\/\/api.w.org\/{rel}","templated":true}]}}