{"id":2394,"date":"2024-04-30T06:45:26","date_gmt":"2024-04-30T09:45:26","guid":{"rendered":"http:\/\/c2222163.ferozo.com\/?page_id=2394"},"modified":"2024-06-18T14:46:49","modified_gmt":"2024-06-18T17:46:49","slug":"mesa-ayuda","status":"publish","type":"page","link":"https:\/\/test.planexware.com\/es\/mesa-ayuda\/","title":{"rendered":"Mesa de Ayuda"},"content":{"rendered":"<div>Atenci\u00f3n 24\u00d77<\/div>\n<h1>Mesa de Ayuda<\/h1>\n<div>\n<p>Soporte y Atenci\u00f3n al Cliente.<br \/>Estamos para ayudar.<\/p>\n<\/div>\n<div>\n<p>Nuestro equipo est\u00e1 para ayudarlo. Escriba su consulta y nos comunicaremos a la brevedad.<\/p>\n<\/div>\n<div>\n<p class=\"wpcf7-contact-form-not-found\"><strong>Error:<\/strong> Formulario de contacto no encontrado.<\/p><\/div>\n<div>\n<h3>Alta disponibilidad, atenci\u00f3n personalizada<\/h3>\n<div>La calidad de nuestros servicios tambi\u00e9n se explica por el foco que ponemos en la Mesa de Ayuda de Planexware. La atenci\u00f3n local 24&#215;7, con un servicio personalizado de alta disponibilidad, constituye un claro diferencial en el mercado<\/div>\n<\/div>\n<h2>Estamos para ayudar<\/h2>\n<ul>\n<li>\n<p>        <img decoding=\"async\" src=\"\/wp-content\/uploads\/2024\/04\/Group-7.jpg\" alt=\"\"><\/p>\n<h3>Mesa de Ayuda<\/h3>\n<p>Operadores <\/p>\n<div>Tel\u00e9fono AMBA:<a class=\"uk-link-text\" href=\"tel:+541177018282\">+ 54 11 7701-8282<\/a><br \/>\n<br \/>\n<a class=\"uk-link-text\" href=\"mailto:mesadeayuda@test.planexware.com\">mesadeayuda@test.planexware.com<\/a><\/div>\n<p><a href=\"\/index.php?page_id=7\"><span uk-icon=\"icon: arrow-right; ratio: 1.4\"><\/span><\/a><\/p>\n<\/li>\n<li>\n<p>        <img decoding=\"async\" src=\"\/wp-content\/uploads\/2024\/04\/Group-9.jpg\" alt=\"\"><\/p>\n<h3>Interior del Pa\u00eds<\/h3>\n<p>Atenci\u00f3n<\/p>\n<div><a class=\"uk-link-text\" href=\"tel:08104447599\">0810-444-plxw (7599)<\/a><br \/>\n<br \/>\n<a class=\"uk-link-text\" href=\"mailto:mesadeayuda@test.planexware.com\">mesadeayuda@test.planexware.com<\/a><\/div>\n<p><a href=\"\/index.php?page_id=7\"><span uk-icon=\"icon: arrow-right; ratio: 1.4\"><\/span><\/a><\/p>\n<\/li>\n<\/ul>\n<p><!--more--><br \/>\n<!-- {\"type\":\"layout\",\"children\":[{\"name\":\"Hero\",\"type\":\"section\",\"props\":{\"image_position\":\"center-center\",\"padding\":\"large\",\"padding_remove_bottom\":true,\"style\":\"default\",\"title_breakpoint\":\"xl\",\"title_position\":\"top-left\",\"title_rotation\":\"left\",\"vertical_align\":\"middle\",\"width\":\"\"},\"children\":[{\"type\":\"row\",\"children\":[{\"type\":\"column\",\"props\":{\"image_position\":\"center-center\",\"position_sticky_breakpoint\":\"m\"},\"children\":[{\"type\":\"headline\",\"props\":{\"content\":\"Atenci\\u00f3n 24\\u00d77\",\"text_align\":\"center\",\"title_color\":\"primary\",\"title_element\":\"div\",\"title_style\":\"h6\"}},{\"type\":\"headline\",\"props\":{\"content\":\"Mesa de Ayuda\",\"margin\":\"remove-vertical\",\"text_align\":\"center\",\"title_element\":\"h1\"}},{\"type\":\"text\",\"props\":{\"block_align\":\"center\",\"column_breakpoint\":\"m\",\"content\":\"\n\n<p>Soporte y Atenci\\u00f3n al Cliente.<br \\\/>Estamos para ayudar.<\\\/p>\",\"margin\":\"default\",\"margin_remove_bottom\":true,\"maxwidth\":\"xlarge\",\"text_align\":\"center\",\"text_style\":\"large\"}}]}],\"props\":{\"width\":\"default\"}}]},{\"type\":\"section\",\"props\":{\"image_position\":\"center-center\",\"padding\":\"large\",\"padding_remove_bottom\":false,\"padding_remove_top\":false,\"style\":\"default\",\"title_breakpoint\":\"xl\",\"title_position\":\"top-left\",\"title_rotation\":\"left\",\"vertical_align\":\"middle\",\"width\":\"expand\"},\"children\":[{\"type\":\"row\",\"props\":{\"column_gap\":\"large\",\"layout\":\"2-3,1-3\",\"margin\":\"xlarge\",\"margin_remove_bottom\":true,\"row_gap\":\"large\",\"width\":\"default\"},\"children\":[{\"type\":\"column\",\"props\":{\"image_position\":\"center-center\",\"position_sticky_breakpoint\":\"m\",\"width_medium\":\"2-3\"},\"children\":[{\"type\":\"text\",\"props\":{\"column_breakpoint\":\"m\",\"content\":\"\n\n<p>Nuestro equipo est\\u00e1 para ayudarlo. Escriba su consulta y nos comunicaremos a la brevedad.<\\\/p>\",\"margin\":\"default\"}},{\"type\":\"html\",\"props\":{\"content\":\"[contact-form-7 id=\\\"65d229c\\\" title=\\\"Formulario Contacto\\\"]\"}}]},{\"type\":\"column\",\"props\":{\"image_position\":\"center-center\",\"order_first\":\"m\",\"position_sticky\":\"column\",\"position_sticky_breakpoint\":\"\",\"position_sticky_offset\":\"110\",\"width_medium\":\"1-3\"},\"children\":[{\"type\":\"panel\",\"props\":{\"content\":\"La calidad de nuestros servicios tambi\\u00e9n se explica por el foco que ponemos en la Mesa de Ayuda de Planexware. La atenci\\u00f3n local 24x7, con un servicio personalizado de alta disponibilidad, constituye un claro diferencial en el mercado\",\"content_column_breakpoint\":\"m\",\"icon_width\":80,\"image_align\":\"top\",\"image_grid_breakpoint\":\"m\",\"image_grid_width\":\"1-2\",\"image_svg_color\":\"emphasis\",\"link_style\":\"default\",\"link_text\":\"Solicitar Demo\",\"margin\":\"default\",\"maxwidth\":\"medium\",\"maxwidth_breakpoint\":\"m\",\"meta_align\":\"below-title\",\"meta_element\":\"div\",\"meta_style\":\"text-meta\",\"position\":\"relative\",\"position_z_index\":\"1\",\"title\":\"Alta disponibilidad, atenci\\u00f3n personalizada\",\"title_align\":\"top\",\"title_element\":\"h3\",\"title_grid_breakpoint\":\"m\",\"title_grid_width\":\"1-2\",\"title_hover_style\":\"reset\"}},{\"type\":\"headline\",\"props\":{\"content\":\"Downloads\",\"margin\":\"large\",\"margin_remove_bottom\":true,\"position\":\"relative\",\"position_z_index\":\"1\",\"status\":\"disabled\",\"title_element\":\"h4\"}},{\"type\":\"list\",\"props\":{\"class\":\"uk-text-emphasis\",\"column_breakpoint\":\"m\",\"icon\":\"file-pdf\",\"icon_color\":\"primary\",\"image_align\":\"left\",\"image_svg_color\":\"emphasis\",\"image_vertical_align\":true,\"link_style\":\"reset\",\"list_element\":\"ul\",\"list_horizontal_separator\":\", \",\"list_type\":\"vertical\",\"position\":\"relative\",\"position_z_index\":\"1\",\"show_image\":true,\"show_link\":true,\"status\":\"disabled\"},\"children\":[{\"type\":\"list_item\",\"props\":{\"content\":\"Dental Implants Brochure\",\"icon\":\"\",\"link\":\"#\"}},{\"type\":\"list_item\",\"props\":{\"content\":\"Patient Information\",\"icon\":\"\",\"link\":\"#\"}},{\"type\":\"list_item\",\"props\":{\"content\":\"Insurance Information\",\"icon\":\"\",\"link\":\"#\"}}]}]}]},{\"type\":\"row\",\"props\":{\"margin\":\"remove-vertical\",\"status\":\"disabled\"},\"children\":[{\"type\":\"column\",\"props\":{\"image_position\":\"center-center\",\"position_sticky_breakpoint\":\"m\"},\"children\":[{\"type\":\"image\",\"props\":{\"image\":\"wp-content\\\/uploads\\\/yootheme\\\/services-dental-implants-shape.svg\",\"image_height\":\"415\",\"image_svg_color\":\"\",\"image_svg_inline\":false,\"image_width\":\"370\",\"margin\":\"default\",\"position\":\"absolute\",\"position_bottom\":\"-140\",\"visibility\":\"xl\"}}]}]}],\"name\":\"Procedure\"},{\"type\":\"section\",\"props\":{\"image_position\":\"center-center\",\"padding\":\"large\",\"padding_remove_top\":true,\"style\":\"default\",\"title_breakpoint\":\"xl\",\"title_position\":\"top-left\",\"title_rotation\":\"left\",\"vertical_align\":\"middle\",\"width\":\"large\"},\"children\":[{\"type\":\"row\",\"children\":[{\"type\":\"column\",\"props\":{\"image_position\":\"center-center\",\"position_sticky_breakpoint\":\"m\"},\"children\":[{\"type\":\"headline\",\"props\":{\"content\":\"Estamos para ayudar\",\"text_align\":\"center\",\"title_element\":\"h2\"}},{\"type\":\"grid\",\"props\":{\"content_column_breakpoint\":\"m\",\"filter_align\":\"left\",\"filter_all\":true,\"filter_grid_breakpoint\":\"m\",\"filter_grid_width\":\"auto\",\"filter_position\":\"top\",\"filter_style\":\"tab\",\"grid_default\":\"1\",\"grid_medium\":\"2\",\"icon_width\":80,\"image_align\":\"left\",\"image_grid_breakpoint\":\"\",\"image_grid_width\":\"2-5\",\"image_link\":false,\"image_svg_color\":\"emphasis\",\"image_vertical_align\":true,\"image_width\":\"610\",\"item_animation\":true,\"link_margin\":\"xlarge\",\"link_style\":\"default\",\"link_text\":\"<span uk-icon=\\\"icon: arrow-right; ratio: 1.4\\\"><\\\/span>\",\"margin\":\"medium\",\"meta_align\":\"below-title\",\"meta_color\":\"primary\",\"meta_element\":\"div\",\"meta_margin\":\"small\",\"meta_style\":\"h6\",\"panel_image_no_padding\":true,\"panel_link\":true,\"panel_padding\":\"default\",\"panel_style\":\"card-default\",\"parallax_easing\":\"1\",\"show_content\":true,\"show_image\":true,\"show_link\":false,\"show_meta\":true,\"show_title\":true,\"title_align\":\"top\",\"title_element\":\"h3\",\"title_grid_breakpoint\":\"m\",\"title_grid_width\":\"1-2\",\"title_hover_style\":\"reset\",\"title_link\":false},\"children\":[{\"type\":\"grid_item\",\"props\":{\"content\":\"Tel\\u00e9fono AMBA:<a class=\\\"uk-link-text\\\" href=\\\"tel:+541177018282\\\">+ 54 11 7701-8282<\\\/a>\\n<br \/>\\n<a class=\\\"uk-link-text\\\" href=\\\"mailto:mesadeayuda@test.planexware.com\\\">mesadeayuda@test.planexware.com<\\\/a>\",\"image\":\"wp-content\\\/uploads\\\/2024\\\/04\\\/Group-7.jpg\",\"link\":\"index.php?page_id=7\",\"meta\":\"Operadores \",\"title\":\"Mesa de Ayuda\"}},{\"type\":\"grid_item\",\"props\":{\"content\":\"<a class=\\\"uk-link-text\\\" href=\\\"tel:08104447599\\\">0810-444-plxw (7599)<\\\/a>\\n<br \/>\\n<a class=\\\"uk-link-text\\\" href=\\\"mailto:mesadeayuda@test.planexware.com\\\">mesadeayuda@test.planexware.com<\\\/a>\",\"image\":\"wp-content\\\/uploads\\\/2024\\\/04\\\/Group-9.jpg\",\"link\":\"index.php?page_id=7\",\"meta\":\"Atenci\\u00f3n\",\"title\":\"Interior del Pa\\u00eds\"}}],\"modified\":\"2021-07-27T08:22:49.412Z\"}]}]}],\"name\":\"05B\"}],\"version\":\"4.3.4\"} --><\/p>\n","protected":false},"excerpt":{"rendered":"<p>Atenci\u00f3n 24\u00d77 Mesa de Ayuda Soporte y Atenci\u00f3n al Cliente.Estamos para ayudar. Nuestro equipo est\u00e1 para ayudarlo. Escriba su consulta y nos comunicaremos a la brevedad. Alta disponibilidad, atenci\u00f3n personalizada La calidad de nuestros servicios tambi\u00e9n se explica por el foco que ponemos en la Mesa de Ayuda de Planexware. La atenci\u00f3n local 24&#215;7, con [&hellip;]<\/p>\n","protected":false},"author":2,"featured_media":0,"parent":0,"menu_order":0,"comment_status":"closed","ping_status":"closed","template":"","meta":{"_acf_changed":false,"footnotes":""},"class_list":["post-2394","page","type-page","status-publish","hentry"],"acf":[],"_links":{"self":[{"href":"https:\/\/test.planexware.com\/es\/wp-json\/wp\/v2\/pages\/2394","targetHints":{"allow":["GET"]}}],"collection":[{"href":"https:\/\/test.planexware.com\/es\/wp-json\/wp\/v2\/pages"}],"about":[{"href":"https:\/\/test.planexware.com\/es\/wp-json\/wp\/v2\/types\/page"}],"author":[{"embeddable":true,"href":"https:\/\/test.planexware.com\/es\/wp-json\/wp\/v2\/users\/2"}],"replies":[{"embeddable":true,"href":"https:\/\/test.planexware.com\/es\/wp-json\/wp\/v2\/comments?post=2394"}],"version-history":[{"count":10,"href":"https:\/\/test.planexware.com\/es\/wp-json\/wp\/v2\/pages\/2394\/revisions"}],"predecessor-version":[{"id":52760,"href":"https:\/\/test.planexware.com\/es\/wp-json\/wp\/v2\/pages\/2394\/revisions\/52760"}],"wp:attachment":[{"href":"https:\/\/test.planexware.com\/es\/wp-json\/wp\/v2\/media?parent=2394"}],"curies":[{"name":"wp","href":"https:\/\/api.w.org\/{rel}","templated":true}]}}