{"id":21,"date":"2020-01-23T09:49:53","date_gmt":"2020-01-23T09:49:53","guid":{"rendered":"http:\/\/c2222163.ferozo.com\/?p=21"},"modified":"2025-02-03T13:21:07","modified_gmt":"2025-02-03T16:21:07","slug":"ecommerce","status":"publish","type":"page","link":"https:\/\/test.planexware.com\/es\/ecommerce\/","title":{"rendered":"e-Commerce"},"content":{"rendered":"<div>Portal Clientes<\/div>\n<h1>e-Commerce<\/h1>\n<div>\n<p>Simpleza y agilidad para el reabastecimiento eficiente en la industria B2B.<\/p>\n<\/div>\n<h3>\u00bfQu\u00e9 es?<\/h3>\n<div>\n<p><span data-teams=\"true\">Nuestro e-Commerce es una plataforma B2B que permite optimizar el circuito de reabastecimiento a tus clientes (franquiciados, distribuidores o indirectos).<\/span><\/p>\n<\/div>\n<h3>Ventajas<\/h3>\n<ul>\n<li>\n<div>Permite asignar listas de productos, precios y bonificaciones por clientes, canales y sucursales.\n<\/div>\n<\/li>\n<li>\n<div>Permite mostrar promociones a clientes y\/o productos espec\u00edficos.\n<\/div>\n<\/li>\n<li>\n<div>La disponibilidad de los art\u00edculos ofrecidos al cliente se encuentra bajo tu control y gesti\u00f3n. No se requiere la alineaci\u00f3n de una lista de productos y precios\n<\/div>\n<\/li>\n<li>\n<div>Control de productos, precios, pedidos m\u00ednimos, etc.\n<\/div>\n<\/li>\n<li>\n<div>Posibilidad que el pedido sea cargado tanto por su vendedor para toda su cartera de clientes, como el mismo cliente comprador sin intermediarios.\n<\/div>\n<\/li>\n<\/ul>\n<h3>Caracter\u00edsticas<\/h3>\n<ul>\n<li>\n<div>Diferenciaci\u00f3n de unidades de venta y de unidades de precios.\n<\/div>\n<\/li>\n<li>\n<div>Permite asignar pedidos m\u00ednimos que pueden ser por precios, unidades, kilos o vol\u00famenes por pedido.\n<\/div>\n<\/li>\n<li>\n<div>Carga de pedidos nuevos o desde: Un pedido anterior, una plantilla o un pedido guardado como borrador.\n<\/div>\n<\/li>\n<li>\n<div>B\u00fasqueda de art\u00edculos por categor\u00edas, descripci\u00f3n y c\u00f3digos.\n<\/div>\n<\/li>\n<li>\n<div>Muestra de \u201cOfertas\u201d, \u201cLanzamientos\u201d, etc.\n<\/div>\n<\/li>\n<li>\n<div>Opci\u00f3n de \u201cVersi\u00f3n simplificada\u201d con lista de precios \u00fanica, no requiere intervenci\u00f3n de tu \u00e1rea de IT.\n<\/div>\n<\/li>\n<\/ul>\n<div>\n<h3>e-Commerce<\/h3>\n<div>\n<p>\u00bfSu empresa cuenta con una soluci\u00f3n eficiente para recibir todos los pedidos de sus clientes, franquicias y distribuidores?<\/p>\n<\/div>\n<p><a href=\"#footer\">Solicitar Demo<\/a><\/p>\n<\/div>\n<h2>Otros Productos<\/h2>\n<ul>\n<li>\n<p>        <img decoding=\"async\" src=\"\/wp-content\/uploads\/2024\/04\/Group-7.jpg\" alt=\"\"><\/p>\n<h3>Portal Proveedores<\/h3>\n<p>Procesos Procurement to Pay<\/p>\n<p><a href=\"\/portal-proveedores\/\"><span uk-icon=\"icon: arrow-right; ratio: 1.4\"><\/span><\/a><\/p>\n<\/li>\n<li>\n<p>        <img decoding=\"async\" src=\"\/wp-content\/uploads\/2024\/04\/Group-6.jpg\" alt=\"\"><\/p>\n<h3>Portal Retail<\/h3>\n<p>Para Cadenas y Proveedores  <\/p>\n<p><a href=\"\/portal-retail\/\"><span uk-icon=\"icon: arrow-right; ratio: 1.4\"><\/span><\/a><\/p>\n<\/li>\n<\/ul>\n<p><!--more--><br \/>\n<!-- {\"type\":\"layout\",\"children\":[{\"name\":\"Hero\",\"type\":\"section\",\"props\":{\"image_position\":\"center-center\",\"padding\":\"large\",\"padding_remove_bottom\":true,\"style\":\"default\",\"title_breakpoint\":\"xl\",\"title_position\":\"top-left\",\"title_rotation\":\"left\",\"vertical_align\":\"middle\",\"width\":\"\"},\"children\":[{\"type\":\"row\",\"children\":[{\"type\":\"column\",\"props\":{\"image_position\":\"center-center\",\"position_sticky_breakpoint\":\"m\"},\"children\":[{\"type\":\"headline\",\"props\":{\"content\":\"Portal Clientes\",\"text_align\":\"center\",\"title_color\":\"primary\",\"title_element\":\"div\",\"title_style\":\"h6\"}},{\"type\":\"headline\",\"props\":{\"content\":\"e-Commerce\",\"margin\":\"remove-vertical\",\"text_align\":\"center\",\"title_element\":\"h1\"}},{\"type\":\"text\",\"props\":{\"block_align\":\"center\",\"column_breakpoint\":\"m\",\"content\":\"\n\n<p>Simpleza y agilidad para el reabastecimiento eficiente en la industria B2B.<\\\/p>\",\"margin\":\"default\",\"margin_remove_bottom\":true,\"maxwidth\":\"xlarge\",\"text_align\":\"center\",\"text_style\":\"large\"}}]}],\"props\":{\"width\":\"default\"}}]},{\"type\":\"section\",\"props\":{\"image_position\":\"center-center\",\"padding\":\"large\",\"padding_remove_bottom\":false,\"padding_remove_top\":false,\"style\":\"default\",\"title_breakpoint\":\"xl\",\"title_position\":\"top-left\",\"title_rotation\":\"left\",\"vertical_align\":\"middle\",\"width\":\"expand\"},\"children\":[{\"type\":\"row\",\"props\":{\"column_gap\":\"large\",\"layout\":\"2-3,1-3\",\"margin\":\"xlarge\",\"margin_remove_bottom\":true,\"row_gap\":\"large\",\"width\":\"default\"},\"children\":[{\"type\":\"column\",\"props\":{\"image_position\":\"center-center\",\"position_sticky_breakpoint\":\"m\",\"width_medium\":\"2-3\"},\"children\":[{\"type\":\"headline\",\"props\":{\"content\":\"\\u00bfQu\\u00e9 es?\",\"position\":\"relative\",\"position_z_index\":\"1\",\"title_element\":\"h3\"}},{\"type\":\"text\",\"props\":{\"column_breakpoint\":\"m\",\"content\":\"\n\n<p><span data-teams=\\\"true\\\">Nuestro e-Commerce es una plataforma B2B que permite optimizar el circuito de reabastecimiento a tus clientes (franquiciados, distribuidores o indirectos).<\\\/span><\\\/p>\",\"margin\":\"default\",\"position\":\"relative\",\"position_z_index\":\"1\"}},{\"type\":\"headline\",\"props\":{\"content\":\"Ventajas\",\"margin\":\"large\",\"margin_remove_bottom\":true,\"position\":\"relative\",\"position_z_index\":\"1\",\"title_element\":\"h3\"}},{\"type\":\"list\",\"props\":{\"column_breakpoint\":\"m\",\"image_align\":\"left\",\"image_svg_color\":\"emphasis\",\"image_vertical_align\":true,\"list_element\":\"ul\",\"list_horizontal_separator\":\", \",\"list_marker\":\"disc\",\"list_marker_color\":\"primary\",\"list_type\":\"vertical\",\"position\":\"relative\",\"position_z_index\":\"1\",\"show_image\":true,\"show_link\":true},\"children\":[{\"type\":\"list_item\",\"props\":{\"content\":\"Permite asignar listas de productos, precios y bonificaciones por clientes, canales y sucursales.\\n\"}},{\"type\":\"list_item\",\"props\":{\"content\":\"Permite mostrar promociones a clientes y\\\/o productos espec\\u00edficos.\\n\"}},{\"type\":\"list_item\",\"props\":{\"content\":\"La disponibilidad de los art\\u00edculos ofrecidos al cliente se encuentra bajo tu control y gesti\\u00f3n. No se requiere la alineaci\\u00f3n de una lista de productos y precios\\n\"}},{\"type\":\"list_item\",\"props\":{\"content\":\"Control de productos, precios, pedidos m\\u00ednimos, etc.\\n\"}},{\"type\":\"list_item\",\"props\":{\"content\":\"Posibilidad que el pedido sea cargado tanto por su vendedor para toda su cartera de clientes, como el mismo cliente comprador sin intermediarios.\\n\"}}]},{\"type\":\"image\",\"props\":{\"image\":\"wp-content\\\/uploads\\\/2024\\\/02\\\/pla_002.jpg\",\"image_svg_color\":\"emphasis\",\"image_width\":\"900\",\"margin\":\"default\",\"position\":\"relative\",\"position_z_index\":\"1\",\"status\":\"disabled\"}},{\"type\":\"text\",\"props\":{\"column_breakpoint\":\"m\",\"content\":\"Lorem ipsum dolor sit amet, consectetur adipiscing elit, sed do eiusmod tempor incididunt ut labore et dolore magna aliqua. Ut enim ad minim veniam, quis nostrud exercitation ullamco laboris nisi ut aliquip ex ea commodo consequat. Duis aute irure dolor in reprehenderit in voluptate velit esse cillum dolore eu fugiat nulla pariatur. Excepteur sint occaecat cupidatat non proident, sunt in culpa qui officia deserunt mollit anim id est laborum.\",\"margin\":\"medium\",\"position\":\"relative\",\"position_z_index\":\"1\",\"status\":\"disabled\"}},{\"type\":\"accordion\",\"props\":{\"collapsible\":true,\"content_column_breakpoint\":\"m\",\"image_align\":\"right\",\"image_grid_breakpoint\":\"s\",\"image_grid_width\":\"1-2\",\"image_svg_color\":\"emphasis\",\"image_width\":\"610\",\"link_style\":\"default\",\"link_text\":\"Read more\",\"position\":\"relative\",\"position_z_index\":\"1\",\"show_image\":true,\"show_link\":true,\"status\":\"disabled\"},\"children\":[{\"type\":\"accordion_item\",\"props\":{\"content\":\"Duis aute irure dolor in reprehenderit in voluptate velit esse cillum dolore eu fugiat nulla pariatur. Excepteur sint occaecat cupidatat non proident, sunt in culpa qui officia deserunt mollit anim id est laborum.\",\"title\":\"Bone Preparation\"}},{\"type\":\"accordion_item\",\"props\":{\"content\":\"\n\n<p>Lorem ipsum dolor sit amet, consectetur adipiscing elit, sed do eiusmod tempor incididunt ut labore et dolore magna aliqua. Ut enim ad minim veniam, quis nostrud exercitation ullamco laboris nisi ut aliquip ex ea commodo consequat. Duis aute irure dolor in reprehenderit in voluptate velit esse.<\\\/p>\\n\\n\n\n<div class=\\\"uk-grid-medium uk-child-width-1-2@s\\\" uk-grid>\\n\\t\n\n<div><img width=\\\"610\\\" height=\\\"390\\\" alt=\\\"\\\" src=\\\"wp-content\\\/uploads\\\/yootheme\\\/services-dental-implants-procedure-01.jpg\\\" loading=\\\"lazy\\\"><\\\/div>\\n    \n\n<div><img width=\\\"610\\\" height=\\\"390\\\" alt=\\\"\\\" src=\\\"wp-content\\\/uploads\\\/yootheme\\\/services-dental-implants-procedure-02.jpg\\\" loading=\\\"lazy\\\"><\\\/div>\\n<\\\/div>\",\"title\":\"Placing the Dental Implant\"}},{\"type\":\"accordion_item\",\"props\":{\"content\":\"Duis aute irure dolor in reprehenderit in voluptate velit esse cillum dolore eu fugiat nulla pariatur.\",\"title\":\"Healing Period\"}},{\"type\":\"accordion_item\",\"props\":{\"content\":\"Duis aute irure dolor in reprehenderit in voluptate velit esse cillum dolore eu fugiat nulla pariatur. Excepteur sint occaecat cupidatat non proident, sunt in culpa qui officia deserunt mollit anim id est laborum.\",\"title\":\"Placing the Abutment\"}},{\"type\":\"accordion_item\",\"props\":{\"content\":\"\n\n<p>Ut enim ad minim veniam, quis nostrud exercitation ullamco laboris nisi ut aliquip ex ea commodo consequat. Duis aute irure dolor in reprehenderit in voluptate velit esse.<\\\/p>\\n\n\n<p>Excepteur sint occaecat cupidatat non proident, sunt in culpa qui officia deserunt mollit anim id est laborum. Lorem ipsum dolor sit amet.<\\\/p>\",\"image\":\"wp-content\\\/uploads\\\/yootheme\\\/services-dental-implants-procedure-03.jpg\",\"title\":\"Placing the Crown\"}}]},{\"type\":\"headline\",\"props\":{\"content\":\"Caracter\\u00edsticas\",\"margin\":\"large\",\"margin_remove_bottom\":true,\"position\":\"relative\",\"position_z_index\":\"1\",\"title_element\":\"h3\"}},{\"type\":\"list\",\"props\":{\"column_breakpoint\":\"m\",\"image_align\":\"left\",\"image_svg_color\":\"emphasis\",\"image_vertical_align\":true,\"list_element\":\"ul\",\"list_horizontal_separator\":\", \",\"list_marker\":\"disc\",\"list_marker_color\":\"primary\",\"list_type\":\"vertical\",\"position\":\"relative\",\"position_z_index\":\"1\",\"show_image\":true,\"show_link\":true},\"children\":[{\"type\":\"list_item\",\"props\":{\"content\":\"Diferenciaci\\u00f3n de unidades de venta y de unidades de precios.\\n\"}},{\"type\":\"list_item\",\"props\":{\"content\":\"Permite asignar pedidos m\\u00ednimos que pueden ser por precios, unidades, kilos o vol\\u00famenes por pedido.\\n\"}},{\"type\":\"list_item\",\"props\":{\"content\":\"Carga de pedidos nuevos o desde: Un pedido anterior, una plantilla o un pedido guardado como borrador.\\n\"}},{\"type\":\"list_item\",\"props\":{\"content\":\"B\\u00fasqueda de art\\u00edculos por categor\\u00edas, descripci\\u00f3n y c\\u00f3digos.\\n\"}},{\"type\":\"list_item\",\"props\":{\"content\":\"Muestra de \\u201cOfertas\\u201d, \\u201cLanzamientos\\u201d, etc.\\n\"}},{\"type\":\"list_item\",\"props\":{\"content\":\"Opci\\u00f3n de \\u201cVersi\\u00f3n simplificada\\u201d con lista de precios \\u00fanica, no requiere intervenci\\u00f3n de tu \\u00e1rea de IT.\\n\"}}]},{\"type\":\"text\",\"props\":{\"column_breakpoint\":\"m\",\"content\":\"Duis aute irure dolor in reprehenderit in voluptate velit esse cillum dolore eu fugiat nulla pariatur. Excepteur sint occaecat cupidatat non proident, sunt in culpa qui officia deserunt mollit anim id est laborum. Lorem ipsum dolor sit amet, consectetur adipiscing elit, sed do eiusmod tempor incididunt ut labore et dolore magna aliqua. Ut enim ad minim veniam, quis nostrud exercitation ullamco laboris nisi ut aliquip ex ea commodo consequat. \",\"margin\":\"default\",\"position\":\"relative\",\"position_z_index\":\"1\",\"status\":\"disabled\"}},{\"type\":\"headline\",\"props\":{\"content\":\"Contraindication and Risks\",\"margin\":\"large\",\"margin_remove_bottom\":true,\"position\":\"relative\",\"position_z_index\":\"1\",\"status\":\"disabled\",\"title_element\":\"h3\"}},{\"type\":\"text\",\"props\":{\"column_breakpoint\":\"m\",\"content\":\"Lorem ipsum dolor sit amet, consectetur adipiscing elit, sed do eiusmod tempor incididunt ut labore et dolore magna aliqua. Ut enim ad minim veniam, quis nostrud exercitation ullamco laboris nisi ut.\\n\",\"margin\":\"default\",\"position\":\"relative\",\"position_z_index\":\"1\",\"status\":\"disabled\"}}]},{\"type\":\"column\",\"props\":{\"image_position\":\"center-center\",\"order_first\":\"m\",\"position_sticky\":\"column\",\"position_sticky_breakpoint\":\"\",\"position_sticky_offset\":\"110\",\"width_medium\":\"1-3\"},\"children\":[{\"type\":\"panel\",\"props\":{\"content\":\"\n\n<p>\\u00bfSu empresa cuenta con una soluci\\u00f3n eficiente para recibir todos los pedidos de sus clientes, franquicias y distribuidores?<\\\/p>\",\"content_column_breakpoint\":\"m\",\"icon_width\":80,\"image_align\":\"top\",\"image_grid_breakpoint\":\"m\",\"image_grid_width\":\"1-2\",\"image_svg_color\":\"emphasis\",\"link\":\"#footer\",\"link_style\":\"default\",\"link_text\":\"Solicitar Demo\",\"margin\":\"default\",\"maxwidth\":\"medium\",\"maxwidth_breakpoint\":\"m\",\"meta_align\":\"below-title\",\"meta_element\":\"div\",\"meta_style\":\"text-meta\",\"position\":\"relative\",\"position_z_index\":\"1\",\"title\":\"e-Commerce\",\"title_align\":\"top\",\"title_element\":\"h3\",\"title_grid_breakpoint\":\"m\",\"title_grid_width\":\"1-2\",\"title_hover_style\":\"reset\"}},{\"type\":\"headline\",\"props\":{\"content\":\"Downloads\",\"margin\":\"large\",\"margin_remove_bottom\":true,\"position\":\"relative\",\"position_z_index\":\"1\",\"status\":\"disabled\",\"title_element\":\"h4\"}},{\"type\":\"list\",\"props\":{\"class\":\"uk-text-emphasis\",\"column_breakpoint\":\"m\",\"icon\":\"file-pdf\",\"icon_color\":\"primary\",\"image_align\":\"left\",\"image_svg_color\":\"emphasis\",\"image_vertical_align\":true,\"link_style\":\"reset\",\"list_element\":\"ul\",\"list_horizontal_separator\":\", \",\"list_type\":\"vertical\",\"position\":\"relative\",\"position_z_index\":\"1\",\"show_image\":true,\"show_link\":true,\"status\":\"disabled\"},\"children\":[{\"type\":\"list_item\",\"props\":{\"content\":\"Dental Implants Brochure\",\"icon\":\"\",\"link\":\"#\"}},{\"type\":\"list_item\",\"props\":{\"content\":\"Patient Information\",\"icon\":\"\",\"link\":\"#\"}},{\"type\":\"list_item\",\"props\":{\"content\":\"Insurance Information\",\"icon\":\"\",\"link\":\"#\"}}]}]}]},{\"type\":\"row\",\"props\":{\"margin\":\"remove-vertical\",\"status\":\"disabled\"},\"children\":[{\"type\":\"column\",\"props\":{\"image_position\":\"center-center\",\"position_sticky_breakpoint\":\"m\"},\"children\":[{\"type\":\"image\",\"props\":{\"image\":\"wp-content\\\/uploads\\\/yootheme\\\/services-dental-implants-shape.svg\",\"image_height\":\"415\",\"image_svg_color\":\"\",\"image_svg_inline\":false,\"image_width\":\"370\",\"margin\":\"default\",\"position\":\"absolute\",\"position_bottom\":\"-140\",\"visibility\":\"xl\"}}]}]}],\"name\":\"Procedure\"},{\"type\":\"section\",\"props\":{\"image_position\":\"center-center\",\"padding\":\"large\",\"padding_remove_top\":true,\"style\":\"default\",\"title_breakpoint\":\"xl\",\"title_position\":\"top-left\",\"title_rotation\":\"left\",\"vertical_align\":\"middle\",\"width\":\"large\"},\"children\":[{\"type\":\"row\",\"children\":[{\"type\":\"column\",\"props\":{\"image_position\":\"center-center\",\"position_sticky_breakpoint\":\"m\"},\"children\":[{\"type\":\"headline\",\"props\":{\"content\":\"Otros Productos\",\"text_align\":\"center\",\"title_element\":\"h2\"}},{\"type\":\"grid\",\"props\":{\"content_column_breakpoint\":\"m\",\"filter_align\":\"left\",\"filter_all\":true,\"filter_grid_breakpoint\":\"m\",\"filter_grid_width\":\"auto\",\"filter_position\":\"top\",\"filter_style\":\"tab\",\"grid_default\":\"1\",\"grid_medium\":\"2\",\"icon_width\":80,\"image_align\":\"left\",\"image_grid_breakpoint\":\"\",\"image_grid_width\":\"2-5\",\"image_link\":false,\"image_svg_color\":\"emphasis\",\"image_vertical_align\":true,\"image_width\":\"610\",\"item_animation\":true,\"link_margin\":\"xlarge\",\"link_style\":\"default\",\"link_text\":\"<span uk-icon=\\\"icon: arrow-right; ratio: 1.4\\\"><\\\/span>\",\"margin\":\"medium\",\"meta_align\":\"below-title\",\"meta_color\":\"primary\",\"meta_element\":\"div\",\"meta_margin\":\"small\",\"meta_style\":\"h6\",\"panel_image_no_padding\":true,\"panel_link\":true,\"panel_padding\":\"default\",\"panel_style\":\"card-default\",\"parallax_easing\":\"1\",\"show_content\":true,\"show_image\":true,\"show_link\":true,\"show_meta\":true,\"show_title\":true,\"title_align\":\"top\",\"title_element\":\"h3\",\"title_grid_breakpoint\":\"m\",\"title_grid_width\":\"1-2\",\"title_hover_style\":\"reset\",\"title_link\":false},\"children\":[{\"type\":\"grid_item\",\"props\":{\"image\":\"wp-content\\\/uploads\\\/2024\\\/04\\\/Group-7.jpg\",\"link\":\"portal-proveedores\\\/\",\"meta\":\"Procesos Procurement to Pay\",\"title\":\"Portal Proveedores\"}},{\"type\":\"grid_item\",\"props\":{\"image\":\"wp-content\\\/uploads\\\/2024\\\/04\\\/Group-6.jpg\",\"link\":\"portal-retail\\\/\",\"meta\":\"Para Cadenas y Proveedores  \",\"title\":\"Portal Retail\"}}],\"modified\":\"2021-07-27T08:22:49.412Z\"}]}]}],\"name\":\"05B\"}],\"version\":\"4.3.4\"} --><\/p>\n","protected":false},"excerpt":{"rendered":"<p>Portal Clientes e-Commerce Simpleza y agilidad para el reabastecimiento eficiente en la industria B2B. \u00bfQu\u00e9 es? Nuestro e-Commerce es una plataforma B2B que permite optimizar el circuito de reabastecimiento a tus clientes (franquiciados, distribuidores o indirectos). Ventajas Permite asignar listas de productos, precios y bonificaciones por clientes, canales y sucursales. Permite mostrar promociones a clientes [&hellip;]<\/p>\n","protected":false},"author":1,"featured_media":0,"parent":0,"menu_order":2,"comment_status":"open","ping_status":"open","template":"","meta":{"_acf_changed":false,"footnotes":""},"class_list":["post-21","page","type-page","status-publish","hentry"],"acf":[],"_links":{"self":[{"href":"https:\/\/test.planexware.com\/es\/wp-json\/wp\/v2\/pages\/21","targetHints":{"allow":["GET"]}}],"collection":[{"href":"https:\/\/test.planexware.com\/es\/wp-json\/wp\/v2\/pages"}],"about":[{"href":"https:\/\/test.planexware.com\/es\/wp-json\/wp\/v2\/types\/page"}],"author":[{"embeddable":true,"href":"https:\/\/test.planexware.com\/es\/wp-json\/wp\/v2\/users\/1"}],"replies":[{"embeddable":true,"href":"https:\/\/test.planexware.com\/es\/wp-json\/wp\/v2\/comments?post=21"}],"version-history":[{"count":50,"href":"https:\/\/test.planexware.com\/es\/wp-json\/wp\/v2\/pages\/21\/revisions"}],"predecessor-version":[{"id":58335,"href":"https:\/\/test.planexware.com\/es\/wp-json\/wp\/v2\/pages\/21\/revisions\/58335"}],"wp:attachment":[{"href":"https:\/\/test.planexware.com\/es\/wp-json\/wp\/v2\/media?parent=21"}],"curies":[{"name":"wp","href":"https:\/\/api.w.org\/{rel}","templated":true}]}}