{"id":1409,"date":"2024-03-21T09:42:37","date_gmt":"2024-03-21T12:42:37","guid":{"rendered":"http:\/\/c2222163.ferozo.com\/?page_id=1409"},"modified":"2024-05-29T14:56:49","modified_gmt":"2024-05-29T17:56:49","slug":"soluciones-terminales","status":"publish","type":"page","link":"https:\/\/test.planexware.com\/es\/soluciones-terminales\/","title":{"rendered":"Soluciones para Terminales Automotrices"},"content":{"rendered":"<div>Portal Automotriz<\/div>\n<h1>Soluciones para Terminales Automotrices<\/h1>\n<div>Optimiza la planificaci\u00f3n de producci\u00f3n, la gesti\u00f3n de inventario y la programaci\u00f3n de entregas. <\/div>\n<h3>Nuestra Soluci\u00f3n<\/h3>\n<div>\n<p>Nuestra soluci\u00f3n especializada en Terminales Automotrices te permite gestionar eficientemente tu cadena de suministro. Nos destacamos en el env\u00edo de planificaciones de entregas (DELFOR) y planificaciones Just in Time (DELJIT). Actualmente, nuestro portal es utilizado por:<\/p>\n<\/div>\n<ul>\n<li>\n<div>\n<p>Stellantis<\/p>\n<\/div>\n<\/li>\n<li>\n<div>\n<p>Nissan<\/p>\n<\/div>\n<\/li>\n<li>\n<div>\n<p>Renault<\/p>\n<\/div>\n<\/li>\n<li>\n<div>\n<p>Volkswagen<\/p>\n<\/div>\n<\/li>\n<li>\n<div>\n<p>Mercedes Benz Autos<\/p>\n<\/div>\n<\/li>\n<li>\n<div>\n<p>Mercedes Benz Buses y Camiones<\/p>\n<\/div>\n<\/li>\n<li>\n<div>\n<p>General Motors<\/p>\n<\/div>\n<\/li>\n<\/ul>\n<div>\n<p>Nos adaptamos a los formatos y canales de comunicaci\u00f3n de cada terminal para facilitar la entrega de documentos a los proveedores autopartistas de la manera m\u00e1s sencilla posible. Contamos con integraci\u00f3n a los sistemas de los proveedores y tambi\u00e9n con web-EDI.<\/p>\n<p>Estamos homologados internacionalmente por GALIA (Grupo de Log\u00edstica de la Industria Automotriz) en Francia, y nos ajustamos a las reglas de negocio de todas las automotrices.<\/p>\n<p>Adem\u00e1s, permite a los proveedores anticipar las entregas mediante el env\u00edo del DESADV (ASN). Con estos documentos, las terminales pueden adelantar en tiempo real qu\u00e9 piezas est\u00e1n en tr\u00e1nsito desde cada proveedor, lo que agiliza los tiempos en las oficinas de recepci\u00f3n de materiales.<\/p>\n<p>Optimiza la planificaci\u00f3n de producci\u00f3n, la gesti\u00f3n de inventario y la programaci\u00f3n de entregas. Mejora la visibilidad de tu cadena de suministro y potencia la colaboraci\u00f3n con tus proveedores. Descubre c\u00f3mo Planexware puede transformar la log\u00edstica de tu empresa automotriz hoy mismo.<\/p>\n<\/div>\n<div>\n<h3>Portal Automotriz &#8211; Terminales<\/h3>\n<div>\u00bfTodav\u00eda tu empresa no optimiz\u00f3 su circuito log\u00edstico con proveedores autopartistas?\n<\/div>\n<p><a href=\"#footer\">Solicitar Demo<\/a><\/p>\n<\/div>\n<h2>Otros Productos<\/h2>\n<ul>\n<li>\n<p>        <img decoding=\"async\" src=\"\/wp-content\/uploads\/2024\/04\/Group-7.jpg\" alt=\"\"><\/p>\n<h3>Portal Proveedores<\/h3>\n<p>Procesos Procurement to Pay<\/p>\n<p><a href=\"\/portal-proveedores\/\"><span uk-icon=\"icon: arrow-right; ratio: 1.4\"><\/span><\/a><\/p>\n<\/li>\n<li>\n<p>        <img decoding=\"async\" src=\"\/wp-content\/uploads\/2024\/04\/Group-6.jpg\" alt=\"\"><\/p>\n<h3>Portal Clientes<\/h3>\n<p>Procesos Order to Cash<\/p>\n<p><a href=\"\/portal-clientes\/\"><span uk-icon=\"icon: arrow-right; ratio: 1.4\"><\/span><\/a><\/p>\n<\/li>\n<\/ul>\n<p><!--more--><br \/>\n<!-- {\"type\":\"layout\",\"children\":[{\"name\":\"Hero\",\"type\":\"section\",\"props\":{\"image_position\":\"center-center\",\"padding\":\"large\",\"padding_remove_bottom\":true,\"style\":\"default\",\"title_breakpoint\":\"xl\",\"title_position\":\"top-left\",\"title_rotation\":\"left\",\"vertical_align\":\"middle\",\"width\":\"\"},\"children\":[{\"type\":\"row\",\"children\":[{\"type\":\"column\",\"props\":{\"image_position\":\"center-center\",\"position_sticky_breakpoint\":\"m\"},\"children\":[{\"type\":\"headline\",\"props\":{\"content\":\"Portal Automotriz\",\"text_align\":\"center\",\"title_color\":\"primary\",\"title_element\":\"div\",\"title_style\":\"h6\"}},{\"type\":\"headline\",\"props\":{\"content\":\"Soluciones para Terminales Automotrices\",\"margin\":\"remove-vertical\",\"text_align\":\"center\",\"title_element\":\"h1\"}},{\"type\":\"text\",\"props\":{\"block_align\":\"center\",\"column_breakpoint\":\"m\",\"content\":\"Optimiza la planificaci\\u00f3n de producci\\u00f3n, la gesti\\u00f3n de inventario y la programaci\\u00f3n de entregas. \",\"margin\":\"default\",\"margin_remove_bottom\":true,\"maxwidth\":\"xlarge\",\"text_align\":\"center\",\"text_style\":\"large\"}}]}],\"props\":{\"width\":\"default\"}}]},{\"type\":\"section\",\"props\":{\"image_position\":\"center-center\",\"padding\":\"large\",\"padding_remove_bottom\":false,\"padding_remove_top\":false,\"style\":\"default\",\"title_breakpoint\":\"xl\",\"title_position\":\"top-left\",\"title_rotation\":\"left\",\"vertical_align\":\"middle\",\"width\":\"expand\"},\"children\":[{\"type\":\"row\",\"props\":{\"column_gap\":\"large\",\"layout\":\"2-3,1-3\",\"margin\":\"xlarge\",\"margin_remove_bottom\":true,\"row_gap\":\"large\",\"width\":\"default\"},\"children\":[{\"type\":\"column\",\"props\":{\"image_position\":\"center-center\",\"position_sticky_breakpoint\":\"m\",\"width_medium\":\"2-3\"},\"children\":[{\"type\":\"headline\",\"props\":{\"content\":\"Nuestra Soluci\\u00f3n\",\"margin\":\"large\",\"margin_remove_bottom\":true,\"position\":\"relative\",\"position_z_index\":\"1\",\"title_element\":\"h3\"}},{\"type\":\"text\",\"props\":{\"column_breakpoint\":\"m\",\"content\":\"\n\n<p>Nuestra soluci\\u00f3n especializada en Terminales Automotrices te permite gestionar eficientemente tu cadena de suministro. Nos destacamos en el env\\u00edo de planificaciones de entregas (DELFOR) y planificaciones Just in Time (DELJIT). Actualmente, nuestro portal es utilizado por:<\\\/p>\",\"margin\":\"default\",\"position\":\"relative\",\"position_z_index\":\"1\"}},{\"type\":\"list\",\"props\":{\"column_breakpoint\":\"m\",\"image_align\":\"left\",\"image_svg_color\":\"emphasis\",\"image_vertical_align\":true,\"list_element\":\"ul\",\"list_horizontal_separator\":\", \",\"list_marker\":\"disc\",\"list_marker_color\":\"primary\",\"list_type\":\"vertical\",\"position\":\"relative\",\"position_z_index\":\"1\",\"show_image\":true,\"show_link\":true},\"children\":[{\"type\":\"list_item\",\"props\":{\"content\":\"\n\n<p>Stellantis<\\\/p>\"}},{\"type\":\"list_item\",\"props\":{\"content\":\"\n\n<p>Nissan<\\\/p>\"}},{\"type\":\"list_item\",\"props\":{\"content\":\"\n\n<p>Renault<\\\/p>\"}},{\"type\":\"list_item\",\"props\":{\"content\":\"\n\n<p>Volkswagen<\\\/p>\"}},{\"type\":\"list_item\",\"props\":{\"content\":\"\n\n<p>Mercedes Benz Autos<\\\/p>\"}},{\"type\":\"list_item\",\"props\":{\"content\":\"\n\n<p>Mercedes Benz Buses y Camiones<\\\/p>\"}},{\"type\":\"list_item\",\"props\":{\"content\":\"\n\n<p>General Motors<\\\/p>\"}}]},{\"type\":\"text\",\"props\":{\"column_breakpoint\":\"m\",\"content\":\"\n\n<p>Nos adaptamos a los formatos y canales de comunicaci\\u00f3n de cada terminal para facilitar la entrega de documentos a los proveedores autopartistas de la manera m\\u00e1s sencilla posible. Contamos con integraci\\u00f3n a los sistemas de los proveedores y tambi\\u00e9n con web-EDI.<\\\/p>\\n\n\n<p>Estamos homologados internacionalmente por GALIA (Grupo de Log\\u00edstica de la Industria Automotriz) en Francia, y nos ajustamos a las reglas de negocio de todas las automotrices.<\\\/p>\\n\n\n<p>Adem\\u00e1s, permite a los proveedores anticipar las entregas mediante el env\\u00edo del DESADV (ASN). Con estos documentos, las terminales pueden adelantar en tiempo real qu\\u00e9 piezas est\\u00e1n en tr\\u00e1nsito desde cada proveedor, lo que agiliza los tiempos en las oficinas de recepci\\u00f3n de materiales.<\\\/p>\\n\n\n<p>Optimiza la planificaci\\u00f3n de producci\\u00f3n, la gesti\\u00f3n de inventario y la programaci\\u00f3n de entregas. Mejora la visibilidad de tu cadena de suministro y potencia la colaboraci\\u00f3n con tus proveedores. Descubre c\\u00f3mo Planexware puede transformar la log\\u00edstica de tu empresa automotriz hoy mismo.<\\\/p>\",\"margin\":\"default\",\"position\":\"relative\",\"position_z_index\":\"1\"}}]},{\"type\":\"column\",\"props\":{\"image_position\":\"center-center\",\"order_first\":\"m\",\"position_sticky\":\"column\",\"position_sticky_breakpoint\":\"\",\"position_sticky_offset\":\"110\",\"width_medium\":\"1-3\"},\"children\":[{\"type\":\"panel\",\"props\":{\"content\":\"\\u00bfTodav\\u00eda tu empresa no optimiz\\u00f3 su circuito log\\u00edstico con proveedores autopartistas?\\n\",\"content_column_breakpoint\":\"m\",\"icon_width\":80,\"image_align\":\"top\",\"image_grid_breakpoint\":\"m\",\"image_grid_width\":\"1-2\",\"image_svg_color\":\"emphasis\",\"link\":\"#footer\",\"link_style\":\"default\",\"link_text\":\"Solicitar Demo\",\"margin\":\"default\",\"maxwidth\":\"medium\",\"maxwidth_breakpoint\":\"m\",\"meta_align\":\"below-title\",\"meta_element\":\"div\",\"meta_style\":\"text-meta\",\"position\":\"relative\",\"position_z_index\":\"1\",\"title\":\"Portal Automotriz - Terminales\",\"title_align\":\"top\",\"title_element\":\"h3\",\"title_grid_breakpoint\":\"m\",\"title_grid_width\":\"1-2\",\"title_hover_style\":\"reset\"}},{\"type\":\"headline\",\"props\":{\"content\":\"Downloads\",\"margin\":\"large\",\"margin_remove_bottom\":true,\"position\":\"relative\",\"position_z_index\":\"1\",\"status\":\"disabled\",\"title_element\":\"h4\"}},{\"type\":\"list\",\"props\":{\"class\":\"uk-text-emphasis\",\"column_breakpoint\":\"m\",\"icon\":\"file-pdf\",\"icon_color\":\"primary\",\"image_align\":\"left\",\"image_svg_color\":\"emphasis\",\"image_vertical_align\":true,\"link_style\":\"reset\",\"list_element\":\"ul\",\"list_horizontal_separator\":\", \",\"list_type\":\"vertical\",\"position\":\"relative\",\"position_z_index\":\"1\",\"show_image\":true,\"show_link\":true,\"status\":\"disabled\"},\"children\":[{\"type\":\"list_item\",\"props\":{\"content\":\"Dental Implants Brochure\",\"icon\":\"\",\"link\":\"#\"}},{\"type\":\"list_item\",\"props\":{\"content\":\"Patient Information\",\"icon\":\"\",\"link\":\"#\"}},{\"type\":\"list_item\",\"props\":{\"content\":\"Insurance Information\",\"icon\":\"\",\"link\":\"#\"}}]}]}]},{\"type\":\"row\",\"props\":{\"margin\":\"remove-vertical\",\"status\":\"disabled\"},\"children\":[{\"type\":\"column\",\"props\":{\"image_position\":\"center-center\",\"position_sticky_breakpoint\":\"m\"},\"children\":[{\"type\":\"image\",\"props\":{\"image\":\"wp-content\\\/uploads\\\/yootheme\\\/services-dental-implants-shape.svg\",\"image_height\":\"415\",\"image_svg_color\":\"\",\"image_svg_inline\":false,\"image_width\":\"370\",\"margin\":\"default\",\"position\":\"absolute\",\"position_bottom\":\"-140\",\"visibility\":\"xl\"}}]}]}],\"name\":\"Procedure\"},{\"type\":\"section\",\"props\":{\"image_position\":\"center-center\",\"padding\":\"large\",\"padding_remove_top\":false,\"style\":\"default\",\"title_breakpoint\":\"xl\",\"title_position\":\"top-left\",\"title_rotation\":\"left\",\"vertical_align\":\"middle\",\"width\":\"large\"},\"children\":[{\"type\":\"row\",\"children\":[{\"type\":\"column\",\"props\":{\"image_position\":\"center-center\",\"position_sticky_breakpoint\":\"m\"},\"children\":[{\"type\":\"headline\",\"props\":{\"content\":\"Otros Productos\",\"text_align\":\"center\",\"title_element\":\"h2\"}},{\"type\":\"grid\",\"props\":{\"content_column_breakpoint\":\"m\",\"filter_align\":\"left\",\"filter_all\":true,\"filter_grid_breakpoint\":\"m\",\"filter_grid_width\":\"auto\",\"filter_position\":\"top\",\"filter_style\":\"tab\",\"grid_default\":\"1\",\"grid_medium\":\"2\",\"icon_width\":80,\"image_align\":\"left\",\"image_grid_breakpoint\":\"\",\"image_grid_width\":\"2-5\",\"image_link\":false,\"image_svg_color\":\"emphasis\",\"image_vertical_align\":true,\"image_width\":\"610\",\"item_animation\":true,\"link_margin\":\"xlarge\",\"link_style\":\"default\",\"link_text\":\"<span uk-icon=\\\"icon: arrow-right; ratio: 1.4\\\"><\\\/span>\",\"margin\":\"medium\",\"meta_align\":\"below-title\",\"meta_color\":\"primary\",\"meta_element\":\"div\",\"meta_margin\":\"small\",\"meta_style\":\"h6\",\"panel_image_no_padding\":true,\"panel_link\":true,\"panel_padding\":\"default\",\"panel_style\":\"card-default\",\"parallax_easing\":\"1\",\"show_content\":true,\"show_image\":true,\"show_link\":true,\"show_meta\":true,\"show_title\":true,\"title_align\":\"top\",\"title_element\":\"h3\",\"title_grid_breakpoint\":\"m\",\"title_grid_width\":\"1-2\",\"title_hover_style\":\"reset\",\"title_link\":false},\"children\":[{\"type\":\"grid_item\",\"props\":{\"image\":\"wp-content\\\/uploads\\\/2024\\\/04\\\/Group-7.jpg\",\"link\":\"portal-proveedores\\\/\",\"meta\":\"Procesos Procurement to Pay\",\"title\":\"Portal Proveedores\"}},{\"type\":\"grid_item\",\"props\":{\"image\":\"wp-content\\\/uploads\\\/2024\\\/04\\\/Group-6.jpg\",\"link\":\"portal-clientes\\\/\",\"meta\":\"Procesos Order to Cash\",\"title\":\"Portal Clientes\"}}],\"modified\":\"2021-07-27T08:22:49.412Z\"}]}]}],\"name\":\"Otros Productos V2\"}],\"version\":\"4.3.4\"} --><\/p>\n","protected":false},"excerpt":{"rendered":"<p>Portal Automotriz Soluciones para Terminales Automotrices Optimiza la planificaci\u00f3n de producci\u00f3n, la gesti\u00f3n de inventario y la programaci\u00f3n de entregas. Nuestra Soluci\u00f3n Nuestra soluci\u00f3n especializada en Terminales Automotrices te permite gestionar eficientemente tu cadena de suministro. Nos destacamos en el env\u00edo de planificaciones de entregas (DELFOR) y planificaciones Just in Time (DELJIT). Actualmente, nuestro portal [&hellip;]<\/p>\n","protected":false},"author":2,"featured_media":0,"parent":0,"menu_order":0,"comment_status":"closed","ping_status":"closed","template":"","meta":{"_acf_changed":false,"footnotes":""},"class_list":["post-1409","page","type-page","status-publish","hentry"],"acf":[],"_links":{"self":[{"href":"https:\/\/test.planexware.com\/es\/wp-json\/wp\/v2\/pages\/1409","targetHints":{"allow":["GET"]}}],"collection":[{"href":"https:\/\/test.planexware.com\/es\/wp-json\/wp\/v2\/pages"}],"about":[{"href":"https:\/\/test.planexware.com\/es\/wp-json\/wp\/v2\/types\/page"}],"author":[{"embeddable":true,"href":"https:\/\/test.planexware.com\/es\/wp-json\/wp\/v2\/users\/2"}],"replies":[{"embeddable":true,"href":"https:\/\/test.planexware.com\/es\/wp-json\/wp\/v2\/comments?post=1409"}],"version-history":[{"count":16,"href":"https:\/\/test.planexware.com\/es\/wp-json\/wp\/v2\/pages\/1409\/revisions"}],"predecessor-version":[{"id":51873,"href":"https:\/\/test.planexware.com\/es\/wp-json\/wp\/v2\/pages\/1409\/revisions\/51873"}],"wp:attachment":[{"href":"https:\/\/test.planexware.com\/es\/wp-json\/wp\/v2\/media?parent=1409"}],"curies":[{"name":"wp","href":"https:\/\/api.w.org\/{rel}","templated":true}]}}