{"id":1395,"date":"2024-03-18T08:29:00","date_gmt":"2024-03-18T11:29:00","guid":{"rendered":"http:\/\/c2222163.ferozo.com\/?page_id=1395"},"modified":"2025-05-20T12:28:34","modified_gmt":"2025-05-20T15:28:34","slug":"politica-calidad","status":"publish","type":"page","link":"https:\/\/test.planexware.com\/es\/politica-calidad\/","title":{"rendered":"Pol\u00edtica de Calidad"},"content":{"rendered":"<div>Pol\u00edticas<\/div>\n<h1>Pol\u00edtica de Calidad<\/h1>\n<div>\n<p>PLANEXWARE S.A., empresa dedicada a brindar servicios inform\u00e1ticos a empresas y organismos a trav\u00e9s del dise\u00f1o y desarrollo de sistemas colaborativos en tecnolog\u00eda de Internet, asumi\u00f3 el compromiso de definir su Pol\u00edtica de Gesti\u00f3n de la Calidad y Seguridad de la Informaci\u00f3n como:<\/p>\n<ul class=\"uk-list uk-list-disc uk-list-primary uk-margin-medium-top\">\n<li>Detectar y superar las expectativas de nuestros clientes, brind\u00e1ndoles soluciones tecnol\u00f3gicas de vanguardia que ayuden a mejorar su competitividad.<\/li>\n<li>Brindar un soporte t\u00e9cnico permanente y de excelencia, con el fin de estrechar las relaciones con nuestros clientes, ser fieles a la satisfacci\u00f3n de las expectativas de los mismos para lograr diferenciarnos a\u00fan m\u00e1s de nuestra competencia.<\/li>\n<li>Implementar mejoras continuas en nuestros procesos y sistemas de informaci\u00f3n, garantizando la integridad, confidencialidad, disponibilidad y resguardo de la informaci\u00f3n en todo momento; velando por el cumplimiento de toda ley, reglamentaci\u00f3n y requisitos contractuales relacionados con la seguridad de la informaci\u00f3n, ciberseguridad y protecci\u00f3n de la privacidad de los datos.<\/li>\n<li>Realizar el mejor esfuerzo por implementar las buenas pr\u00e1cticas de la industria, estableciendo criterios de clasificaci\u00f3n de la informaci\u00f3n, definiendo los controles adecuados seg\u00fan los niveles de confidencialidad, disponibilidad e integridad requeridos, que ser\u00e1n establecidos mediante un proceso continuo de an\u00e1lisis de riesgos.<\/li>\n<li>Promover la cooperaci\u00f3n, el aprendizaje, la capacitaci\u00f3n y el compromiso hacia la calidad y la mejora continua, valorando los aportes de ideas en un ambiente de trabajo en equipo.<\/li>\n<li>Identificar y satisfacer las necesidades de las partes interesadas, d\u00e1ndoles respuestas acordes a sus requerimientos.<\/li>\n<\/ul>\n<p>El Directorio es el m\u00e1ximo responsable de la aplicaci\u00f3n de esta pol\u00edtica en la empresa, comprometi\u00e9ndose a suministrar todos los recursos necesarios para que el personal conozca, comparta y vele por su cumplimiento.<\/p>\n<p>Directores<br \/>Revisi\u00f3n: 004 F.U.R.: 15\/04\/2025<\/p>\n<\/div>\n<p><!--more--><br \/>\n<!-- {\"type\":\"layout\",\"children\":[{\"type\":\"section\",\"props\":{\"html_element\":\"article\",\"image_position\":\"center-center\",\"padding_remove_bottom\":false,\"style\":\"default\",\"title_breakpoint\":\"xl\",\"title_position\":\"top-left\",\"title_rotation\":\"left\",\"vertical_align\":\"middle\",\"width\":\"\"},\"children\":[{\"type\":\"row\",\"props\":{\"margin\":\"default\",\"width\":\"xsmall\"},\"children\":[{\"type\":\"column\",\"props\":{\"image_position\":\"center-center\",\"position_sticky_breakpoint\":\"m\"},\"children\":[{\"type\":\"headline\",\"props\":{\"block_align\":\"center\",\"content\":\"Pol\\u00edticas\",\"maxwidth\":\"xlarge\",\"text_align\":\"center\",\"title_color\":\"danger\",\"title_element\":\"div\",\"title_style\":\"h6\"}},{\"type\":\"headline\",\"props\":{\"block_align\":\"center\",\"content\":\"Pol\\u00edtica de Calidad\",\"margin\":\"default\",\"maxwidth\":\"xlarge\",\"text_align\":\"center\",\"title_element\":\"h1\"}}]}]},{\"type\":\"row\",\"props\":{\"margin_remove_top\":true,\"width\":\"xsmall\"},\"children\":[{\"type\":\"column\",\"props\":{\"image_position\":\"center-center\",\"position_sticky_breakpoint\":\"m\"},\"children\":[{\"type\":\"text\",\"props\":{\"column_breakpoint\":\"m\",\"content\":\"\n\n<p>PLANEXWARE S.A., empresa dedicada a brindar servicios inform\\u00e1ticos a empresas y organismos a trav\\u00e9s del dise\\u00f1o y desarrollo de sistemas colaborativos en tecnolog\\u00eda de Internet, asumi\\u00f3 el compromiso de definir su Pol\\u00edtica de Gesti\\u00f3n de la Calidad y Seguridad de la Informaci\\u00f3n como:<\\\/p>\\n\n\n<ul class=\\\"uk-list uk-list-disc uk-list-primary uk-margin-medium-top\\\">\\n\n\n<li>Detectar y superar las expectativas de nuestros clientes, brind\\u00e1ndoles soluciones tecnol\\u00f3gicas de vanguardia que ayuden a mejorar su competitividad.<\\\/li>\\n\n\n<li>Brindar un soporte t\\u00e9cnico permanente y de excelencia, con el fin de estrechar las relaciones con nuestros clientes, ser fieles a la satisfacci\\u00f3n de las expectativas de los mismos para lograr diferenciarnos a\\u00fan m\\u00e1s de nuestra competencia.<\\\/li>\\n\n\n<li>Implementar mejoras continuas en nuestros procesos y sistemas de informaci\\u00f3n, garantizando la integridad, confidencialidad, disponibilidad y resguardo de la informaci\\u00f3n en todo momento; velando por el cumplimiento de toda ley, reglamentaci\\u00f3n y requisitos contractuales relacionados con la seguridad de la informaci\\u00f3n, ciberseguridad y protecci\\u00f3n de la privacidad de los datos.<\\\/li>\\n\n\n<li>Realizar el mejor esfuerzo por implementar las buenas pr\\u00e1cticas de la industria, estableciendo criterios de clasificaci\\u00f3n de la informaci\\u00f3n, definiendo los controles adecuados seg\\u00fan los niveles de confidencialidad, disponibilidad e integridad requeridos, que ser\\u00e1n establecidos mediante un proceso continuo de an\\u00e1lisis de riesgos.<\\\/li>\\n\n\n<li>Promover la cooperaci\\u00f3n, el aprendizaje, la capacitaci\\u00f3n y el compromiso hacia la calidad y la mejora continua, valorando los aportes de ideas en un ambiente de trabajo en equipo.<\\\/li>\\n\n\n<li>Identificar y satisfacer las necesidades de las partes interesadas, d\\u00e1ndoles respuestas acordes a sus requerimientos.<\\\/li>\\n<\\\/ul>\\n\n\n<p>El Directorio es el m\\u00e1ximo responsable de la aplicaci\\u00f3n de esta pol\\u00edtica en la empresa, comprometi\\u00e9ndose a suministrar todos los recursos necesarios para que el personal conozca, comparta y vele por su cumplimiento.<\\\/p>\\n\n\n<p>Directores<br \\\/>Revisi\\u00f3n: 004 F.U.R.: 15\\\/04\\\/2025<\\\/p>\",\"margin\":\"medium\"}}]}]}],\"name\":\"Post\"}],\"version\":\"4.3.4\"} --><\/p>\n","protected":false},"excerpt":{"rendered":"<p>Pol\u00edticas Pol\u00edtica de Calidad PLANEXWARE S.A., empresa dedicada a brindar servicios inform\u00e1ticos a empresas y organismos a trav\u00e9s del dise\u00f1o y desarrollo de sistemas colaborativos en tecnolog\u00eda de Internet, asumi\u00f3 el compromiso de definir su Pol\u00edtica de Gesti\u00f3n de la Calidad y Seguridad de la Informaci\u00f3n como: Detectar y superar las expectativas de nuestros clientes, [&hellip;]<\/p>\n","protected":false},"author":2,"featured_media":0,"parent":0,"menu_order":0,"comment_status":"closed","ping_status":"closed","template":"","meta":{"_acf_changed":false,"footnotes":""},"class_list":["post-1395","page","type-page","status-publish","hentry"],"acf":[],"_links":{"self":[{"href":"https:\/\/test.planexware.com\/es\/wp-json\/wp\/v2\/pages\/1395","targetHints":{"allow":["GET"]}}],"collection":[{"href":"https:\/\/test.planexware.com\/es\/wp-json\/wp\/v2\/pages"}],"about":[{"href":"https:\/\/test.planexware.com\/es\/wp-json\/wp\/v2\/types\/page"}],"author":[{"embeddable":true,"href":"https:\/\/test.planexware.com\/es\/wp-json\/wp\/v2\/users\/2"}],"replies":[{"embeddable":true,"href":"https:\/\/test.planexware.com\/es\/wp-json\/wp\/v2\/comments?post=1395"}],"version-history":[{"count":11,"href":"https:\/\/test.planexware.com\/es\/wp-json\/wp\/v2\/pages\/1395\/revisions"}],"predecessor-version":[{"id":61082,"href":"https:\/\/test.planexware.com\/es\/wp-json\/wp\/v2\/pages\/1395\/revisions\/61082"}],"wp:attachment":[{"href":"https:\/\/test.planexware.com\/es\/wp-json\/wp\/v2\/media?parent=1395"}],"curies":[{"name":"wp","href":"https:\/\/api.w.org\/{rel}","templated":true}]}}