{"id":1388,"date":"2024-03-18T08:17:17","date_gmt":"2024-03-18T11:17:17","guid":{"rendered":"http:\/\/c2222163.ferozo.com\/?page_id=1388"},"modified":"2025-04-14T17:12:31","modified_gmt":"2025-04-14T20:12:31","slug":"politica-etica","status":"publish","type":"page","link":"https:\/\/test.planexware.com\/es\/politica-etica\/","title":{"rendered":"Pol\u00edtica \u00c9tica"},"content":{"rendered":"<div>Pol\u00edticas<\/div>\n<h1>Pol\u00edtica \u00c9tica<\/h1>\n<div>\n<p>Planexware S.A., empresa dedicada a brindar servicios inform\u00e1ticos a empresas y organismos a trav\u00e9s del dise\u00f1o y desarrollo de sistemas colaborativos en tecnolog\u00eda de Internet, asume el compromiso de definir y hacer cumplir su Pol\u00edtica \u00c9tica junto a una serie de pr\u00e1cticas de compromiso de gesti\u00f3n \u00e9tica del negocio.<\/p>\n<p>Nos comprometemos a asegurar una relaci\u00f3n \u00e9tica con los principios humanos, sociales, y con el respectivo cumplimiento de los requisitos legales del negocio, ambientales, y de la seguridad del personal.<\/p>\n<p>Para ello nos encontramos alineados y comprometidos con los principios del Ethical Trading Initiative:<\/p>\n<ul class=\"uk-list uk-list-disc uk-list-primary uk-margin-medium-top\">\n<li>Promover la diversidad, la igualdad de g\u00e9nero, y la equidad interna.<\/li>\n<li>Comprometer el comportamiento \u00e9tico y estimularlo en la organizaci\u00f3n.<\/li>\n<li>No emplear mano de obra infantil.<\/li>\n<li>Mantener condiciones saludables y seguras de trabajo adoptando medidas preventivas establecidas en la legislaci\u00f3n vigente.<\/li>\n<li>Respetar la legislaci\u00f3n nacional garantizando pautas justas de trabajo para todos los trabajadores.<\/li>\n<li>Asegurar la libertad laboral.<\/li>\n<li>Establecer pol\u00edticas eficaces para la preservaci\u00f3n del medio ambiente.<\/li>\n<li>Promover el desarrollo profesional y personal de todos sus empleados, asegurando la igualdad de oportunidades.<\/li>\n<\/ul>\n<p>El Directorio es el m\u00e1ximo responsable de la aplicaci\u00f3n de esta pol\u00edtica en la empresa, comprometi\u00e9ndose a suministrar todos los recursos necesarios para que el personal conozca, comparta y vele por su cumplimiento.<\/p>\n<p>Revisi\u00f3n: 000 F.U.R.: 01\/09\/2019<\/p>\n<\/div>\n<p><img decoding=\"async\" src=\"\/wp-content\/uploads\/2024\/03\/ETI_Standard_Logo_RGB_0-300x179-1.png\" alt=\"\"><\/p>\n<p><!--more--><br \/>\n<!-- {\"type\":\"layout\",\"children\":[{\"type\":\"section\",\"props\":{\"html_element\":\"article\",\"image_position\":\"center-center\",\"padding_remove_bottom\":false,\"style\":\"default\",\"title_breakpoint\":\"xl\",\"title_position\":\"top-left\",\"title_rotation\":\"left\",\"vertical_align\":\"middle\",\"width\":\"\"},\"children\":[{\"type\":\"row\",\"props\":{\"margin\":\"default\",\"width\":\"xsmall\"},\"children\":[{\"type\":\"column\",\"props\":{\"image_position\":\"center-center\",\"position_sticky_breakpoint\":\"m\"},\"children\":[{\"type\":\"headline\",\"props\":{\"block_align\":\"center\",\"content\":\"Pol\\u00edticas\",\"maxwidth\":\"xlarge\",\"text_align\":\"center\",\"title_color\":\"danger\",\"title_element\":\"div\",\"title_style\":\"h6\"}},{\"type\":\"headline\",\"props\":{\"block_align\":\"center\",\"content\":\"Pol\\u00edtica \\u00c9tica\",\"margin\":\"default\",\"maxwidth\":\"xlarge\",\"text_align\":\"center\",\"title_element\":\"h1\"}}]}]},{\"type\":\"row\",\"props\":{\"margin_remove_top\":true,\"width\":\"xsmall\"},\"children\":[{\"type\":\"column\",\"props\":{\"image_position\":\"center-center\",\"position_sticky_breakpoint\":\"m\"},\"children\":[{\"type\":\"text\",\"props\":{\"column_breakpoint\":\"m\",\"content\":\"\n\n<p>Planexware S.A., empresa dedicada a brindar servicios inform\\u00e1ticos a empresas y organismos a trav\\u00e9s del dise\\u00f1o y desarrollo de sistemas colaborativos en tecnolog\\u00eda de Internet, asume el compromiso de definir y hacer cumplir su Pol\\u00edtica \\u00c9tica junto a una serie de pr\\u00e1cticas de compromiso de gesti\\u00f3n \\u00e9tica del negocio.<\\\/p>\\n\n\n<p>Nos comprometemos a asegurar una relaci\\u00f3n \\u00e9tica con los principios humanos, sociales, y con el respectivo cumplimiento de los requisitos legales del negocio, ambientales, y de la seguridad del personal.<\\\/p>\\n\n\n<p>Para ello nos encontramos alineados y comprometidos con los principios del Ethical Trading Initiative:<\\\/p>\\n\n\n<ul class=\\\"uk-list uk-list-disc uk-list-primary uk-margin-medium-top\\\">\\n\n\n<li>Promover la diversidad, la igualdad de g\\u00e9nero, y la equidad interna.<\\\/li>\\n\n\n<li>Comprometer el comportamiento \\u00e9tico y estimularlo en la organizaci\\u00f3n.<\\\/li>\\n\n\n<li>No emplear mano de obra infantil.<\\\/li>\\n\n\n<li>Mantener condiciones saludables y seguras de trabajo adoptando medidas preventivas establecidas en la legislaci\\u00f3n vigente.<\\\/li>\\n\n\n<li>Respetar la legislaci\\u00f3n nacional garantizando pautas justas de trabajo para todos los trabajadores.<\\\/li>\\n\n\n<li>Asegurar la libertad laboral.<\\\/li>\\n\n\n<li>Establecer pol\\u00edticas eficaces para la preservaci\\u00f3n del medio ambiente.<\\\/li>\\n\n\n<li>Promover el desarrollo profesional y personal de todos sus empleados, asegurando la igualdad de oportunidades.<\\\/li>\\n<\\\/ul>\\n\n\n<p>El Directorio es el m\\u00e1ximo responsable de la aplicaci\\u00f3n de esta pol\\u00edtica en la empresa, comprometi\\u00e9ndose a suministrar todos los recursos necesarios para que el personal conozca, comparta y vele por su cumplimiento.<\\\/p>\\n\n\n<p>Revisi\\u00f3n: 000 F.U.R.: 01\\\/09\\\/2019<\\\/p>\",\"margin\":\"medium\"}},{\"type\":\"image\",\"props\":{\"image\":\"wp-content\\\/uploads\\\/2024\\\/03\\\/ETI_Standard_Logo_RGB_0-300x179-1.png\",\"image_svg_color\":\"emphasis\",\"image_width\":200,\"margin\":\"default\"}}]}]}],\"name\":\"Post\"}],\"version\":\"4.3.4\"} --><\/p>\n","protected":false},"excerpt":{"rendered":"<p>Pol\u00edticas Pol\u00edtica \u00c9tica Planexware S.A., empresa dedicada a brindar servicios inform\u00e1ticos a empresas y organismos a trav\u00e9s del dise\u00f1o y desarrollo de sistemas colaborativos en tecnolog\u00eda de Internet, asume el compromiso de definir y hacer cumplir su Pol\u00edtica \u00c9tica junto a una serie de pr\u00e1cticas de compromiso de gesti\u00f3n \u00e9tica del negocio. Nos comprometemos a [&hellip;]<\/p>\n","protected":false},"author":2,"featured_media":0,"parent":0,"menu_order":0,"comment_status":"closed","ping_status":"closed","template":"","meta":{"_acf_changed":false,"footnotes":""},"class_list":["post-1388","page","type-page","status-publish","hentry"],"acf":[],"_links":{"self":[{"href":"https:\/\/test.planexware.com\/es\/wp-json\/wp\/v2\/pages\/1388","targetHints":{"allow":["GET"]}}],"collection":[{"href":"https:\/\/test.planexware.com\/es\/wp-json\/wp\/v2\/pages"}],"about":[{"href":"https:\/\/test.planexware.com\/es\/wp-json\/wp\/v2\/types\/page"}],"author":[{"embeddable":true,"href":"https:\/\/test.planexware.com\/es\/wp-json\/wp\/v2\/users\/2"}],"replies":[{"embeddable":true,"href":"https:\/\/test.planexware.com\/es\/wp-json\/wp\/v2\/comments?post=1388"}],"version-history":[{"count":8,"href":"https:\/\/test.planexware.com\/es\/wp-json\/wp\/v2\/pages\/1388\/revisions"}],"predecessor-version":[{"id":60389,"href":"https:\/\/test.planexware.com\/es\/wp-json\/wp\/v2\/pages\/1388\/revisions\/60389"}],"wp:attachment":[{"href":"https:\/\/test.planexware.com\/es\/wp-json\/wp\/v2\/media?parent=1388"}],"curies":[{"name":"wp","href":"https:\/\/api.w.org\/{rel}","templated":true}]}}