{"id":1382,"date":"2024-03-18T08:05:56","date_gmt":"2024-03-18T11:05:56","guid":{"rendered":"http:\/\/c2222163.ferozo.com\/?page_id=1382"},"modified":"2025-04-15T17:41:22","modified_gmt":"2025-04-15T20:41:22","slug":"seguridad","status":"publish","type":"page","link":"https:\/\/test.planexware.com\/es\/seguridad\/","title":{"rendered":"Seguridad"},"content":{"rendered":"<div>Seguridad<\/div>\n<h1>Garantizamos calidad, seguridad y acceso a la informaci\u00f3n<\/h1>\n<div>\n<p>Somos el primer y \u00fanico prestador EDI en contar con un Sistema de Gesti\u00f3n de la Calidad certificado bajo las normativas ISO 9001:2015 y el \u00fanico en la regi\u00f3n certificado en la norma ISO 27001:2022 en Seguridad de la Informaci\u00f3n.<\/p>\n<\/div>\n<h3><a href=\"#\">Escenario de falla<\/a><\/h3>\n<div>Nuestro Data Center posee equipamiento anti-incendios, racks cerrados, control de acceso f\u00edsico a la sala de equipos y alimentaci\u00f3n independiente de energ\u00eda. Adem\u00e1s, se plante\u00f3 un plan de contingencia especial para minimizar el impacto de las posibles fallas con servidores y elementos con redundancia<\/div>\n<h3><a href=\"#\">Cese total de servicios<\/a><\/h3>\n<div>En el Data Center de Producci\u00f3n contamos con una estrategia Hot Site que implica un Data Center alternativo y un procedimiento de copia de base de datos cada 15 minutos mediante el env\u00edo automatizado de registros. Esto aumenta la disponibilidad de los datos debido al servidor de respaldo.<\/div>\n<h2>Disaster Recovery Plan<\/h2>\n<div>\n<p>Contamos con un Plan de Recuperaci\u00f3n o Disaster Recovery Plan (DRP) especialmente planificado para la recuperaci\u00f3n de datos, hardware y software, ante un evento imprevisto. Se trata, en definitiva, de una estrategia para garantizar la continuidad de los negocios.<\/p>\n<p>Todos los a\u00f1os el equipo de Planexware realiza simulacros de ca\u00edda de un Data Center y mudanzas de contingencia para asegurar los datos de todos nuestros clientes. Adem\u00e1s, nuestra infraestructura EDI cuenta con dos Centros de Procesamiento redundantes (Principal y Contingencia) en Data Centers de Clase Mundial, que nos permiten brindar niveles de servicio superiores al 99%.<\/p>\n<\/div>\n<h2>Nuestras Pol\u00edticas<\/h2>\n<ul>\n<li>\n<p>        <img decoding=\"async\" src=\"\/wp-content\/uploads\/2024\/04\/plx_009.svg\" alt=\"\"><\/p>\n<h3>Pol\u00edtica \u00c9tica<\/h3>\n<p><a href=\"\/politica-etica\"><\/a><\/p>\n<\/li>\n<li>\n<p>        <img decoding=\"async\" src=\"\/wp-content\/uploads\/2024\/04\/plx_010.svg\" alt=\"\"><\/p>\n<h3>Pol\u00edtica de Calidad<\/h3>\n<p><a href=\"\/politica-calidad\"><\/a><\/p>\n<\/li>\n<\/ul>\n<p><!--more--><br \/>\n<!-- {\"type\":\"layout\",\"children\":[{\"type\":\"section\",\"props\":{\"image_position\":\"center-center\",\"padding\":\"large\",\"style\":\"default\",\"title_breakpoint\":\"xl\",\"title_position\":\"top-left\",\"title_rotation\":\"left\",\"vertical_align\":\"middle\",\"width\":\"default\"},\"children\":[{\"type\":\"row\",\"children\":[{\"type\":\"column\",\"props\":{\"image_position\":\"center-center\",\"position_sticky_breakpoint\":\"m\"},\"children\":[{\"type\":\"headline\",\"props\":{\"content\":\"Seguridad\",\"text_align\":\"center\",\"title_color\":\"primary\",\"title_element\":\"div\",\"title_style\":\"h6\"}},{\"type\":\"headline\",\"props\":{\"block_align\":\"center\",\"content\":\"Garantizamos calidad, seguridad y acceso a la informaci\\u00f3n\",\"margin\":\"small\",\"maxwidth\":\"2xlarge\",\"text_align\":\"center\",\"title_element\":\"h1\"}},{\"type\":\"text\",\"props\":{\"block_align\":\"center\",\"column_breakpoint\":\"m\",\"content\":\"\n\n<p>Somos el primer y \\u00fanico prestador EDI en contar con un Sistema de Gesti\\u00f3n de la Calidad certificado bajo las normativas ISO 9001:2015 y el \\u00fanico en la regi\\u00f3n certificado en la norma ISO 27001:2022 en Seguridad de la Informaci\\u00f3n.<\\\/p>\",\"margin\":\"default\",\"maxwidth\":\"xlarge\",\"text_align\":\"center\",\"text_style\":\"large\"}}]}]}],\"name\":\"12\"},{\"name\":\"Services\",\"type\":\"section\",\"props\":{\"animation\":\"slide-top-small\",\"header_overlay\":\"light\",\"height_viewport\":false,\"image_effect\":\"parallax\",\"image_parallax_easing\":\"1\",\"image_position\":\"bottom-left\",\"padding\":\"large\",\"padding_remove_bottom\":true,\"padding_remove_top\":true,\"style\":\"default\",\"title_breakpoint\":\"xl\",\"title_position\":\"top-left\",\"title_rotation\":\"left\",\"vertical_align\":\"middle\",\"width\":\"expand\"},\"children\":[{\"type\":\"row\",\"children\":[{\"type\":\"column\",\"props\":{\"image_position\":\"center-center\",\"position_sticky_breakpoint\":\"m\",\"style\":\"tile-muted\",\"width_small\":\"1-2\"},\"children\":[{\"type\":\"headline\",\"props\":{\"block_align\":\"center\",\"content\":\"Escenario de falla\",\"link\":\"#\",\"maxwidth\":\"large\",\"position\":\"relative\",\"position_z_index\":\"1\",\"title_element\":\"h3\"}},{\"type\":\"text\",\"props\":{\"block_align\":\"center\",\"column_breakpoint\":\"m\",\"content\":\"Nuestro Data Center posee equipamiento anti-incendios, racks cerrados, control de acceso f\\u00edsico a la sala de equipos y alimentaci\\u00f3n independiente de energ\\u00eda. Adem\\u00e1s, se plante\\u00f3 un plan de contingencia especial para minimizar el impacto de las posibles fallas con servidores y elementos con redundancia\",\"margin\":\"\",\"maxwidth\":\"large\",\"position\":\"relative\",\"position_z_index\":\"1\"}},{\"type\":\"list\",\"props\":{\"block_align\":\"center\",\"column_breakpoint\":\"m\",\"image_align\":\"left\",\"image_svg_color\":\"emphasis\",\"image_vertical_align\":true,\"list_element\":\"ul\",\"list_horizontal_separator\":\", \",\"list_marker\":\"disc\",\"list_marker_color\":\"primary\",\"list_type\":\"vertical\",\"maxwidth\":\"large\",\"position\":\"relative\",\"position_z_index\":\"1\",\"show_image\":true,\"show_link\":true,\"status\":\"disabled\"},\"children\":[{\"type\":\"list_item\",\"props\":{\"content\":\"Consectetur adipiscing elit, sed do eiusmod\"}},{\"type\":\"list_item\",\"props\":{\"content\":\"Quis nostrud exercitation ullamco laboris\"}},{\"type\":\"list_item\",\"props\":{\"content\":\"Tempor incididunt ut labore et dolore magna\"}}]}]},{\"type\":\"column\",\"props\":{\"image_position\":\"center-center\",\"position_sticky_breakpoint\":\"m\",\"style\":\"tile-default\",\"width_small\":\"1-2\"},\"children\":[{\"type\":\"headline\",\"props\":{\"block_align\":\"center\",\"content\":\"Cese total de servicios\",\"link\":\"#\",\"maxwidth\":\"large\",\"position\":\"relative\",\"position_z_index\":\"1\",\"title_element\":\"h3\"}},{\"type\":\"text\",\"props\":{\"block_align\":\"center\",\"column_breakpoint\":\"m\",\"content\":\"En el Data Center de Producci\\u00f3n contamos con una estrategia Hot Site que implica un Data Center alternativo y un procedimiento de copia de base de datos cada 15 minutos mediante el env\\u00edo automatizado de registros. Esto aumenta la disponibilidad de los datos debido al servidor de respaldo.\",\"margin\":\"\",\"maxwidth\":\"large\",\"position\":\"relative\",\"position_z_index\":\"1\"}},{\"type\":\"list\",\"props\":{\"block_align\":\"center\",\"column_breakpoint\":\"m\",\"image_align\":\"left\",\"image_svg_color\":\"emphasis\",\"image_vertical_align\":true,\"list_element\":\"ul\",\"list_horizontal_separator\":\", \",\"list_marker\":\"disc\",\"list_marker_color\":\"primary\",\"list_type\":\"vertical\",\"maxwidth\":\"large\",\"position\":\"relative\",\"position_z_index\":\"1\",\"show_image\":true,\"show_link\":true,\"status\":\"disabled\"},\"children\":[{\"type\":\"list_item\",\"props\":{\"content\":\"Tempor incididunt ut labore et dolore magna\"}},{\"type\":\"list_item\",\"props\":{\"content\":\"Quis nostrud exercitation ullamco laboris\"}}]}]}],\"props\":{\"column_gap\":\"collapse\",\"layout\":\"1-2,1-2\",\"margin\":\"large\",\"margin_remove_bottom\":true,\"width\":\"large\"}}]},{\"type\":\"section\",\"props\":{\"image_position\":\"center-center\",\"style\":\"default\",\"title_breakpoint\":\"xl\",\"title_position\":\"top-left\",\"title_rotation\":\"left\",\"vertical_align\":\"middle\",\"width\":\"default\"},\"children\":[{\"type\":\"row\",\"props\":{\"margin\":\"large\",\"width\":\"small\"},\"children\":[{\"type\":\"column\",\"props\":{\"image_position\":\"center-center\",\"position_sticky_breakpoint\":\"m\"},\"children\":[{\"type\":\"headline\",\"props\":{\"content\":\"Disaster Recovery Plan\",\"margin\":\"remove-vertical\",\"text_align\":\"left\",\"text_align_breakpoint\":\"m\",\"text_align_fallback\":\"center\",\"title_element\":\"h2\"}},{\"type\":\"text\",\"props\":{\"column\":\"1-2\",\"column_breakpoint\":\"s\",\"content\":\"\n\n<p>Contamos con un Plan de Recuperaci\\u00f3n o Disaster Recovery Plan (DRP) especialmente planificado para la recuperaci\\u00f3n de datos, hardware y software, ante un evento imprevisto. Se trata, en definitiva, de una estrategia para garantizar la continuidad de los negocios.<\\\/p>\\n\\n\n\n<p>Todos los a\\u00f1os el equipo de Planexware realiza simulacros de ca\\u00edda de un Data Center y mudanzas de contingencia para asegurar los datos de todos nuestros clientes. Adem\\u00e1s, nuestra infraestructura EDI cuenta con dos Centros de Procesamiento redundantes (Principal y Contingencia) en Data Centers de Clase Mundial, que nos permiten brindar niveles de servicio superiores al 99%.<\\\/p>\\n\",\"margin\":\"default\"}}]}]}]},{\"type\":\"section\",\"props\":{\"image_position\":\"center-center\",\"padding\":\"large\",\"padding_remove_bottom\":false,\"padding_remove_top\":true,\"style\":\"default\",\"title_breakpoint\":\"xl\",\"title_position\":\"top-left\",\"title_rotation\":\"left\",\"vertical_align\":\"middle\",\"width\":\"small\"},\"children\":[{\"type\":\"row\",\"props\":{\"column_gap\":\"large\"},\"children\":[{\"type\":\"column\",\"props\":{\"image_position\":\"center-center\",\"position_sticky_breakpoint\":\"m\"},\"children\":[{\"type\":\"headline\",\"props\":{\"content\":\"Nuestras Pol\\u00edticas\",\"text_align\":\"center\",\"title_element\":\"h2\"}},{\"type\":\"grid\",\"props\":{\"content_column_breakpoint\":\"m\",\"filter_align\":\"left\",\"filter_all\":true,\"filter_grid_breakpoint\":\"m\",\"filter_grid_width\":\"auto\",\"filter_position\":\"top\",\"filter_style\":\"tab\",\"grid_column_gap\":\"small\",\"grid_default\":\"1\",\"grid_medium\":\"\",\"grid_row_gap\":\"small\",\"grid_small\":\"2\",\"icon_width\":80,\"image_align\":\"left\",\"image_grid_breakpoint\":\"\",\"image_grid_column_gap\":\"medium\",\"image_grid_width\":\"auto\",\"image_height\":\"48\",\"image_svg_color\":\"emphasis\",\"image_vertical_align\":true,\"image_width\":\"48\",\"item_animation\":true,\"link_style\":\"default\",\"link_text\":\"\",\"margin\":\"medium\",\"meta_align\":\"below-title\",\"meta_element\":\"div\",\"meta_style\":\"text-meta\",\"panel_link\":true,\"panel_padding\":\"small\",\"panel_style\":\"card-default\",\"parallax_easing\":\"1\",\"show_content\":true,\"show_image\":true,\"show_link\":true,\"show_meta\":true,\"show_title\":true,\"title_align\":\"top\",\"title_element\":\"h3\",\"title_grid_breakpoint\":\"m\",\"title_grid_width\":\"1-2\",\"title_hover_style\":\"reset\",\"title_style\":\"h4\"},\"children\":[{\"type\":\"grid_item\",\"props\":{\"image\":\"wp-content\\\/uploads\\\/2024\\\/04\\\/plx_009.svg\",\"link\":\"\\\/politica-etica\",\"title\":\"Pol\\u00edtica \\u00c9tica\"}},{\"type\":\"grid_item\",\"props\":{\"image\":\"wp-content\\\/uploads\\\/2024\\\/04\\\/plx_010.svg\",\"link\":\"\\\/politica-calidad\",\"title\":\"Pol\\u00edtica de Calidad\"}}]}]}]}],\"name\":\"07\"}],\"version\":\"4.3.4\"} --><\/p>\n","protected":false},"excerpt":{"rendered":"<p>Seguridad Garantizamos calidad, seguridad y acceso a la informaci\u00f3n Somos el primer y \u00fanico prestador EDI en contar con un Sistema de Gesti\u00f3n de la Calidad certificado bajo las normativas ISO 9001:2015 y el \u00fanico en la regi\u00f3n certificado en la norma ISO 27001:2022 en Seguridad de la Informaci\u00f3n. Escenario de falla Nuestro Data Center [&hellip;]<\/p>\n","protected":false},"author":2,"featured_media":0,"parent":0,"menu_order":0,"comment_status":"closed","ping_status":"closed","template":"","meta":{"_acf_changed":false,"footnotes":""},"class_list":["post-1382","page","type-page","status-publish","hentry"],"acf":[],"_links":{"self":[{"href":"https:\/\/test.planexware.com\/es\/wp-json\/wp\/v2\/pages\/1382","targetHints":{"allow":["GET"]}}],"collection":[{"href":"https:\/\/test.planexware.com\/es\/wp-json\/wp\/v2\/pages"}],"about":[{"href":"https:\/\/test.planexware.com\/es\/wp-json\/wp\/v2\/types\/page"}],"author":[{"embeddable":true,"href":"https:\/\/test.planexware.com\/es\/wp-json\/wp\/v2\/users\/2"}],"replies":[{"embeddable":true,"href":"https:\/\/test.planexware.com\/es\/wp-json\/wp\/v2\/comments?post=1382"}],"version-history":[{"count":16,"href":"https:\/\/test.planexware.com\/es\/wp-json\/wp\/v2\/pages\/1382\/revisions"}],"predecessor-version":[{"id":60399,"href":"https:\/\/test.planexware.com\/es\/wp-json\/wp\/v2\/pages\/1382\/revisions\/60399"}],"wp:attachment":[{"href":"https:\/\/test.planexware.com\/es\/wp-json\/wp\/v2\/media?parent=1382"}],"curies":[{"name":"wp","href":"https:\/\/api.w.org\/{rel}","templated":true}]}}