{"id":1367,"date":"2024-03-18T06:59:20","date_gmt":"2024-03-18T09:59:20","guid":{"rendered":"http:\/\/c2222163.ferozo.com\/?page_id=1367"},"modified":"2025-06-24T12:42:29","modified_gmt":"2025-06-24T15:42:29","slug":"remito-electronicos-cot","status":"publish","type":"page","link":"https:\/\/test.planexware.com\/es\/remito-electronicos-cot\/","title":{"rendered":"Remito Electr\u00f3nico \u2013 COT"},"content":{"rendered":"<div>Servicios Fiscales<\/div>\n<h1>Remito Electr\u00f3nico &#8211; COT<\/h1>\n<div>Agilidad en la gesti\u00f3n de remitos electr\u00f3nicos para la autorizaci\u00f3n del traslado de mercader\u00edas seg\u00fan normativas vigentes.<\/div>\n<p>\n    <a href=\"https:\/\/cot.planexware.net\/\" target=\"_blank\" rel=\"noopener\">Acceder<\/a>\n<\/p>\n<h3>Contexto<\/h3>\n<div>El C\u00f3digo de Operaci\u00f3n de Traslado (C.O.T.) tiene como objetivo informar y autorizar el traslado de mercader\u00edas en territorio argentino seg\u00fan las normativas vigentes.<\/div>\n<h3>Nuestro Servicio<\/h3>\n<div>Planexware ofrece una soluci\u00f3n especialmente dise\u00f1ada para informar el traslado de mercader\u00edas a los distintos entes reguladores mediante el intercambio de remitos electr\u00f3nicos.<\/div>\n<h3>Ventajas<\/h3>\n<ul>\n<li>\n<div>Reemplaza la gesti\u00f3n del COT ante el ente gubernamental.<\/div>\n<\/li>\n<li>\n<div>R\u00e1pida implementaci\u00f3n con la exportaci\u00f3n de un archivo TXT de tus remitos.<\/div>\n<\/li>\n<li>\n<div>Visualizaci\u00f3n y almacenamiento web de todas las respuestas del ente regulador.<\/div>\n<\/li>\n<li>\n<div>Conocer los motivos de rechazo de un remito y posibilidad de editarlos para corregirlos.<\/div>\n<\/li>\n<li>\n<div>Ante un eventual control en la ruta s\u00f3lo se debe informar el n\u00famero de CUIT del emisor del remito.<\/div>\n<\/li>\n<\/ul>\n<h3>Caracter\u00edsticas<\/h3>\n<ul>\n<li>\n<div>Gesti\u00f3n y autorizaci\u00f3n para el traslado de mercader\u00edas seg\u00fan normativa vigente por ARBA, AGIP, API y ATM.<\/div>\n<\/li>\n<li>\n<div>Posibilidad de registro online de remitos.<\/div>\n<\/li>\n<li>\n<div>Monitoreo permanente de la operaci\u00f3n en el portal de Planexware.<\/div>\n<\/li>\n<li>\n<div>Consulta de remitos por Dependencia, Centro Emisor, Viaje, Fecha Lote N\u00b0 de comprobante.<\/div>\n<\/li>\n<li>\n<div>Posibilidad de subir los remitos en lotes o por documento.<\/div>\n<\/li>\n<\/ul>\n<div>\n<h3>Remito Electr\u00f3nico &#8211; COT<\/h3>\n<div>\u00bfTu empresa todav\u00eda no cuenta con un servicio confiable para autorizar el traslado de mercaderias?<\/div>\n<p><a href=\"#footer\">Solicitar Demo<\/a><\/p>\n<\/div>\n<h2>Otros Productos<\/h2>\n<ul>\n<li>\n<p>        <img decoding=\"async\" src=\"\/wp-content\/uploads\/2024\/04\/Group-7.jpg\" alt=\"\"><\/p>\n<h3>Portal Proveedores<\/h3>\n<p>Procesos Procurement to Pay<\/p>\n<p><a href=\"\/portal-proveedores\/\"><span uk-icon=\"icon: arrow-right; ratio: 1.4\"><\/span><\/a><\/p>\n<\/li>\n<li>\n<p>        <img decoding=\"async\" src=\"\/wp-content\/uploads\/2024\/04\/Group-6.jpg\" alt=\"\"><\/p>\n<h3>Portal Clientes<\/h3>\n<p>Procesos Order to Cash<\/p>\n<p><a href=\"\/portal-clientes\/\"><span uk-icon=\"icon: arrow-right; ratio: 1.4\"><\/span><\/a><\/p>\n<\/li>\n<\/ul>\n<p><!--more--><br \/>\n<!-- {\"type\":\"layout\",\"children\":[{\"name\":\"Hero\",\"type\":\"section\",\"props\":{\"image_position\":\"center-center\",\"padding\":\"large\",\"padding_remove_bottom\":true,\"style\":\"default\",\"title_breakpoint\":\"xl\",\"title_position\":\"top-left\",\"title_rotation\":\"left\",\"vertical_align\":\"middle\",\"width\":\"\"},\"children\":[{\"type\":\"row\",\"children\":[{\"type\":\"column\",\"props\":{\"image_position\":\"center-center\",\"position_sticky_breakpoint\":\"m\"},\"children\":[{\"type\":\"headline\",\"props\":{\"content\":\"Servicios Fiscales\",\"text_align\":\"center\",\"title_color\":\"primary\",\"title_element\":\"div\",\"title_style\":\"h6\"}},{\"type\":\"headline\",\"props\":{\"content\":\"Remito Electr\\u00f3nico - COT\",\"margin\":\"remove-vertical\",\"text_align\":\"center\",\"title_element\":\"h1\"}},{\"type\":\"text\",\"props\":{\"block_align\":\"center\",\"column_breakpoint\":\"m\",\"content\":\"Agilidad en la gesti\\u00f3n de remitos electr\\u00f3nicos para la autorizaci\\u00f3n del traslado de mercader\\u00edas seg\\u00fan normativas vigentes.\",\"margin\":\"default\",\"margin_remove_bottom\":true,\"maxwidth\":\"xlarge\",\"text_align\":\"center\",\"text_style\":\"large\"}},{\"type\":\"button\",\"props\":{\"grid_column_gap\":\"small\",\"grid_row_gap\":\"small\",\"margin\":\"medium\",\"text_align\":\"center\",\"text_align_fallback\":\"center\"},\"children\":[{\"type\":\"button_item\",\"props\":{\"button_style\":\"primary\",\"content\":\"Acceder\",\"icon_align\":\"left\",\"link\":\"https:\\\/\\\/cot.planexware.net\\\/\",\"link_target\":\"blank\"}}],\"name\":\"Btn_Acceder\"}]}],\"props\":{\"width\":\"default\"}}]},{\"type\":\"section\",\"props\":{\"image_position\":\"center-center\",\"padding\":\"large\",\"padding_remove_bottom\":false,\"padding_remove_top\":false,\"style\":\"default\",\"title_breakpoint\":\"xl\",\"title_position\":\"top-left\",\"title_rotation\":\"left\",\"vertical_align\":\"middle\",\"width\":\"expand\"},\"children\":[{\"type\":\"row\",\"props\":{\"column_gap\":\"large\",\"layout\":\"2-3,1-3\",\"margin\":\"xlarge\",\"margin_remove_bottom\":true,\"row_gap\":\"large\",\"width\":\"default\"},\"children\":[{\"type\":\"column\",\"props\":{\"image_position\":\"center-center\",\"position_sticky_breakpoint\":\"m\",\"width_medium\":\"2-3\"},\"children\":[{\"type\":\"headline\",\"props\":{\"content\":\"Contexto\",\"position\":\"relative\",\"position_z_index\":\"1\",\"title_element\":\"h3\"}},{\"type\":\"text\",\"props\":{\"column_breakpoint\":\"m\",\"content\":\"El C\\u00f3digo de Operaci\\u00f3n de Traslado (C.O.T.) tiene como objetivo informar y autorizar el traslado de mercader\\u00edas en territorio argentino seg\\u00fan las normativas vigentes.\",\"margin\":\"default\",\"position\":\"relative\",\"position_z_index\":\"1\"}},{\"type\":\"headline\",\"props\":{\"content\":\"Nuestro Servicio\",\"margin\":\"large\",\"margin_remove_bottom\":true,\"position\":\"relative\",\"position_z_index\":\"1\",\"title_element\":\"h3\"}},{\"type\":\"image\",\"props\":{\"image\":\"wp-content\\\/uploads\\\/2024\\\/02\\\/pla_002.jpg\",\"image_svg_color\":\"emphasis\",\"image_width\":\"900\",\"margin\":\"default\",\"position\":\"relative\",\"position_z_index\":\"1\",\"status\":\"disabled\"}},{\"type\":\"text\",\"props\":{\"column_breakpoint\":\"m\",\"content\":\"Planexware ofrece una soluci\\u00f3n especialmente dise\\u00f1ada para informar el traslado de mercader\\u00edas a los distintos entes reguladores mediante el intercambio de remitos electr\\u00f3nicos.\",\"margin\":\"medium\",\"position\":\"relative\",\"position_z_index\":\"1\"}},{\"type\":\"accordion\",\"props\":{\"collapsible\":true,\"content_column_breakpoint\":\"m\",\"image_align\":\"right\",\"image_grid_breakpoint\":\"s\",\"image_grid_width\":\"1-2\",\"image_svg_color\":\"emphasis\",\"image_width\":\"610\",\"link_style\":\"default\",\"link_text\":\"Read more\",\"position\":\"relative\",\"position_z_index\":\"1\",\"show_image\":true,\"show_link\":true,\"status\":\"disabled\"},\"children\":[{\"type\":\"accordion_item\",\"props\":{\"content\":\"Duis aute irure dolor in reprehenderit in voluptate velit esse cillum dolore eu fugiat nulla pariatur. Excepteur sint occaecat cupidatat non proident, sunt in culpa qui officia deserunt mollit anim id est laborum.\",\"title\":\"Bone Preparation\"}},{\"type\":\"accordion_item\",\"props\":{\"content\":\"\n\n<p>Lorem ipsum dolor sit amet, consectetur adipiscing elit, sed do eiusmod tempor incididunt ut labore et dolore magna aliqua. Ut enim ad minim veniam, quis nostrud exercitation ullamco laboris nisi ut aliquip ex ea commodo consequat. Duis aute irure dolor in reprehenderit in voluptate velit esse.<\\\/p>\\n\\n\n\n<div class=\\\"uk-grid-medium uk-child-width-1-2@s\\\" uk-grid>\\n\\t\n\n<div><img width=\\\"610\\\" height=\\\"390\\\" alt=\\\"\\\" src=\\\"wp-content\\\/uploads\\\/yootheme\\\/services-dental-implants-procedure-01.jpg\\\" loading=\\\"lazy\\\"><\\\/div>\\n    \n\n<div><img width=\\\"610\\\" height=\\\"390\\\" alt=\\\"\\\" src=\\\"wp-content\\\/uploads\\\/yootheme\\\/services-dental-implants-procedure-02.jpg\\\" loading=\\\"lazy\\\"><\\\/div>\\n<\\\/div>\",\"title\":\"Placing the Dental Implant\"}},{\"type\":\"accordion_item\",\"props\":{\"content\":\"Duis aute irure dolor in reprehenderit in voluptate velit esse cillum dolore eu fugiat nulla pariatur.\",\"title\":\"Healing Period\"}},{\"type\":\"accordion_item\",\"props\":{\"content\":\"Duis aute irure dolor in reprehenderit in voluptate velit esse cillum dolore eu fugiat nulla pariatur. Excepteur sint occaecat cupidatat non proident, sunt in culpa qui officia deserunt mollit anim id est laborum.\",\"title\":\"Placing the Abutment\"}},{\"type\":\"accordion_item\",\"props\":{\"content\":\"\n\n<p>Ut enim ad minim veniam, quis nostrud exercitation ullamco laboris nisi ut aliquip ex ea commodo consequat. Duis aute irure dolor in reprehenderit in voluptate velit esse.<\\\/p>\\n\n\n<p>Excepteur sint occaecat cupidatat non proident, sunt in culpa qui officia deserunt mollit anim id est laborum. Lorem ipsum dolor sit amet.<\\\/p>\",\"image\":\"wp-content\\\/uploads\\\/yootheme\\\/services-dental-implants-procedure-03.jpg\",\"title\":\"Placing the Crown\"}}]},{\"type\":\"headline\",\"props\":{\"content\":\"Ventajas\",\"margin\":\"large\",\"margin_remove_bottom\":true,\"position\":\"relative\",\"position_z_index\":\"1\",\"title_element\":\"h3\"}},{\"type\":\"list\",\"props\":{\"column_breakpoint\":\"m\",\"image_align\":\"left\",\"image_svg_color\":\"emphasis\",\"image_vertical_align\":true,\"list_element\":\"ul\",\"list_horizontal_separator\":\", \",\"list_marker\":\"disc\",\"list_marker_color\":\"primary\",\"list_type\":\"vertical\",\"position\":\"relative\",\"position_z_index\":\"1\",\"show_image\":true,\"show_link\":true},\"children\":[{\"type\":\"list_item\",\"props\":{\"content\":\"Reemplaza la gesti\\u00f3n del COT ante el ente gubernamental.\"}},{\"type\":\"list_item\",\"props\":{\"content\":\"R\\u00e1pida implementaci\\u00f3n con la exportaci\\u00f3n de un archivo TXT de tus remitos.\"}},{\"type\":\"list_item\",\"props\":{\"content\":\"Visualizaci\\u00f3n y almacenamiento web de todas las respuestas del ente regulador.\"}},{\"type\":\"list_item\",\"props\":{\"content\":\"Conocer los motivos de rechazo de un remito y posibilidad de editarlos para corregirlos.\"}},{\"type\":\"list_item\",\"props\":{\"content\":\"Ante un eventual control en la ruta s\\u00f3lo se debe informar el n\\u00famero de CUIT del emisor del remito.\"}}]},{\"type\":\"text\",\"props\":{\"column_breakpoint\":\"m\",\"content\":\"Duis aute irure dolor in reprehenderit in voluptate velit esse cillum dolore eu fugiat nulla pariatur. Excepteur sint occaecat cupidatat non proident, sunt in culpa qui officia deserunt mollit anim id est laborum. Lorem ipsum dolor sit amet, consectetur adipiscing elit, sed do eiusmod tempor incididunt ut labore et dolore magna aliqua. Ut enim ad minim veniam, quis nostrud exercitation ullamco laboris nisi ut aliquip ex ea commodo consequat. \",\"margin\":\"default\",\"position\":\"relative\",\"position_z_index\":\"1\",\"status\":\"disabled\"}},{\"type\":\"headline\",\"props\":{\"content\":\"Caracter\\u00edsticas\",\"margin\":\"large\",\"margin_remove_bottom\":true,\"position\":\"relative\",\"position_z_index\":\"1\",\"title_element\":\"h3\"}},{\"type\":\"text\",\"props\":{\"column_breakpoint\":\"m\",\"content\":\"Lorem ipsum dolor sit amet, consectetur adipiscing elit, sed do eiusmod tempor incididunt ut labore et dolore magna aliqua. Ut enim ad minim veniam, quis nostrud exercitation ullamco laboris nisi ut.\\n\",\"margin\":\"default\",\"position\":\"relative\",\"position_z_index\":\"1\",\"status\":\"disabled\"}},{\"type\":\"list\",\"props\":{\"column_breakpoint\":\"m\",\"image_align\":\"left\",\"image_svg_color\":\"emphasis\",\"image_vertical_align\":true,\"list_element\":\"ul\",\"list_horizontal_separator\":\", \",\"list_marker\":\"disc\",\"list_marker_color\":\"primary\",\"list_type\":\"vertical\",\"position\":\"relative\",\"position_z_index\":\"1\",\"show_image\":true,\"show_link\":true},\"children\":[{\"type\":\"list_item\",\"props\":{\"content\":\"Gesti\\u00f3n y autorizaci\\u00f3n para el traslado de mercader\\u00edas seg\\u00fan normativa vigente por ARBA, AGIP, API y ATM.\"}},{\"type\":\"list_item\",\"props\":{\"content\":\"Posibilidad de registro online de remitos.\"}},{\"type\":\"list_item\",\"props\":{\"content\":\"Monitoreo permanente de la operaci\\u00f3n en el portal de Planexware.\"}},{\"type\":\"list_item\",\"props\":{\"content\":\"Consulta de remitos por Dependencia, Centro Emisor, Viaje, Fecha Lote N\\u00b0 de comprobante.\"}},{\"type\":\"list_item\",\"props\":{\"content\":\"Posibilidad de subir los remitos en lotes o por documento.\"}}]}]},{\"type\":\"column\",\"props\":{\"image_position\":\"center-center\",\"order_first\":\"m\",\"position_sticky\":\"column\",\"position_sticky_breakpoint\":\"\",\"position_sticky_offset\":\"110\",\"width_medium\":\"1-3\"},\"children\":[{\"type\":\"panel\",\"props\":{\"content\":\"\\u00bfTu empresa todav\\u00eda no cuenta con un servicio confiable para autorizar el traslado de mercaderias?\",\"content_column_breakpoint\":\"m\",\"icon_width\":80,\"image_align\":\"top\",\"image_grid_breakpoint\":\"m\",\"image_grid_width\":\"1-2\",\"image_svg_color\":\"emphasis\",\"link\":\"#footer\",\"link_style\":\"default\",\"link_text\":\"Solicitar Demo\",\"margin\":\"default\",\"maxwidth\":\"medium\",\"maxwidth_breakpoint\":\"m\",\"meta_align\":\"below-title\",\"meta_element\":\"div\",\"meta_style\":\"text-meta\",\"position\":\"relative\",\"position_z_index\":\"1\",\"title\":\"Remito Electr\\u00f3nico - COT\",\"title_align\":\"top\",\"title_element\":\"h3\",\"title_grid_breakpoint\":\"m\",\"title_grid_width\":\"1-2\",\"title_hover_style\":\"reset\"}},{\"type\":\"headline\",\"props\":{\"content\":\"Downloads\",\"margin\":\"large\",\"margin_remove_bottom\":true,\"position\":\"relative\",\"position_z_index\":\"1\",\"status\":\"disabled\",\"title_element\":\"h4\"}},{\"type\":\"list\",\"props\":{\"class\":\"uk-text-emphasis\",\"column_breakpoint\":\"m\",\"icon\":\"file-pdf\",\"icon_color\":\"primary\",\"image_align\":\"left\",\"image_svg_color\":\"emphasis\",\"image_vertical_align\":true,\"link_style\":\"reset\",\"list_element\":\"ul\",\"list_horizontal_separator\":\", \",\"list_type\":\"vertical\",\"position\":\"relative\",\"position_z_index\":\"1\",\"show_image\":true,\"show_link\":true,\"status\":\"disabled\"},\"children\":[{\"type\":\"list_item\",\"props\":{\"content\":\"Dental Implants Brochure\",\"icon\":\"\",\"link\":\"#\"}},{\"type\":\"list_item\",\"props\":{\"content\":\"Patient Information\",\"icon\":\"\",\"link\":\"#\"}},{\"type\":\"list_item\",\"props\":{\"content\":\"Insurance Information\",\"icon\":\"\",\"link\":\"#\"}}]}]}]},{\"type\":\"row\",\"props\":{\"margin\":\"remove-vertical\",\"status\":\"disabled\"},\"children\":[{\"type\":\"column\",\"props\":{\"image_position\":\"center-center\",\"position_sticky_breakpoint\":\"m\"},\"children\":[{\"type\":\"image\",\"props\":{\"image\":\"wp-content\\\/uploads\\\/yootheme\\\/services-dental-implants-shape.svg\",\"image_height\":\"415\",\"image_svg_color\":\"\",\"image_svg_inline\":false,\"image_width\":\"370\",\"margin\":\"default\",\"position\":\"absolute\",\"position_bottom\":\"-140\",\"visibility\":\"xl\"}}]}]}],\"name\":\"Procedure\"},{\"type\":\"section\",\"props\":{\"image_position\":\"center-center\",\"padding\":\"large\",\"padding_remove_top\":false,\"style\":\"default\",\"title_breakpoint\":\"xl\",\"title_position\":\"top-left\",\"title_rotation\":\"left\",\"vertical_align\":\"middle\",\"width\":\"large\"},\"children\":[{\"type\":\"row\",\"children\":[{\"type\":\"column\",\"props\":{\"image_position\":\"center-center\",\"position_sticky_breakpoint\":\"m\"},\"children\":[{\"type\":\"headline\",\"props\":{\"content\":\"Otros Productos\",\"text_align\":\"center\",\"title_element\":\"h2\"}},{\"type\":\"grid\",\"props\":{\"content_column_breakpoint\":\"m\",\"filter_align\":\"left\",\"filter_all\":true,\"filter_grid_breakpoint\":\"m\",\"filter_grid_width\":\"auto\",\"filter_position\":\"top\",\"filter_style\":\"tab\",\"grid_default\":\"1\",\"grid_medium\":\"2\",\"icon_width\":80,\"image_align\":\"left\",\"image_grid_breakpoint\":\"\",\"image_grid_width\":\"2-5\",\"image_link\":false,\"image_svg_color\":\"emphasis\",\"image_vertical_align\":true,\"image_width\":\"610\",\"item_animation\":true,\"link_margin\":\"xlarge\",\"link_style\":\"default\",\"link_text\":\"<span uk-icon=\\\"icon: arrow-right; ratio: 1.4\\\"><\\\/span>\",\"margin\":\"medium\",\"meta_align\":\"below-title\",\"meta_color\":\"primary\",\"meta_element\":\"div\",\"meta_margin\":\"small\",\"meta_style\":\"h6\",\"panel_image_no_padding\":true,\"panel_link\":true,\"panel_padding\":\"default\",\"panel_style\":\"card-default\",\"parallax_easing\":\"1\",\"show_content\":true,\"show_image\":true,\"show_link\":true,\"show_meta\":true,\"show_title\":true,\"title_align\":\"top\",\"title_element\":\"h3\",\"title_grid_breakpoint\":\"m\",\"title_grid_width\":\"1-2\",\"title_hover_style\":\"reset\",\"title_link\":false},\"children\":[{\"type\":\"grid_item\",\"props\":{\"image\":\"wp-content\\\/uploads\\\/2024\\\/04\\\/Group-7.jpg\",\"link\":\"portal-proveedores\\\/\",\"meta\":\"Procesos Procurement to Pay\",\"title\":\"Portal Proveedores\"}},{\"type\":\"grid_item\",\"props\":{\"image\":\"wp-content\\\/uploads\\\/2024\\\/04\\\/Group-6.jpg\",\"link\":\"portal-clientes\\\/\",\"meta\":\"Procesos Order to Cash\",\"title\":\"Portal Clientes\"}}],\"modified\":\"2021-07-27T08:22:49.412Z\"}]}]}],\"name\":\"Otros Productos V2\"}],\"version\":\"4.3.4\"} --><\/p>\n","protected":false},"excerpt":{"rendered":"<p>Servicios Fiscales Remito Electr\u00f3nico &#8211; COT Agilidad en la gesti\u00f3n de remitos electr\u00f3nicos para la autorizaci\u00f3n del traslado de mercader\u00edas seg\u00fan normativas vigentes. Acceder Contexto El C\u00f3digo de Operaci\u00f3n de Traslado (C.O.T.) tiene como objetivo informar y autorizar el traslado de mercader\u00edas en territorio argentino seg\u00fan las normativas vigentes. Nuestro Servicio Planexware ofrece una soluci\u00f3n [&hellip;]<\/p>\n","protected":false},"author":2,"featured_media":0,"parent":0,"menu_order":0,"comment_status":"closed","ping_status":"closed","template":"","meta":{"_acf_changed":false,"footnotes":""},"class_list":["post-1367","page","type-page","status-publish","hentry"],"acf":[],"_links":{"self":[{"href":"https:\/\/test.planexware.com\/es\/wp-json\/wp\/v2\/pages\/1367","targetHints":{"allow":["GET"]}}],"collection":[{"href":"https:\/\/test.planexware.com\/es\/wp-json\/wp\/v2\/pages"}],"about":[{"href":"https:\/\/test.planexware.com\/es\/wp-json\/wp\/v2\/types\/page"}],"author":[{"embeddable":true,"href":"https:\/\/test.planexware.com\/es\/wp-json\/wp\/v2\/users\/2"}],"replies":[{"embeddable":true,"href":"https:\/\/test.planexware.com\/es\/wp-json\/wp\/v2\/comments?post=1367"}],"version-history":[{"count":41,"href":"https:\/\/test.planexware.com\/es\/wp-json\/wp\/v2\/pages\/1367\/revisions"}],"predecessor-version":[{"id":61754,"href":"https:\/\/test.planexware.com\/es\/wp-json\/wp\/v2\/pages\/1367\/revisions\/61754"}],"wp:attachment":[{"href":"https:\/\/test.planexware.com\/es\/wp-json\/wp\/v2\/media?parent=1367"}],"curies":[{"name":"wp","href":"https:\/\/api.w.org\/{rel}","templated":true}]}}