{"id":1364,"date":"2024-03-18T06:58:20","date_gmt":"2024-03-18T09:58:20","guid":{"rendered":"http:\/\/c2222163.ferozo.com\/?page_id=1364"},"modified":"2025-04-10T16:26:20","modified_gmt":"2025-04-10T19:26:20","slug":"facturas-credito-recibidas","status":"publish","type":"page","link":"https:\/\/test.planexware.com\/es\/facturas-credito-recibidas\/","title":{"rendered":"Gesti\u00f3n Factura de Cr\u00e9dito \u2013 Receptor"},"content":{"rendered":"<div>Servicios Fiscales<\/div>\n<h1>Gesti\u00f3n Factura de Cr\u00e9dito &#8211; Receptor<\/h1>\n<div>\n<p>Agilidad en la gesti\u00f3n de todas las Facturas de Cr\u00e9dito recibidas, monitoreo en tiempo real de todos los documentos, automatizaci\u00f3n de procesos entre ARCA y el ERP y planificaci\u00f3n del flujo de documentos sin riesgos de fraude.<\/p>\n<\/div>\n<p>\n    <a href=\"https:\/\/krikos360.planexware.net\/\" target=\"_blank\" rel=\"noopener\">Acceder<\/a>\n<\/p>\n<h3>Contexto<\/h3>\n<div>\n<p>La factura de cr\u00e9dito es uno de los instrumentos financieros impulsados por la Ley 27440 de Financiamiento Productivo que se orienta a las Pymes proveedoras de los Grandes Contribuyentes categorizados por ARCA.<\/p>\n<p>Las empresas receptores tienen la obligaci\u00f3n de declarar ante ARCA la gesti\u00f3n de las facturas de cr\u00e9dito: tienen hasta 21 d\u00edas para aceptarlas, rechazarlas o cancelarlas (pagarlos). Si no se informa a tiempo, la ARCA determina una \u201caceptaci\u00f3n t\u00e1cita\u201d y se convierten en t\u00edtulos ejecutivos de valor escritural.<\/p>\n<\/div>\n<h3>Nuestro Servicio<\/h3>\n<div>\n<p>Con el servicio de Planexware las grandes empresas pueden administrar y gestionar masivamente las facturas de cr\u00e9dito <span><span class=\"ui-provider ed bkk bbb bkl bkm bkn bko bkp bkq bkr bks bkt bku bkv bkw bkx bky bkz bla blb blc bld ble blf blg blh bli blj blk bll blm bln blo blp blq\" dir=\"ltr\">MiPyME<\/span><\/span> que reciben de sus proveedores. De esta forma anticipan el estado de cada comprobante y evitan d\u00e9bitos de facturas no autorizadas.<\/p>\n<\/div>\n<h3>Ventajas<\/h3>\n<ul>\n<li>\n<div>Panel 360\u00b0: Para visualizar de manera simple el estado de las facturas recibidas para gestionarlas en tiempo y forma.<\/div>\n<\/li>\n<li>\n<div>\n<p>Automatizaci\u00f3n total: Para informar a ARCA el estado de las facturas desde tu sistema de gesti\u00f3n (ERP) mediante una conexi\u00f3n automatizada, evitando duplicar tareas. La plataforma permite operar de forma individual (subiendo de a un comprobante) o masiva (varios comprobantes a la vez).<\/p>\n<\/div>\n<\/li>\n<li>\n<div>Control de fraude: Para detectar f\u00e1cilmente aquellas facturas que no est\u00e1n registradas en tu sistema de gesti\u00f3n (ERP) o las que fueron emitidas por proveedores no habituales.<\/div>\n<\/li>\n<li>\n<div>Legajo digital: Acceso a todos los comprobantes asociados a las facturas (notas de d\u00e9bito, notas de cr\u00e9dito) y conocimiento del saldo a pagar.<\/div>\n<\/li>\n<\/ul>\n<h3>Caracter\u00edsticas<\/h3>\n<ul>\n<li>\n<div>Segmentaci\u00f3n: Posibilidad de filtrar las facturas seg\u00fan totales por estado y fechas para su aceptaci\u00f3n, rechazo o cancelaci\u00f3n a tiempo.<\/div>\n<\/li>\n<li>\n<div>Detecci\u00f3n: Validar si la factura fue emitida con Sistema de Circulaci\u00f3n Abierta (SCA) o Agente de Dep\u00f3sito Colectivo (ADC), para saber a qui\u00e9n hay que pagarla (d\u00e9bito directo v\u00eda home banking, Caja de Valores o emisor original).<\/div>\n<\/li>\n<\/ul>\n<div>\n<h3>Gesti\u00f3n Factura de Cr\u00e9dito &#8211; Receptor<\/h3>\n<div>\u00bfTu empresa todav\u00eda no cuenta con un servicio confiable para gestionar las facturas de cr\u00e9dito recibidas?\n<\/div>\n<p><a href=\"#footer\">Solicitar Demo<\/a><\/p>\n<\/div>\n<h2>Otros Productos<\/h2>\n<ul>\n<li>\n<p>        <img decoding=\"async\" src=\"\/wp-content\/uploads\/2024\/04\/Group-7.jpg\" alt=\"\"><\/p>\n<h3>Portal Proveedores<\/h3>\n<p>Procesos Procurement to Pay<\/p>\n<p><a href=\"\/portal-proveedores\/\"><span uk-icon=\"icon: arrow-right; ratio: 1.4\"><\/span><\/a><\/p>\n<\/li>\n<li>\n<p>        <img decoding=\"async\" src=\"\/wp-content\/uploads\/2024\/04\/Group-6.jpg\" alt=\"\"><\/p>\n<h3>Portal Clientes<\/h3>\n<p>Procesos Order to Cash<\/p>\n<p><a href=\"\/portal-clientes\/\"><span uk-icon=\"icon: arrow-right; ratio: 1.4\"><\/span><\/a><\/p>\n<\/li>\n<\/ul>\n<p><!--more--><br \/>\n<!-- {\"type\":\"layout\",\"children\":[{\"name\":\"Hero\",\"type\":\"section\",\"props\":{\"image_position\":\"center-center\",\"padding\":\"large\",\"padding_remove_bottom\":true,\"style\":\"default\",\"title_breakpoint\":\"xl\",\"title_position\":\"top-left\",\"title_rotation\":\"left\",\"vertical_align\":\"middle\",\"width\":\"\"},\"children\":[{\"type\":\"row\",\"children\":[{\"type\":\"column\",\"props\":{\"image_position\":\"center-center\",\"position_sticky_breakpoint\":\"m\"},\"children\":[{\"type\":\"headline\",\"props\":{\"content\":\"Servicios Fiscales\",\"text_align\":\"center\",\"title_color\":\"primary\",\"title_element\":\"div\",\"title_style\":\"h6\"}},{\"type\":\"headline\",\"props\":{\"content\":\"Gesti\\u00f3n Factura de Cr\\u00e9dito - Receptor\",\"margin\":\"remove-vertical\",\"text_align\":\"center\",\"title_element\":\"h1\"}},{\"type\":\"text\",\"props\":{\"block_align\":\"center\",\"column_breakpoint\":\"m\",\"content\":\"\n\n<p>Agilidad en la gesti\\u00f3n de todas las Facturas de Cr\\u00e9dito recibidas, monitoreo en tiempo real de todos los documentos, automatizaci\\u00f3n de procesos entre ARCA y el ERP y planificaci\\u00f3n del flujo de documentos sin riesgos de fraude.<\\\/p>\",\"margin\":\"default\",\"margin_remove_bottom\":true,\"maxwidth\":\"xlarge\",\"text_align\":\"center\",\"text_style\":\"large\"}},{\"type\":\"button\",\"props\":{\"grid_column_gap\":\"small\",\"grid_row_gap\":\"small\",\"margin\":\"medium\",\"text_align\":\"center\",\"text_align_fallback\":\"center\"},\"children\":[{\"type\":\"button_item\",\"props\":{\"button_style\":\"primary\",\"content\":\"Acceder\",\"icon_align\":\"left\",\"link\":\"https:\\\/\\\/krikos360.planexware.net\\\/\",\"link_target\":\"blank\"}}],\"name\":\"Btn_Acceder\"}]}],\"props\":{\"width\":\"default\"}}]},{\"type\":\"section\",\"props\":{\"image_position\":\"center-center\",\"padding\":\"large\",\"padding_remove_bottom\":false,\"padding_remove_top\":false,\"style\":\"default\",\"title_breakpoint\":\"xl\",\"title_position\":\"top-left\",\"title_rotation\":\"left\",\"vertical_align\":\"middle\",\"width\":\"expand\"},\"children\":[{\"type\":\"row\",\"props\":{\"column_gap\":\"large\",\"layout\":\"2-3,1-3\",\"margin\":\"xlarge\",\"margin_remove_bottom\":true,\"row_gap\":\"large\",\"width\":\"default\"},\"children\":[{\"type\":\"column\",\"props\":{\"image_position\":\"center-center\",\"position_sticky_breakpoint\":\"m\",\"width_medium\":\"2-3\"},\"children\":[{\"type\":\"headline\",\"props\":{\"content\":\"Contexto\",\"position\":\"relative\",\"position_z_index\":\"1\",\"title_element\":\"h3\"}},{\"type\":\"text\",\"props\":{\"column_breakpoint\":\"m\",\"content\":\"\n\n<p>La factura de cr\\u00e9dito es uno de los instrumentos financieros impulsados por la Ley 27440 de Financiamiento Productivo que se orienta a las Pymes proveedoras de los Grandes Contribuyentes categorizados por ARCA.<\\\/p>\\n\n\n<p>Las empresas receptores tienen la obligaci\\u00f3n de declarar ante ARCA la gesti\\u00f3n de las facturas de cr\\u00e9dito: tienen hasta 21 d\\u00edas para aceptarlas, rechazarlas o cancelarlas (pagarlos). Si no se informa a tiempo, la ARCA determina una \\u201caceptaci\\u00f3n t\\u00e1cita\\u201d y se convierten en t\\u00edtulos ejecutivos de valor escritural.<\\\/p>\",\"margin\":\"default\",\"position\":\"relative\",\"position_z_index\":\"1\"}},{\"type\":\"headline\",\"props\":{\"content\":\"Nuestro Servicio\",\"margin\":\"large\",\"margin_remove_bottom\":true,\"position\":\"relative\",\"position_z_index\":\"1\",\"title_element\":\"h3\"}},{\"type\":\"image\",\"props\":{\"image\":\"wp-content\\\/uploads\\\/2024\\\/02\\\/pla_002.jpg\",\"image_svg_color\":\"emphasis\",\"image_width\":\"900\",\"margin\":\"default\",\"position\":\"relative\",\"position_z_index\":\"1\",\"status\":\"disabled\"}},{\"type\":\"text\",\"props\":{\"column_breakpoint\":\"m\",\"content\":\"\n\n<p>Con el servicio de Planexware las grandes empresas pueden administrar y gestionar masivamente las facturas de cr\\u00e9dito <span><span class=\\\"ui-provider ed bkk bbb bkl bkm bkn bko bkp bkq bkr bks bkt bku bkv bkw bkx bky bkz bla blb blc bld ble blf blg blh bli blj blk bll blm bln blo blp blq\\\" dir=\\\"ltr\\\">MiPyME<\\\/span><\\\/span> que reciben de sus proveedores. De esta forma anticipan el estado de cada comprobante y evitan d\\u00e9bitos de facturas no autorizadas.<\\\/p>\",\"margin\":\"medium\",\"position\":\"relative\",\"position_z_index\":\"1\"}},{\"type\":\"accordion\",\"props\":{\"collapsible\":true,\"content_column_breakpoint\":\"m\",\"image_align\":\"right\",\"image_grid_breakpoint\":\"s\",\"image_grid_width\":\"1-2\",\"image_svg_color\":\"emphasis\",\"image_width\":\"610\",\"link_style\":\"default\",\"link_text\":\"Read more\",\"position\":\"relative\",\"position_z_index\":\"1\",\"show_image\":true,\"show_link\":true,\"status\":\"disabled\"},\"children\":[{\"type\":\"accordion_item\",\"props\":{\"content\":\"Duis aute irure dolor in reprehenderit in voluptate velit esse cillum dolore eu fugiat nulla pariatur. Excepteur sint occaecat cupidatat non proident, sunt in culpa qui officia deserunt mollit anim id est laborum.\",\"title\":\"Bone Preparation\"}},{\"type\":\"accordion_item\",\"props\":{\"content\":\"\n\n<p>Lorem ipsum dolor sit amet, consectetur adipiscing elit, sed do eiusmod tempor incididunt ut labore et dolore magna aliqua. Ut enim ad minim veniam, quis nostrud exercitation ullamco laboris nisi ut aliquip ex ea commodo consequat. Duis aute irure dolor in reprehenderit in voluptate velit esse.<\\\/p>\\n\\n\n\n<div class=\\\"uk-grid-medium uk-child-width-1-2@s\\\" uk-grid>\\n\\t\n\n<div><img width=\\\"610\\\" height=\\\"390\\\" alt=\\\"\\\" src=\\\"wp-content\\\/uploads\\\/yootheme\\\/services-dental-implants-procedure-01.jpg\\\" loading=\\\"lazy\\\"><\\\/div>\\n    \n\n<div><img width=\\\"610\\\" height=\\\"390\\\" alt=\\\"\\\" src=\\\"wp-content\\\/uploads\\\/yootheme\\\/services-dental-implants-procedure-02.jpg\\\" loading=\\\"lazy\\\"><\\\/div>\\n<\\\/div>\",\"title\":\"Placing the Dental Implant\"}},{\"type\":\"accordion_item\",\"props\":{\"content\":\"Duis aute irure dolor in reprehenderit in voluptate velit esse cillum dolore eu fugiat nulla pariatur.\",\"title\":\"Healing Period\"}},{\"type\":\"accordion_item\",\"props\":{\"content\":\"Duis aute irure dolor in reprehenderit in voluptate velit esse cillum dolore eu fugiat nulla pariatur. Excepteur sint occaecat cupidatat non proident, sunt in culpa qui officia deserunt mollit anim id est laborum.\",\"title\":\"Placing the Abutment\"}},{\"type\":\"accordion_item\",\"props\":{\"content\":\"\n\n<p>Ut enim ad minim veniam, quis nostrud exercitation ullamco laboris nisi ut aliquip ex ea commodo consequat. Duis aute irure dolor in reprehenderit in voluptate velit esse.<\\\/p>\\n\n\n<p>Excepteur sint occaecat cupidatat non proident, sunt in culpa qui officia deserunt mollit anim id est laborum. Lorem ipsum dolor sit amet.<\\\/p>\",\"image\":\"wp-content\\\/uploads\\\/yootheme\\\/services-dental-implants-procedure-03.jpg\",\"title\":\"Placing the Crown\"}}]},{\"type\":\"headline\",\"props\":{\"content\":\"Ventajas\",\"margin\":\"large\",\"margin_remove_bottom\":true,\"position\":\"relative\",\"position_z_index\":\"1\",\"title_element\":\"h3\"}},{\"type\":\"list\",\"props\":{\"column_breakpoint\":\"m\",\"image_align\":\"left\",\"image_svg_color\":\"emphasis\",\"image_vertical_align\":true,\"list_element\":\"ul\",\"list_horizontal_separator\":\", \",\"list_marker\":\"disc\",\"list_marker_color\":\"primary\",\"list_type\":\"vertical\",\"position\":\"relative\",\"position_z_index\":\"1\",\"show_image\":true,\"show_link\":true},\"children\":[{\"type\":\"list_item\",\"props\":{\"content\":\"Panel 360\\u00b0: Para visualizar de manera simple el estado de las facturas recibidas para gestionarlas en tiempo y forma.\"}},{\"type\":\"list_item\",\"props\":{\"content\":\"\n\n<p>Automatizaci\\u00f3n total: Para informar a ARCA el estado de las facturas desde tu sistema de gesti\\u00f3n (ERP) mediante una conexi\\u00f3n automatizada, evitando duplicar tareas. La plataforma permite operar de forma individual (subiendo de a un comprobante) o masiva (varios comprobantes a la vez).<\\\/p>\"}},{\"type\":\"list_item\",\"props\":{\"content\":\"Control de fraude: Para detectar f\\u00e1cilmente aquellas facturas que no est\\u00e1n registradas en tu sistema de gesti\\u00f3n (ERP) o las que fueron emitidas por proveedores no habituales.\"}},{\"type\":\"list_item\",\"props\":{\"content\":\"Legajo digital: Acceso a todos los comprobantes asociados a las facturas (notas de d\\u00e9bito, notas de cr\\u00e9dito) y conocimiento del saldo a pagar.\"}}]},{\"type\":\"text\",\"props\":{\"column_breakpoint\":\"m\",\"content\":\"Duis aute irure dolor in reprehenderit in voluptate velit esse cillum dolore eu fugiat nulla pariatur. Excepteur sint occaecat cupidatat non proident, sunt in culpa qui officia deserunt mollit anim id est laborum. Lorem ipsum dolor sit amet, consectetur adipiscing elit, sed do eiusmod tempor incididunt ut labore et dolore magna aliqua. Ut enim ad minim veniam, quis nostrud exercitation ullamco laboris nisi ut aliquip ex ea commodo consequat. \",\"margin\":\"default\",\"position\":\"relative\",\"position_z_index\":\"1\",\"status\":\"disabled\"}},{\"type\":\"headline\",\"props\":{\"content\":\"Caracter\\u00edsticas\",\"margin\":\"large\",\"margin_remove_bottom\":true,\"position\":\"relative\",\"position_z_index\":\"1\",\"title_element\":\"h3\"}},{\"type\":\"text\",\"props\":{\"column_breakpoint\":\"m\",\"content\":\"Lorem ipsum dolor sit amet, consectetur adipiscing elit, sed do eiusmod tempor incididunt ut labore et dolore magna aliqua. Ut enim ad minim veniam, quis nostrud exercitation ullamco laboris nisi ut.\\n\",\"margin\":\"default\",\"position\":\"relative\",\"position_z_index\":\"1\",\"status\":\"disabled\"}},{\"type\":\"list\",\"props\":{\"column_breakpoint\":\"m\",\"image_align\":\"left\",\"image_svg_color\":\"emphasis\",\"image_vertical_align\":true,\"list_element\":\"ul\",\"list_horizontal_separator\":\", \",\"list_marker\":\"disc\",\"list_marker_color\":\"primary\",\"list_type\":\"vertical\",\"position\":\"relative\",\"position_z_index\":\"1\",\"show_image\":true,\"show_link\":true},\"children\":[{\"type\":\"list_item\",\"props\":{\"content\":\"Segmentaci\\u00f3n: Posibilidad de filtrar las facturas seg\\u00fan totales por estado y fechas para su aceptaci\\u00f3n, rechazo o cancelaci\\u00f3n a tiempo.\"}},{\"type\":\"list_item\",\"props\":{\"content\":\"Detecci\\u00f3n: Validar si la factura fue emitida con Sistema de Circulaci\\u00f3n Abierta (SCA) o Agente de Dep\\u00f3sito Colectivo (ADC), para saber a qui\\u00e9n hay que pagarla (d\\u00e9bito directo v\\u00eda home banking, Caja de Valores o emisor original).\"}}]}]},{\"type\":\"column\",\"props\":{\"image_position\":\"center-center\",\"order_first\":\"m\",\"position_sticky\":\"column\",\"position_sticky_breakpoint\":\"\",\"position_sticky_offset\":\"110\",\"width_medium\":\"1-3\"},\"children\":[{\"type\":\"panel\",\"props\":{\"content\":\"\\u00bfTu empresa todav\\u00eda no cuenta con un servicio confiable para gestionar las facturas de cr\\u00e9dito recibidas?\\n\",\"content_column_breakpoint\":\"m\",\"icon_width\":80,\"image_align\":\"top\",\"image_grid_breakpoint\":\"m\",\"image_grid_width\":\"1-2\",\"image_svg_color\":\"emphasis\",\"link\":\"#footer\",\"link_style\":\"default\",\"link_text\":\"Solicitar Demo\",\"margin\":\"default\",\"maxwidth\":\"medium\",\"maxwidth_breakpoint\":\"m\",\"meta_align\":\"below-title\",\"meta_element\":\"div\",\"meta_style\":\"text-meta\",\"position\":\"relative\",\"position_z_index\":\"1\",\"title\":\"Gesti\\u00f3n Factura de Cr\\u00e9dito - Receptor\",\"title_align\":\"top\",\"title_element\":\"h3\",\"title_grid_breakpoint\":\"m\",\"title_grid_width\":\"1-2\",\"title_hover_style\":\"reset\"}},{\"type\":\"headline\",\"props\":{\"content\":\"Downloads\",\"margin\":\"large\",\"margin_remove_bottom\":true,\"position\":\"relative\",\"position_z_index\":\"1\",\"status\":\"disabled\",\"title_element\":\"h4\"}},{\"type\":\"list\",\"props\":{\"class\":\"uk-text-emphasis\",\"column_breakpoint\":\"m\",\"icon\":\"file-pdf\",\"icon_color\":\"primary\",\"image_align\":\"left\",\"image_svg_color\":\"emphasis\",\"image_vertical_align\":true,\"link_style\":\"reset\",\"list_element\":\"ul\",\"list_horizontal_separator\":\", \",\"list_type\":\"vertical\",\"position\":\"relative\",\"position_z_index\":\"1\",\"show_image\":true,\"show_link\":true,\"status\":\"disabled\"},\"children\":[{\"type\":\"list_item\",\"props\":{\"content\":\"Dental Implants Brochure\",\"icon\":\"\",\"link\":\"#\"}},{\"type\":\"list_item\",\"props\":{\"content\":\"Patient Information\",\"icon\":\"\",\"link\":\"#\"}},{\"type\":\"list_item\",\"props\":{\"content\":\"Insurance Information\",\"icon\":\"\",\"link\":\"#\"}}]}]}]},{\"type\":\"row\",\"props\":{\"margin\":\"remove-vertical\",\"status\":\"disabled\"},\"children\":[{\"type\":\"column\",\"props\":{\"image_position\":\"center-center\",\"position_sticky_breakpoint\":\"m\"},\"children\":[{\"type\":\"image\",\"props\":{\"image\":\"wp-content\\\/uploads\\\/yootheme\\\/services-dental-implants-shape.svg\",\"image_height\":\"415\",\"image_svg_color\":\"\",\"image_svg_inline\":false,\"image_width\":\"370\",\"margin\":\"default\",\"position\":\"absolute\",\"position_bottom\":\"-140\",\"visibility\":\"xl\"}}]}]}],\"name\":\"Procedure\"},{\"type\":\"section\",\"props\":{\"image_position\":\"center-center\",\"padding\":\"large\",\"padding_remove_top\":false,\"style\":\"default\",\"title_breakpoint\":\"xl\",\"title_position\":\"top-left\",\"title_rotation\":\"left\",\"vertical_align\":\"middle\",\"width\":\"large\"},\"children\":[{\"type\":\"row\",\"children\":[{\"type\":\"column\",\"props\":{\"image_position\":\"center-center\",\"position_sticky_breakpoint\":\"m\"},\"children\":[{\"type\":\"headline\",\"props\":{\"content\":\"Otros Productos\",\"text_align\":\"center\",\"title_element\":\"h2\"}},{\"type\":\"grid\",\"props\":{\"content_column_breakpoint\":\"m\",\"filter_align\":\"left\",\"filter_all\":true,\"filter_grid_breakpoint\":\"m\",\"filter_grid_width\":\"auto\",\"filter_position\":\"top\",\"filter_style\":\"tab\",\"grid_default\":\"1\",\"grid_medium\":\"2\",\"icon_width\":80,\"image_align\":\"left\",\"image_grid_breakpoint\":\"\",\"image_grid_width\":\"2-5\",\"image_link\":false,\"image_svg_color\":\"emphasis\",\"image_vertical_align\":true,\"image_width\":\"610\",\"item_animation\":true,\"link_margin\":\"xlarge\",\"link_style\":\"default\",\"link_text\":\"<span uk-icon=\\\"icon: arrow-right; ratio: 1.4\\\"><\\\/span>\",\"margin\":\"medium\",\"meta_align\":\"below-title\",\"meta_color\":\"primary\",\"meta_element\":\"div\",\"meta_margin\":\"small\",\"meta_style\":\"h6\",\"panel_image_no_padding\":true,\"panel_link\":true,\"panel_padding\":\"default\",\"panel_style\":\"card-default\",\"parallax_easing\":\"1\",\"show_content\":true,\"show_image\":true,\"show_link\":true,\"show_meta\":true,\"show_title\":true,\"title_align\":\"top\",\"title_element\":\"h3\",\"title_grid_breakpoint\":\"m\",\"title_grid_width\":\"1-2\",\"title_hover_style\":\"reset\",\"title_link\":false},\"children\":[{\"type\":\"grid_item\",\"props\":{\"image\":\"wp-content\\\/uploads\\\/2024\\\/04\\\/Group-7.jpg\",\"link\":\"portal-proveedores\\\/\",\"meta\":\"Procesos Procurement to Pay\",\"title\":\"Portal Proveedores\"}},{\"type\":\"grid_item\",\"props\":{\"image\":\"wp-content\\\/uploads\\\/2024\\\/04\\\/Group-6.jpg\",\"link\":\"portal-clientes\\\/\",\"meta\":\"Procesos Order to Cash\",\"title\":\"Portal Clientes\"}}],\"modified\":\"2021-07-27T08:22:49.412Z\"}]}]}],\"name\":\"Otros Productos V2\"}],\"version\":\"4.3.4\"} --><\/p>\n","protected":false},"excerpt":{"rendered":"<p>Servicios Fiscales Gesti\u00f3n Factura de Cr\u00e9dito &#8211; Receptor Agilidad en la gesti\u00f3n de todas las Facturas de Cr\u00e9dito recibidas, monitoreo en tiempo real de todos los documentos, automatizaci\u00f3n de procesos entre ARCA y el ERP y planificaci\u00f3n del flujo de documentos sin riesgos de fraude. Acceder Contexto La factura de cr\u00e9dito es uno de los [&hellip;]<\/p>\n","protected":false},"author":2,"featured_media":0,"parent":0,"menu_order":0,"comment_status":"closed","ping_status":"closed","template":"","meta":{"_acf_changed":false,"footnotes":""},"class_list":["post-1364","page","type-page","status-publish","hentry"],"acf":[],"_links":{"self":[{"href":"https:\/\/test.planexware.com\/es\/wp-json\/wp\/v2\/pages\/1364","targetHints":{"allow":["GET"]}}],"collection":[{"href":"https:\/\/test.planexware.com\/es\/wp-json\/wp\/v2\/pages"}],"about":[{"href":"https:\/\/test.planexware.com\/es\/wp-json\/wp\/v2\/types\/page"}],"author":[{"embeddable":true,"href":"https:\/\/test.planexware.com\/es\/wp-json\/wp\/v2\/users\/2"}],"replies":[{"embeddable":true,"href":"https:\/\/test.planexware.com\/es\/wp-json\/wp\/v2\/comments?post=1364"}],"version-history":[{"count":35,"href":"https:\/\/test.planexware.com\/es\/wp-json\/wp\/v2\/pages\/1364\/revisions"}],"predecessor-version":[{"id":60309,"href":"https:\/\/test.planexware.com\/es\/wp-json\/wp\/v2\/pages\/1364\/revisions\/60309"}],"wp:attachment":[{"href":"https:\/\/test.planexware.com\/es\/wp-json\/wp\/v2\/media?parent=1364"}],"curies":[{"name":"wp","href":"https:\/\/api.w.org\/{rel}","templated":true}]}}