{"id":1361,"date":"2024-03-18T06:57:02","date_gmt":"2024-03-18T09:57:02","guid":{"rendered":"http:\/\/c2222163.ferozo.com\/?page_id=1361"},"modified":"2025-04-10T16:20:08","modified_gmt":"2025-04-10T19:20:08","slug":"facturas-credito-emitidas","status":"publish","type":"page","link":"https:\/\/test.planexware.com\/es\/facturas-credito-emitidas\/","title":{"rendered":"Gesti\u00f3n Factura de Cr\u00e9dito \u2013 Emisor"},"content":{"rendered":"<div>Servicios Fiscales<\/div>\n<h1>Gesti\u00f3n Factura de Cr\u00e9dito &#8211; Emisor<\/h1>\n<div>\n<p>Trazabilidad del estado de cada comprobante MiPyME emitido a Grandes Contribuyentes para asegurar su cobranza.<\/p>\n<\/div>\n<p>\n    <a href=\"https:\/\/krikos360.planexware.net\/\" target=\"_blank\" rel=\"noopener\">Acceder<\/a>\n<\/p>\n<h3>Contexto<\/h3>\n<div>\n<p>Seg\u00fan la Ley 27440 de Financiamiento Productivo las peque\u00f1as y medianas empresas deben emitir Facturas de Cr\u00e9dito\u00a0<span class=\"ui-provider ed bkk bbb bkl bkm bkn bko bkp bkq bkr bks bkt bku bkv bkw bkx bky bkz bla blb blc bld ble blf blg blh bli blj blk bll blm bln blo blp blq\" dir=\"ltr\">MiPyME<\/span> a toda empresa categorizada como Gran Contribuyente por ARCA.<\/p>\n<p>Las empresas receptores tienen la obligaci\u00f3n de declarar ante ARCA la gesti\u00f3n de las facturas de cr\u00e9dito: tienen hasta 21 d\u00edas para aceptarlas, rechazarlas o cancelarlas (pagarlos). Si no se informa a tiempo, la ARCA determina una \u201caceptaci\u00f3n t\u00e1cita\u201d y se convierten en t\u00edtulos ejecutivos de valor escritural.<\/p>\n<\/div>\n<h3>Nuestro Servicio<\/h3>\n<div>\n<p>Planexware ofrece un servicio que posibilita el monitoreo en tiempo real del estado de cada Factura de Cr\u00e9dito <span><span class=\"ui-provider ed bkk bbb bkl bkm bkn bko bkp bkq bkr bks bkt bku bkv bkw bkx bky bkz bla blb blc bld ble blf blg blh bli blj blk bll blm bln blo blp blq\" dir=\"ltr\">MiPyME<\/span><\/span> emitida a Grandes Contribuyentes. Nuestro servicio proporciona actualizaciones instant\u00e1neas sobre cualquier acci\u00f3n llevada a cabo en relaci\u00f3n con la factura en el domicilio fiscal, lo que permite anticipar posibles inconvenientes y tomar medidas correctivas de forma oportuna. Adem\u00e1s, automatiza el seguimiento de tus facturas, librando a tu equipo para realizar otras tareas de mayor valor operativo.<\/p>\n<\/div>\n<h3>Ventajas<\/h3>\n<ul>\n<li>\n<div>\n<p>Seguimiento del estado de las cuentas corrientes generadas en el DFE de ARCA a partir de los comprobantes MiPyME emitidos:<br \/>1) Aceptada: El receptor inform\u00f3 a la ARCA la aceptaci\u00f3n de una Cta. Cte. El emisor puede negociar o esperar el pago de la misma.<br \/>2) Cancelada: El receptor va a realizar el pago total o parcial de una Cta. Cte. <br \/>3) Rechazada: El receptor realiz\u00f3 el rechazo de una Cta. Cte. No se puede negociar, se deber\u00e1 realizar una Nota de cr\u00e9dito MiPyME.<\/p>\n<\/div>\n<\/li>\n<li>\n<div>\n<p><span>M\u00faltiples alternativas para enviar todos sus comprobantes y facturas de cr\u00e9dito a sus clientes<\/span><\/p>\n<\/div>\n<\/li>\n<li>\n<div>Almacenamiento seg\u00fan las necesidades de su compa\u00f1\u00eda.<\/div>\n<\/li>\n<\/ul>\n<h3>Caracter\u00edsticas<\/h3>\n<ul>\n<li>\n<div>M\u00faltiples alternativas para enviar todos sus comprobantes y facturas de cr\u00e9dito a sus clientes<\/div>\n<\/li>\n<li>\n<div>\n<p>Almacenamiento seg\u00fan las necesidades de su compa\u00f1\u00eda.<\/p>\n<\/div>\n<\/li>\n<li>\n<div>\n<p><span>Actualizaci\u00f3n de estados de los comprobantes dos veces al d\u00eda<\/span><\/p>\n<\/div>\n<\/li>\n<\/ul>\n<div>\n<h3>Gesti\u00f3n Factura de Cr\u00e9dito &#8211; Emisor<\/h3>\n<div>\u00bfTu empresa todav\u00eda no cuenta con un servicio confiable para gestionar las facturas de cr\u00e9dito emitidas?\n<\/div>\n<p><a href=\"#footer\">Solicitar Demo<\/a><\/p>\n<\/div>\n<h2>Otros Productos<\/h2>\n<ul>\n<li>\n<p>        <img decoding=\"async\" src=\"\/wp-content\/uploads\/2024\/04\/Group-7.jpg\" alt=\"\"><\/p>\n<h3>Portal Proveedores<\/h3>\n<p>Procesos Procurement to Pay<\/p>\n<p><a href=\"\/portal-proveedores\/\"><span uk-icon=\"icon: arrow-right; ratio: 1.4\"><\/span><\/a><\/p>\n<\/li>\n<li>\n<p>        <img decoding=\"async\" src=\"\/wp-content\/uploads\/2024\/04\/Group-6.jpg\" alt=\"\"><\/p>\n<h3>Portal Clientes<\/h3>\n<p>Procesos Order to Cash<\/p>\n<p><a href=\"\/portal-clientes\/\"><span uk-icon=\"icon: arrow-right; ratio: 1.4\"><\/span><\/a><\/p>\n<\/li>\n<\/ul>\n<p><!--more--><br \/>\n<!-- {\"type\":\"layout\",\"children\":[{\"name\":\"Hero\",\"type\":\"section\",\"props\":{\"image_position\":\"center-center\",\"padding\":\"large\",\"padding_remove_bottom\":true,\"style\":\"default\",\"title_breakpoint\":\"xl\",\"title_position\":\"top-left\",\"title_rotation\":\"left\",\"vertical_align\":\"middle\",\"width\":\"\"},\"children\":[{\"type\":\"row\",\"children\":[{\"type\":\"column\",\"props\":{\"image_position\":\"center-center\",\"position_sticky_breakpoint\":\"m\"},\"children\":[{\"type\":\"headline\",\"props\":{\"content\":\"Servicios Fiscales\",\"text_align\":\"center\",\"title_color\":\"primary\",\"title_element\":\"div\",\"title_style\":\"h6\"}},{\"type\":\"headline\",\"props\":{\"content\":\"Gesti\\u00f3n Factura de Cr\\u00e9dito - Emisor\",\"margin\":\"remove-vertical\",\"text_align\":\"center\",\"title_element\":\"h1\"}},{\"type\":\"text\",\"props\":{\"block_align\":\"center\",\"column_breakpoint\":\"m\",\"content\":\"\n\n<p>Trazabilidad del estado de cada comprobante MiPyME emitido a Grandes Contribuyentes para asegurar su cobranza.<\\\/p>\",\"margin\":\"default\",\"margin_remove_bottom\":true,\"maxwidth\":\"xlarge\",\"text_align\":\"center\",\"text_style\":\"large\"}},{\"type\":\"button\",\"props\":{\"grid_column_gap\":\"small\",\"grid_row_gap\":\"small\",\"margin\":\"medium\",\"text_align\":\"center\",\"text_align_fallback\":\"center\"},\"children\":[{\"type\":\"button_item\",\"props\":{\"button_style\":\"primary\",\"content\":\"Acceder\",\"icon_align\":\"left\",\"link\":\"https:\\\/\\\/krikos360.planexware.net\\\/\",\"link_target\":\"blank\"}}],\"name\":\"Btn_Acceder\"}]}],\"props\":{\"width\":\"default\"}}]},{\"type\":\"section\",\"props\":{\"image_position\":\"center-center\",\"padding\":\"large\",\"padding_remove_bottom\":false,\"padding_remove_top\":false,\"style\":\"default\",\"title_breakpoint\":\"xl\",\"title_position\":\"top-left\",\"title_rotation\":\"left\",\"vertical_align\":\"middle\",\"width\":\"expand\"},\"children\":[{\"type\":\"row\",\"props\":{\"column_gap\":\"large\",\"layout\":\"2-3,1-3\",\"margin\":\"xlarge\",\"margin_remove_bottom\":true,\"row_gap\":\"large\",\"width\":\"default\"},\"children\":[{\"type\":\"column\",\"props\":{\"image_position\":\"center-center\",\"position_sticky_breakpoint\":\"m\",\"width_medium\":\"2-3\"},\"children\":[{\"type\":\"headline\",\"props\":{\"content\":\"Contexto\",\"position\":\"relative\",\"position_z_index\":\"1\",\"title_element\":\"h3\"}},{\"type\":\"text\",\"props\":{\"column_breakpoint\":\"m\",\"content\":\"\n\n<p>Seg\\u00fan la Ley 27440 de Financiamiento Productivo las peque\\u00f1as y medianas empresas deben emitir Facturas de Cr\\u00e9dito\\u00a0<span class=\\\"ui-provider ed bkk bbb bkl bkm bkn bko bkp bkq bkr bks bkt bku bkv bkw bkx bky bkz bla blb blc bld ble blf blg blh bli blj blk bll blm bln blo blp blq\\\" dir=\\\"ltr\\\">MiPyME<\\\/span> a toda empresa categorizada como Gran Contribuyente por ARCA.<\\\/p>\\n\n\n<p>Las empresas receptores tienen la obligaci\\u00f3n de declarar ante ARCA la gesti\\u00f3n de las facturas de cr\\u00e9dito: tienen hasta 21 d\\u00edas para aceptarlas, rechazarlas o cancelarlas (pagarlos). Si no se informa a tiempo, la ARCA determina una \\u201caceptaci\\u00f3n t\\u00e1cita\\u201d y se convierten en t\\u00edtulos ejecutivos de valor escritural.<\\\/p>\",\"margin\":\"default\",\"position\":\"relative\",\"position_z_index\":\"1\"}},{\"type\":\"headline\",\"props\":{\"content\":\"Nuestro Servicio\",\"margin\":\"large\",\"margin_remove_bottom\":true,\"position\":\"relative\",\"position_z_index\":\"1\",\"title_element\":\"h3\"}},{\"type\":\"image\",\"props\":{\"image\":\"wp-content\\\/uploads\\\/2024\\\/02\\\/pla_002.jpg\",\"image_svg_color\":\"emphasis\",\"image_width\":\"900\",\"margin\":\"default\",\"position\":\"relative\",\"position_z_index\":\"1\",\"status\":\"disabled\"}},{\"type\":\"text\",\"props\":{\"column_breakpoint\":\"m\",\"content\":\"\n\n<p>Planexware ofrece un servicio que posibilita el monitoreo en tiempo real del estado de cada Factura de Cr\\u00e9dito <span><span class=\\\"ui-provider ed bkk bbb bkl bkm bkn bko bkp bkq bkr bks bkt bku bkv bkw bkx bky bkz bla blb blc bld ble blf blg blh bli blj blk bll blm bln blo blp blq\\\" dir=\\\"ltr\\\">MiPyME<\\\/span><\\\/span> emitida a Grandes Contribuyentes. Nuestro servicio proporciona actualizaciones instant\\u00e1neas sobre cualquier acci\\u00f3n llevada a cabo en relaci\\u00f3n con la factura en el domicilio fiscal, lo que permite anticipar posibles inconvenientes y tomar medidas correctivas de forma oportuna. Adem\\u00e1s, automatiza el seguimiento de tus facturas, librando a tu equipo para realizar otras tareas de mayor valor operativo.<\\\/p>\",\"margin\":\"medium\",\"position\":\"relative\",\"position_z_index\":\"1\"}},{\"type\":\"accordion\",\"props\":{\"collapsible\":true,\"content_column_breakpoint\":\"m\",\"image_align\":\"right\",\"image_grid_breakpoint\":\"s\",\"image_grid_width\":\"1-2\",\"image_svg_color\":\"emphasis\",\"image_width\":\"610\",\"link_style\":\"default\",\"link_text\":\"Read more\",\"position\":\"relative\",\"position_z_index\":\"1\",\"show_image\":true,\"show_link\":true,\"status\":\"disabled\"},\"children\":[{\"type\":\"accordion_item\",\"props\":{\"content\":\"Duis aute irure dolor in reprehenderit in voluptate velit esse cillum dolore eu fugiat nulla pariatur. Excepteur sint occaecat cupidatat non proident, sunt in culpa qui officia deserunt mollit anim id est laborum.\",\"title\":\"Bone Preparation\"}},{\"type\":\"accordion_item\",\"props\":{\"content\":\"\n\n<p>Lorem ipsum dolor sit amet, consectetur adipiscing elit, sed do eiusmod tempor incididunt ut labore et dolore magna aliqua. Ut enim ad minim veniam, quis nostrud exercitation ullamco laboris nisi ut aliquip ex ea commodo consequat. Duis aute irure dolor in reprehenderit in voluptate velit esse.<\\\/p>\\n\\n\n\n<div class=\\\"uk-grid-medium uk-child-width-1-2@s\\\" uk-grid>\\n\\t\n\n<div><img width=\\\"610\\\" height=\\\"390\\\" alt=\\\"\\\" src=\\\"wp-content\\\/uploads\\\/yootheme\\\/services-dental-implants-procedure-01.jpg\\\" loading=\\\"lazy\\\"><\\\/div>\\n    \n\n<div><img width=\\\"610\\\" height=\\\"390\\\" alt=\\\"\\\" src=\\\"wp-content\\\/uploads\\\/yootheme\\\/services-dental-implants-procedure-02.jpg\\\" loading=\\\"lazy\\\"><\\\/div>\\n<\\\/div>\",\"title\":\"Placing the Dental Implant\"}},{\"type\":\"accordion_item\",\"props\":{\"content\":\"Duis aute irure dolor in reprehenderit in voluptate velit esse cillum dolore eu fugiat nulla pariatur.\",\"title\":\"Healing Period\"}},{\"type\":\"accordion_item\",\"props\":{\"content\":\"Duis aute irure dolor in reprehenderit in voluptate velit esse cillum dolore eu fugiat nulla pariatur. Excepteur sint occaecat cupidatat non proident, sunt in culpa qui officia deserunt mollit anim id est laborum.\",\"title\":\"Placing the Abutment\"}},{\"type\":\"accordion_item\",\"props\":{\"content\":\"\n\n<p>Ut enim ad minim veniam, quis nostrud exercitation ullamco laboris nisi ut aliquip ex ea commodo consequat. Duis aute irure dolor in reprehenderit in voluptate velit esse.<\\\/p>\\n\n\n<p>Excepteur sint occaecat cupidatat non proident, sunt in culpa qui officia deserunt mollit anim id est laborum. Lorem ipsum dolor sit amet.<\\\/p>\",\"image\":\"wp-content\\\/uploads\\\/yootheme\\\/services-dental-implants-procedure-03.jpg\",\"title\":\"Placing the Crown\"}}]},{\"type\":\"headline\",\"props\":{\"content\":\"Ventajas\",\"margin\":\"large\",\"margin_remove_bottom\":true,\"position\":\"relative\",\"position_z_index\":\"1\",\"title_element\":\"h3\"}},{\"type\":\"list\",\"props\":{\"column_breakpoint\":\"m\",\"image_align\":\"left\",\"image_svg_color\":\"emphasis\",\"image_vertical_align\":true,\"list_element\":\"ul\",\"list_horizontal_separator\":\", \",\"list_marker\":\"disc\",\"list_marker_color\":\"primary\",\"list_type\":\"vertical\",\"position\":\"relative\",\"position_z_index\":\"1\",\"show_image\":true,\"show_link\":true},\"children\":[{\"type\":\"list_item\",\"props\":{\"content\":\"\n\n<p>Seguimiento del estado de las cuentas corrientes generadas en el DFE de ARCA a partir de los comprobantes MiPyME emitidos:<br \\\/>1) Aceptada: El receptor inform\\u00f3 a la ARCA la aceptaci\\u00f3n de una Cta. Cte. El emisor puede negociar o esperar el pago de la misma.<br \\\/>2) Cancelada: El receptor va a realizar el pago total o parcial de una Cta. Cte. <br \\\/>3) Rechazada: El receptor realiz\\u00f3 el rechazo de una Cta. Cte. No se puede negociar, se deber\\u00e1 realizar una Nota de cr\\u00e9dito MiPyME.<\\\/p>\"}},{\"type\":\"list_item\",\"props\":{\"content\":\"\n\n<p><span>M\\u00faltiples alternativas para enviar todos sus comprobantes y facturas de cr\\u00e9dito a sus clientes<\\\/span><\\\/p>\"}},{\"type\":\"list_item\",\"props\":{\"content\":\"Almacenamiento seg\\u00fan las necesidades de su compa\\u00f1\\u00eda.\"}}]},{\"type\":\"text\",\"props\":{\"column_breakpoint\":\"m\",\"content\":\"Duis aute irure dolor in reprehenderit in voluptate velit esse cillum dolore eu fugiat nulla pariatur. Excepteur sint occaecat cupidatat non proident, sunt in culpa qui officia deserunt mollit anim id est laborum. Lorem ipsum dolor sit amet, consectetur adipiscing elit, sed do eiusmod tempor incididunt ut labore et dolore magna aliqua. Ut enim ad minim veniam, quis nostrud exercitation ullamco laboris nisi ut aliquip ex ea commodo consequat. \",\"margin\":\"default\",\"position\":\"relative\",\"position_z_index\":\"1\",\"status\":\"disabled\"}},{\"type\":\"headline\",\"props\":{\"content\":\"Caracter\\u00edsticas\",\"margin\":\"large\",\"margin_remove_bottom\":true,\"position\":\"relative\",\"position_z_index\":\"1\",\"title_element\":\"h3\"}},{\"type\":\"text\",\"props\":{\"column_breakpoint\":\"m\",\"content\":\"Lorem ipsum dolor sit amet, consectetur adipiscing elit, sed do eiusmod tempor incididunt ut labore et dolore magna aliqua. Ut enim ad minim veniam, quis nostrud exercitation ullamco laboris nisi ut.\\n\",\"margin\":\"default\",\"position\":\"relative\",\"position_z_index\":\"1\",\"status\":\"disabled\"}},{\"type\":\"list\",\"props\":{\"column_breakpoint\":\"m\",\"image_align\":\"left\",\"image_svg_color\":\"emphasis\",\"image_vertical_align\":true,\"list_element\":\"ul\",\"list_horizontal_separator\":\", \",\"list_marker\":\"disc\",\"list_marker_color\":\"primary\",\"list_type\":\"vertical\",\"position\":\"relative\",\"position_z_index\":\"1\",\"show_image\":true,\"show_link\":true},\"children\":[{\"type\":\"list_item\",\"props\":{\"content\":\"M\\u00faltiples alternativas para enviar todos sus comprobantes y facturas de cr\\u00e9dito a sus clientes\"}},{\"type\":\"list_item\",\"props\":{\"content\":\"\n\n<p>Almacenamiento seg\\u00fan las necesidades de su compa\\u00f1\\u00eda.<\\\/p>\"}},{\"type\":\"list_item\",\"props\":{\"content\":\"\n\n<p><span>Actualizaci\\u00f3n de estados de los comprobantes dos veces al d\\u00eda<\\\/span><\\\/p>\"}}]}]},{\"type\":\"column\",\"props\":{\"image_position\":\"center-center\",\"order_first\":\"m\",\"position_sticky\":\"column\",\"position_sticky_breakpoint\":\"\",\"position_sticky_offset\":\"110\",\"width_medium\":\"1-3\"},\"children\":[{\"type\":\"panel\",\"props\":{\"content\":\"\\u00bfTu empresa todav\\u00eda no cuenta con un servicio confiable para gestionar las facturas de cr\\u00e9dito emitidas?\\n\",\"content_column_breakpoint\":\"m\",\"icon_width\":80,\"image_align\":\"top\",\"image_grid_breakpoint\":\"m\",\"image_grid_width\":\"1-2\",\"image_svg_color\":\"emphasis\",\"link\":\"#footer\",\"link_style\":\"default\",\"link_text\":\"Solicitar Demo\",\"margin\":\"default\",\"maxwidth\":\"medium\",\"maxwidth_breakpoint\":\"m\",\"meta_align\":\"below-title\",\"meta_element\":\"div\",\"meta_style\":\"text-meta\",\"position\":\"relative\",\"position_z_index\":\"1\",\"title\":\"Gesti\\u00f3n Factura de Cr\\u00e9dito - Emisor\",\"title_align\":\"top\",\"title_element\":\"h3\",\"title_grid_breakpoint\":\"m\",\"title_grid_width\":\"1-2\",\"title_hover_style\":\"reset\"}},{\"type\":\"headline\",\"props\":{\"content\":\"Downloads\",\"margin\":\"large\",\"margin_remove_bottom\":true,\"position\":\"relative\",\"position_z_index\":\"1\",\"status\":\"disabled\",\"title_element\":\"h4\"}},{\"type\":\"list\",\"props\":{\"class\":\"uk-text-emphasis\",\"column_breakpoint\":\"m\",\"icon\":\"file-pdf\",\"icon_color\":\"primary\",\"image_align\":\"left\",\"image_svg_color\":\"emphasis\",\"image_vertical_align\":true,\"link_style\":\"reset\",\"list_element\":\"ul\",\"list_horizontal_separator\":\", \",\"list_type\":\"vertical\",\"position\":\"relative\",\"position_z_index\":\"1\",\"show_image\":true,\"show_link\":true,\"status\":\"disabled\"},\"children\":[{\"type\":\"list_item\",\"props\":{\"content\":\"Dental Implants Brochure\",\"icon\":\"\",\"link\":\"#\"}},{\"type\":\"list_item\",\"props\":{\"content\":\"Patient Information\",\"icon\":\"\",\"link\":\"#\"}},{\"type\":\"list_item\",\"props\":{\"content\":\"Insurance Information\",\"icon\":\"\",\"link\":\"#\"}}]}]}]},{\"type\":\"row\",\"props\":{\"margin\":\"remove-vertical\",\"status\":\"disabled\"},\"children\":[{\"type\":\"column\",\"props\":{\"image_position\":\"center-center\",\"position_sticky_breakpoint\":\"m\"},\"children\":[{\"type\":\"image\",\"props\":{\"image\":\"wp-content\\\/uploads\\\/yootheme\\\/services-dental-implants-shape.svg\",\"image_height\":\"415\",\"image_svg_color\":\"\",\"image_svg_inline\":false,\"image_width\":\"370\",\"margin\":\"default\",\"position\":\"absolute\",\"position_bottom\":\"-140\",\"visibility\":\"xl\"}}]}]}],\"name\":\"Procedure\"},{\"type\":\"section\",\"props\":{\"image_position\":\"center-center\",\"padding\":\"large\",\"padding_remove_top\":true,\"style\":\"default\",\"title_breakpoint\":\"xl\",\"title_position\":\"top-left\",\"title_rotation\":\"left\",\"vertical_align\":\"middle\",\"width\":\"large\"},\"children\":[{\"type\":\"row\",\"children\":[{\"type\":\"column\",\"props\":{\"image_position\":\"center-center\",\"position_sticky_breakpoint\":\"m\"},\"children\":[{\"type\":\"headline\",\"props\":{\"content\":\"Otros Productos\",\"text_align\":\"center\",\"title_element\":\"h2\"}},{\"type\":\"grid\",\"props\":{\"content_column_breakpoint\":\"m\",\"filter_align\":\"left\",\"filter_all\":true,\"filter_grid_breakpoint\":\"m\",\"filter_grid_width\":\"auto\",\"filter_position\":\"top\",\"filter_style\":\"tab\",\"grid_default\":\"1\",\"grid_medium\":\"2\",\"icon_width\":80,\"image_align\":\"left\",\"image_grid_breakpoint\":\"\",\"image_grid_width\":\"2-5\",\"image_link\":false,\"image_svg_color\":\"emphasis\",\"image_vertical_align\":true,\"image_width\":\"610\",\"item_animation\":true,\"link_margin\":\"xlarge\",\"link_style\":\"default\",\"link_text\":\"<span uk-icon=\\\"icon: arrow-right; ratio: 1.4\\\"><\\\/span>\",\"margin\":\"medium\",\"meta_align\":\"below-title\",\"meta_color\":\"primary\",\"meta_element\":\"div\",\"meta_margin\":\"small\",\"meta_style\":\"h6\",\"panel_image_no_padding\":true,\"panel_link\":true,\"panel_padding\":\"default\",\"panel_style\":\"card-default\",\"parallax_easing\":\"1\",\"show_content\":true,\"show_image\":true,\"show_link\":true,\"show_meta\":true,\"show_title\":true,\"title_align\":\"top\",\"title_element\":\"h3\",\"title_grid_breakpoint\":\"m\",\"title_grid_width\":\"1-2\",\"title_hover_style\":\"reset\",\"title_link\":false},\"children\":[{\"type\":\"grid_item\",\"props\":{\"image\":\"wp-content\\\/uploads\\\/2024\\\/04\\\/Group-7.jpg\",\"link\":\"portal-proveedores\\\/\",\"meta\":\"Procesos Procurement to Pay\",\"title\":\"Portal Proveedores\"}},{\"type\":\"grid_item\",\"props\":{\"image\":\"wp-content\\\/uploads\\\/2024\\\/04\\\/Group-6.jpg\",\"link\":\"portal-clientes\\\/\",\"meta\":\"Procesos Order to Cash\",\"title\":\"Portal Clientes\"}}],\"modified\":\"2021-07-27T08:22:49.412Z\"}]}]}],\"name\":\"05B\"}],\"version\":\"4.3.4\"} --><\/p>\n","protected":false},"excerpt":{"rendered":"<p>Servicios Fiscales Gesti\u00f3n Factura de Cr\u00e9dito &#8211; Emisor Trazabilidad del estado de cada comprobante MiPyME emitido a Grandes Contribuyentes para asegurar su cobranza. Acceder Contexto Seg\u00fan la Ley 27440 de Financiamiento Productivo las peque\u00f1as y medianas empresas deben emitir Facturas de Cr\u00e9dito\u00a0MiPyME a toda empresa categorizada como Gran Contribuyente por ARCA. Las empresas receptores tienen [&hellip;]<\/p>\n","protected":false},"author":2,"featured_media":0,"parent":0,"menu_order":0,"comment_status":"closed","ping_status":"closed","template":"","meta":{"_acf_changed":false,"footnotes":""},"class_list":["post-1361","page","type-page","status-publish","hentry"],"acf":[],"_links":{"self":[{"href":"https:\/\/test.planexware.com\/es\/wp-json\/wp\/v2\/pages\/1361","targetHints":{"allow":["GET"]}}],"collection":[{"href":"https:\/\/test.planexware.com\/es\/wp-json\/wp\/v2\/pages"}],"about":[{"href":"https:\/\/test.planexware.com\/es\/wp-json\/wp\/v2\/types\/page"}],"author":[{"embeddable":true,"href":"https:\/\/test.planexware.com\/es\/wp-json\/wp\/v2\/users\/2"}],"replies":[{"embeddable":true,"href":"https:\/\/test.planexware.com\/es\/wp-json\/wp\/v2\/comments?post=1361"}],"version-history":[{"count":40,"href":"https:\/\/test.planexware.com\/es\/wp-json\/wp\/v2\/pages\/1361\/revisions"}],"predecessor-version":[{"id":60306,"href":"https:\/\/test.planexware.com\/es\/wp-json\/wp\/v2\/pages\/1361\/revisions\/60306"}],"wp:attachment":[{"href":"https:\/\/test.planexware.com\/es\/wp-json\/wp\/v2\/media?parent=1361"}],"curies":[{"name":"wp","href":"https:\/\/api.w.org\/{rel}","templated":true}]}}