{"id":1358,"date":"2024-03-18T06:55:37","date_gmt":"2024-03-18T09:55:37","guid":{"rendered":"http:\/\/c2222163.ferozo.com\/?page_id=1358"},"modified":"2025-04-15T14:18:56","modified_gmt":"2025-04-15T17:18:56","slug":"cae-afip","status":"publish","type":"page","link":"https:\/\/test.planexware.com\/es\/cae-afip\/","title":{"rendered":"Factura Electr\u00f3nica &#8211; CAE"},"content":{"rendered":"<div>Servicios Fiscales<\/div>\n<h1>Factura Electr\u00f3nica &#8211; CAE<\/h1>\n<div>\n<p>Agilidad en la obtenci\u00f3n del CAE en todas sus formas seg\u00fan tipo de contribuyente y r\u00e9gimen ARCA para la emisi\u00f3n de Factura Electr\u00f3nica.<\/p>\n<\/div>\n<p>\n    <a href=\"https:\/\/cuentasenred.planexware.net\/\" target=\"_blank\" rel=\"noopener\">Acceder<\/a>\n<\/p>\n<h3>Contexto<\/h3>\n<div>\n<p>La Factura Electr\u00f3nica es un documento electr\u00f3nico que contiene los datos que identifican una transacci\u00f3n de compra-venta entre personas f\u00edsicas y\/o jur\u00eddicas, registrado ante ARCA mediante el otorgamiento de un C\u00f3digo de Autorizaci\u00f3n Electr\u00f3nica (C.A.E). Tambi\u00e9n puede solicitarse un C.A.E. Anticipado (CAE-A) para la quincena.<\/p>\n<\/div>\n<h3>Nuestro Servicio<\/h3>\n<div>\n<p>Planexware ofrece una plataforma homologada por ARCA que permite obtener el CAE en todas sus formas seg\u00fan el tipo de contribuyente.<\/p>\n<\/div>\n<h3>Ventajas<\/h3>\n<ul>\n<li>\n<div>Prestador especializado: M\u00e1s de 1 mill\u00f3n de CAEs obtenidos por mes.<\/div>\n<\/li>\n<li>\n<div>Monitoreo constante de la normativa fiscal para que cualquier cambio sea 100% transparente.<\/div>\n<\/li>\n<li>\n<div>R\u00e1pida implementaci\u00f3n y adaptable a todos los ERP del mercado.<\/div>\n<\/li>\n<li>\n<div>Tablero de control para seguimiento y gesti\u00f3n de recordatorios.<\/div>\n<\/li>\n<li>\n<div>M\u00faltiples esquemas para que el cliente reciba la factura.<\/div>\n<\/li>\n<\/ul>\n<h3>Caracter\u00edsticas<\/h3>\n<ul>\n<li>\n<div>Generaci\u00f3n del CAE en todas sus formas para la emisi\u00f3n de Factura Electr\u00f3nica.<\/div>\n<\/li>\n<li>\n<div>\n<p>Cumplimiento de la normativa de ARCA que corresponda seg\u00fan el tipo de contribuyente.<\/p>\n<\/div>\n<\/li>\n<li>\n<div>Generaci\u00f3n duplicados e IVA de ventas.<\/div>\n<\/li>\n<li>\n<div>\n<p>Storage: Almacenamiento de los comprobantes emitidos y las respuestas de ARCA.<\/p>\n<\/div>\n<\/li>\n<li>\n<div>Asociaci\u00f3n de la factura a otros comprobantes fiscales.<\/div>\n<\/li>\n<\/ul>\n<div>\n<h3>Factura Electr\u00f3nica &#8211; CAE<\/h3>\n<div>\n<p>\u00bfTu empresa todav\u00eda no cuenta con un servicio confiable para gestionar el CAE ante ARCA?<\/p>\n<\/div>\n<p><a href=\"#footer\">Solicitar Demo<\/a><\/p>\n<\/div>\n<h2>Otros Productos<\/h2>\n<ul>\n<li>\n<p>        <img decoding=\"async\" src=\"\/wp-content\/uploads\/2024\/04\/Group-7.jpg\" alt=\"\"><\/p>\n<h3>Portal Proveedores<\/h3>\n<p>Procesos Procurement to Pay<\/p>\n<p><a href=\"\/portal-proveedores\/\"><span uk-icon=\"icon: arrow-right; ratio: 1.4\"><\/span><\/a><\/p>\n<\/li>\n<li>\n<p>        <img decoding=\"async\" src=\"\/wp-content\/uploads\/2024\/04\/Group-6.jpg\" alt=\"\"><\/p>\n<h3>Portal Clientes<\/h3>\n<p>Procesos Order to Cash<\/p>\n<p><a href=\"\/portal-clientes\/\"><span uk-icon=\"icon: arrow-right; ratio: 1.4\"><\/span><\/a><\/p>\n<\/li>\n<\/ul>\n<p><!--more--><br \/>\n<!-- {\"type\":\"layout\",\"children\":[{\"name\":\"Hero\",\"type\":\"section\",\"props\":{\"image_position\":\"center-center\",\"padding\":\"large\",\"padding_remove_bottom\":true,\"style\":\"default\",\"title_breakpoint\":\"xl\",\"title_position\":\"top-left\",\"title_rotation\":\"left\",\"vertical_align\":\"middle\",\"width\":\"\"},\"children\":[{\"type\":\"row\",\"children\":[{\"type\":\"column\",\"props\":{\"image_position\":\"center-center\",\"position_sticky_breakpoint\":\"m\"},\"children\":[{\"type\":\"headline\",\"props\":{\"content\":\"Servicios Fiscales\",\"text_align\":\"center\",\"title_color\":\"primary\",\"title_element\":\"div\",\"title_style\":\"h6\"}},{\"type\":\"headline\",\"props\":{\"content\":\"Factura Electr\\u00f3nica - CAE\",\"margin\":\"remove-vertical\",\"text_align\":\"center\",\"title_element\":\"h1\"}},{\"type\":\"text\",\"props\":{\"block_align\":\"center\",\"column_breakpoint\":\"m\",\"content\":\"\n\n<p>Agilidad en la obtenci\\u00f3n del CAE en todas sus formas seg\\u00fan tipo de contribuyente y r\\u00e9gimen ARCA para la emisi\\u00f3n de Factura Electr\\u00f3nica.<\\\/p>\",\"margin\":\"default\",\"margin_remove_bottom\":true,\"maxwidth\":\"xlarge\",\"text_align\":\"center\",\"text_style\":\"large\"}},{\"type\":\"button\",\"props\":{\"grid_column_gap\":\"small\",\"grid_row_gap\":\"small\",\"margin\":\"medium\",\"text_align\":\"center\",\"text_align_fallback\":\"center\"},\"children\":[{\"type\":\"button_item\",\"props\":{\"button_style\":\"primary\",\"content\":\"Acceder\",\"icon_align\":\"left\",\"link\":\"https:\\\/\\\/cuentasenred.planexware.net\\\/\",\"link_target\":\"blank\"}}],\"name\":\"Btn_Acceder\"}]}],\"props\":{\"width\":\"default\"}}]},{\"type\":\"section\",\"props\":{\"image_position\":\"center-center\",\"padding\":\"large\",\"padding_remove_bottom\":false,\"padding_remove_top\":false,\"style\":\"default\",\"title_breakpoint\":\"xl\",\"title_position\":\"top-left\",\"title_rotation\":\"left\",\"vertical_align\":\"middle\",\"width\":\"expand\"},\"children\":[{\"type\":\"row\",\"props\":{\"column_gap\":\"large\",\"layout\":\"2-3,1-3\",\"margin\":\"xlarge\",\"margin_remove_bottom\":true,\"row_gap\":\"large\",\"width\":\"default\"},\"children\":[{\"type\":\"column\",\"props\":{\"image_position\":\"center-center\",\"position_sticky_breakpoint\":\"m\",\"width_medium\":\"2-3\"},\"children\":[{\"type\":\"headline\",\"props\":{\"content\":\"Contexto\",\"position\":\"relative\",\"position_z_index\":\"1\",\"title_element\":\"h3\"}},{\"type\":\"text\",\"props\":{\"column_breakpoint\":\"m\",\"content\":\"\n\n<p>La Factura Electr\\u00f3nica es un documento electr\\u00f3nico que contiene los datos que identifican una transacci\\u00f3n de compra-venta entre personas f\\u00edsicas y\\\/o jur\\u00eddicas, registrado ante ARCA mediante el otorgamiento de un C\\u00f3digo de Autorizaci\\u00f3n Electr\\u00f3nica (C.A.E). Tambi\\u00e9n puede solicitarse un C.A.E. Anticipado (CAE-A) para la quincena.<\\\/p>\",\"margin\":\"default\",\"position\":\"relative\",\"position_z_index\":\"1\"}},{\"type\":\"headline\",\"props\":{\"content\":\"Nuestro Servicio\",\"margin\":\"large\",\"margin_remove_bottom\":true,\"position\":\"relative\",\"position_z_index\":\"1\",\"title_element\":\"h3\"}},{\"type\":\"image\",\"props\":{\"image\":\"wp-content\\\/uploads\\\/2024\\\/02\\\/pla_002.jpg\",\"image_svg_color\":\"emphasis\",\"image_width\":\"900\",\"margin\":\"default\",\"position\":\"relative\",\"position_z_index\":\"1\",\"status\":\"disabled\"}},{\"type\":\"text\",\"props\":{\"column_breakpoint\":\"m\",\"content\":\"\n\n<p>Planexware ofrece una plataforma homologada por ARCA que permite obtener el CAE en todas sus formas seg\\u00fan el tipo de contribuyente.<\\\/p>\",\"margin\":\"medium\",\"position\":\"relative\",\"position_z_index\":\"1\"}},{\"type\":\"accordion\",\"props\":{\"collapsible\":true,\"content_column_breakpoint\":\"m\",\"image_align\":\"right\",\"image_grid_breakpoint\":\"s\",\"image_grid_width\":\"1-2\",\"image_svg_color\":\"emphasis\",\"image_width\":\"610\",\"link_style\":\"default\",\"link_text\":\"Read more\",\"position\":\"relative\",\"position_z_index\":\"1\",\"show_image\":true,\"show_link\":true,\"status\":\"disabled\"},\"children\":[{\"type\":\"accordion_item\",\"props\":{\"content\":\"Duis aute irure dolor in reprehenderit in voluptate velit esse cillum dolore eu fugiat nulla pariatur. Excepteur sint occaecat cupidatat non proident, sunt in culpa qui officia deserunt mollit anim id est laborum.\",\"title\":\"Bone Preparation\"}},{\"type\":\"accordion_item\",\"props\":{\"content\":\"\n\n<p>Lorem ipsum dolor sit amet, consectetur adipiscing elit, sed do eiusmod tempor incididunt ut labore et dolore magna aliqua. Ut enim ad minim veniam, quis nostrud exercitation ullamco laboris nisi ut aliquip ex ea commodo consequat. Duis aute irure dolor in reprehenderit in voluptate velit esse.<\\\/p>\\n\\n\n\n<div class=\\\"uk-grid-medium uk-child-width-1-2@s\\\" uk-grid>\\n\\t\n\n<div><img width=\\\"610\\\" height=\\\"390\\\" alt=\\\"\\\" src=\\\"wp-content\\\/uploads\\\/yootheme\\\/services-dental-implants-procedure-01.jpg\\\" loading=\\\"lazy\\\"><\\\/div>\\n    \n\n<div><img width=\\\"610\\\" height=\\\"390\\\" alt=\\\"\\\" src=\\\"wp-content\\\/uploads\\\/yootheme\\\/services-dental-implants-procedure-02.jpg\\\" loading=\\\"lazy\\\"><\\\/div>\\n<\\\/div>\",\"title\":\"Placing the Dental Implant\"}},{\"type\":\"accordion_item\",\"props\":{\"content\":\"Duis aute irure dolor in reprehenderit in voluptate velit esse cillum dolore eu fugiat nulla pariatur.\",\"title\":\"Healing Period\"}},{\"type\":\"accordion_item\",\"props\":{\"content\":\"Duis aute irure dolor in reprehenderit in voluptate velit esse cillum dolore eu fugiat nulla pariatur. Excepteur sint occaecat cupidatat non proident, sunt in culpa qui officia deserunt mollit anim id est laborum.\",\"title\":\"Placing the Abutment\"}},{\"type\":\"accordion_item\",\"props\":{\"content\":\"\n\n<p>Ut enim ad minim veniam, quis nostrud exercitation ullamco laboris nisi ut aliquip ex ea commodo consequat. Duis aute irure dolor in reprehenderit in voluptate velit esse.<\\\/p>\\n\n\n<p>Excepteur sint occaecat cupidatat non proident, sunt in culpa qui officia deserunt mollit anim id est laborum. Lorem ipsum dolor sit amet.<\\\/p>\",\"image\":\"wp-content\\\/uploads\\\/yootheme\\\/services-dental-implants-procedure-03.jpg\",\"title\":\"Placing the Crown\"}}]},{\"type\":\"headline\",\"props\":{\"content\":\"Ventajas\",\"margin\":\"large\",\"margin_remove_bottom\":true,\"position\":\"relative\",\"position_z_index\":\"1\",\"title_element\":\"h3\"}},{\"type\":\"list\",\"props\":{\"column_breakpoint\":\"m\",\"image_align\":\"left\",\"image_svg_color\":\"emphasis\",\"image_vertical_align\":true,\"list_element\":\"ul\",\"list_horizontal_separator\":\", \",\"list_marker\":\"disc\",\"list_marker_color\":\"primary\",\"list_type\":\"vertical\",\"position\":\"relative\",\"position_z_index\":\"1\",\"show_image\":true,\"show_link\":true},\"children\":[{\"type\":\"list_item\",\"props\":{\"content\":\"Prestador especializado: M\\u00e1s de 1 mill\\u00f3n de CAEs obtenidos por mes.\"}},{\"type\":\"list_item\",\"props\":{\"content\":\"Monitoreo constante de la normativa fiscal para que cualquier cambio sea 100% transparente.\"}},{\"type\":\"list_item\",\"props\":{\"content\":\"R\\u00e1pida implementaci\\u00f3n y adaptable a todos los ERP del mercado.\"}},{\"type\":\"list_item\",\"props\":{\"content\":\"Tablero de control para seguimiento y gesti\\u00f3n de recordatorios.\"}},{\"type\":\"list_item\",\"props\":{\"content\":\"M\\u00faltiples esquemas para que el cliente reciba la factura.\"}}]},{\"type\":\"text\",\"props\":{\"column_breakpoint\":\"m\",\"content\":\"Duis aute irure dolor in reprehenderit in voluptate velit esse cillum dolore eu fugiat nulla pariatur. Excepteur sint occaecat cupidatat non proident, sunt in culpa qui officia deserunt mollit anim id est laborum. Lorem ipsum dolor sit amet, consectetur adipiscing elit, sed do eiusmod tempor incididunt ut labore et dolore magna aliqua. Ut enim ad minim veniam, quis nostrud exercitation ullamco laboris nisi ut aliquip ex ea commodo consequat. \",\"margin\":\"default\",\"position\":\"relative\",\"position_z_index\":\"1\",\"status\":\"disabled\"}},{\"type\":\"headline\",\"props\":{\"content\":\"Caracter\\u00edsticas\",\"margin\":\"large\",\"margin_remove_bottom\":true,\"position\":\"relative\",\"position_z_index\":\"1\",\"title_element\":\"h3\"}},{\"type\":\"text\",\"props\":{\"column_breakpoint\":\"m\",\"content\":\"Lorem ipsum dolor sit amet, consectetur adipiscing elit, sed do eiusmod tempor incididunt ut labore et dolore magna aliqua. Ut enim ad minim veniam, quis nostrud exercitation ullamco laboris nisi ut.\\n\",\"margin\":\"default\",\"position\":\"relative\",\"position_z_index\":\"1\",\"status\":\"disabled\"}},{\"type\":\"list\",\"props\":{\"column_breakpoint\":\"m\",\"image_align\":\"left\",\"image_svg_color\":\"emphasis\",\"image_vertical_align\":true,\"list_element\":\"ul\",\"list_horizontal_separator\":\", \",\"list_marker\":\"disc\",\"list_marker_color\":\"primary\",\"list_type\":\"vertical\",\"position\":\"relative\",\"position_z_index\":\"1\",\"show_image\":true,\"show_link\":true},\"children\":[{\"type\":\"list_item\",\"props\":{\"content\":\"Generaci\\u00f3n del CAE en todas sus formas para la emisi\\u00f3n de Factura Electr\\u00f3nica.\"}},{\"type\":\"list_item\",\"props\":{\"content\":\"\n\n<p>Cumplimiento de la normativa de ARCA que corresponda seg\\u00fan el tipo de contribuyente.<\\\/p>\"}},{\"type\":\"list_item\",\"props\":{\"content\":\"Generaci\\u00f3n duplicados e IVA de ventas.\"}},{\"type\":\"list_item\",\"props\":{\"content\":\"\n\n<p>Storage: Almacenamiento de los comprobantes emitidos y las respuestas de ARCA.<\\\/p>\"}},{\"type\":\"list_item\",\"props\":{\"content\":\"Asociaci\\u00f3n de la factura a otros comprobantes fiscales.\"}}]}]},{\"type\":\"column\",\"props\":{\"image_position\":\"center-center\",\"order_first\":\"m\",\"position_sticky\":\"column\",\"position_sticky_breakpoint\":\"\",\"position_sticky_offset\":\"110\",\"width_medium\":\"1-3\"},\"children\":[{\"type\":\"panel\",\"props\":{\"content\":\"\n\n<p>\\u00bfTu empresa todav\\u00eda no cuenta con un servicio confiable para gestionar el CAE ante ARCA?<\\\/p>\",\"content_column_breakpoint\":\"m\",\"icon_width\":80,\"image_align\":\"top\",\"image_grid_breakpoint\":\"m\",\"image_grid_width\":\"1-2\",\"image_svg_color\":\"emphasis\",\"link\":\"#footer\",\"link_style\":\"default\",\"link_text\":\"Solicitar Demo\",\"margin\":\"default\",\"maxwidth\":\"medium\",\"maxwidth_breakpoint\":\"m\",\"meta_align\":\"below-title\",\"meta_element\":\"div\",\"meta_style\":\"text-meta\",\"position\":\"relative\",\"position_z_index\":\"1\",\"title\":\"Factura Electr\\u00f3nica - CAE\",\"title_align\":\"top\",\"title_element\":\"h3\",\"title_grid_breakpoint\":\"m\",\"title_grid_width\":\"1-2\",\"title_hover_style\":\"reset\"}},{\"type\":\"headline\",\"props\":{\"content\":\"Downloads\",\"margin\":\"large\",\"margin_remove_bottom\":true,\"position\":\"relative\",\"position_z_index\":\"1\",\"status\":\"disabled\",\"title_element\":\"h4\"}},{\"type\":\"list\",\"props\":{\"class\":\"uk-text-emphasis\",\"column_breakpoint\":\"m\",\"icon\":\"file-pdf\",\"icon_color\":\"primary\",\"image_align\":\"left\",\"image_svg_color\":\"emphasis\",\"image_vertical_align\":true,\"link_style\":\"reset\",\"list_element\":\"ul\",\"list_horizontal_separator\":\", \",\"list_type\":\"vertical\",\"position\":\"relative\",\"position_z_index\":\"1\",\"show_image\":true,\"show_link\":true,\"status\":\"disabled\"},\"children\":[{\"type\":\"list_item\",\"props\":{\"content\":\"Dental Implants Brochure\",\"icon\":\"\",\"link\":\"#\"}},{\"type\":\"list_item\",\"props\":{\"content\":\"Patient Information\",\"icon\":\"\",\"link\":\"#\"}},{\"type\":\"list_item\",\"props\":{\"content\":\"Insurance Information\",\"icon\":\"\",\"link\":\"#\"}}]}]}]},{\"type\":\"row\",\"props\":{\"margin\":\"remove-vertical\",\"status\":\"disabled\"},\"children\":[{\"type\":\"column\",\"props\":{\"image_position\":\"center-center\",\"position_sticky_breakpoint\":\"m\"},\"children\":[{\"type\":\"image\",\"props\":{\"image\":\"wp-content\\\/uploads\\\/yootheme\\\/services-dental-implants-shape.svg\",\"image_height\":\"415\",\"image_svg_color\":\"\",\"image_svg_inline\":false,\"image_width\":\"370\",\"margin\":\"default\",\"position\":\"absolute\",\"position_bottom\":\"-140\",\"visibility\":\"xl\"}}]}]}],\"name\":\"Procedure\"},{\"type\":\"section\",\"props\":{\"image_position\":\"center-center\",\"padding\":\"large\",\"padding_remove_top\":true,\"style\":\"default\",\"title_breakpoint\":\"xl\",\"title_position\":\"top-left\",\"title_rotation\":\"left\",\"vertical_align\":\"middle\",\"width\":\"large\"},\"children\":[{\"type\":\"row\",\"children\":[{\"type\":\"column\",\"props\":{\"image_position\":\"center-center\",\"position_sticky_breakpoint\":\"m\"},\"children\":[{\"type\":\"headline\",\"props\":{\"content\":\"Otros Productos\",\"text_align\":\"center\",\"title_element\":\"h2\"}},{\"type\":\"grid\",\"props\":{\"content_column_breakpoint\":\"m\",\"filter_align\":\"left\",\"filter_all\":true,\"filter_grid_breakpoint\":\"m\",\"filter_grid_width\":\"auto\",\"filter_position\":\"top\",\"filter_style\":\"tab\",\"grid_default\":\"1\",\"grid_medium\":\"2\",\"icon_width\":80,\"image_align\":\"left\",\"image_grid_breakpoint\":\"\",\"image_grid_width\":\"2-5\",\"image_link\":false,\"image_svg_color\":\"emphasis\",\"image_vertical_align\":true,\"image_width\":\"610\",\"item_animation\":true,\"link_margin\":\"xlarge\",\"link_style\":\"default\",\"link_text\":\"<span uk-icon=\\\"icon: arrow-right; ratio: 1.4\\\"><\\\/span>\",\"margin\":\"medium\",\"meta_align\":\"below-title\",\"meta_color\":\"primary\",\"meta_element\":\"div\",\"meta_margin\":\"small\",\"meta_style\":\"h6\",\"panel_image_no_padding\":true,\"panel_link\":true,\"panel_padding\":\"default\",\"panel_style\":\"card-default\",\"parallax_easing\":\"1\",\"show_content\":true,\"show_image\":true,\"show_link\":true,\"show_meta\":true,\"show_title\":true,\"title_align\":\"top\",\"title_element\":\"h3\",\"title_grid_breakpoint\":\"m\",\"title_grid_width\":\"1-2\",\"title_hover_style\":\"reset\",\"title_link\":false},\"children\":[{\"type\":\"grid_item\",\"props\":{\"image\":\"wp-content\\\/uploads\\\/2024\\\/04\\\/Group-7.jpg\",\"link\":\"portal-proveedores\\\/\",\"meta\":\"Procesos Procurement to Pay\",\"title\":\"Portal Proveedores\"}},{\"type\":\"grid_item\",\"props\":{\"image\":\"wp-content\\\/uploads\\\/2024\\\/04\\\/Group-6.jpg\",\"link\":\"portal-clientes\\\/\",\"meta\":\"Procesos Order to Cash\",\"title\":\"Portal Clientes\"}}],\"modified\":\"2021-07-27T08:22:49.412Z\"}]}]}],\"name\":\"05B\"}],\"version\":\"4.3.4\"} --><\/p>\n","protected":false},"excerpt":{"rendered":"<p>Servicios Fiscales Factura Electr\u00f3nica &#8211; CAE Agilidad en la obtenci\u00f3n del CAE en todas sus formas seg\u00fan tipo de contribuyente y r\u00e9gimen ARCA para la emisi\u00f3n de Factura Electr\u00f3nica. Acceder Contexto La Factura Electr\u00f3nica es un documento electr\u00f3nico que contiene los datos que identifican una transacci\u00f3n de compra-venta entre personas f\u00edsicas y\/o jur\u00eddicas, registrado ante [&hellip;]<\/p>\n","protected":false},"author":2,"featured_media":0,"parent":0,"menu_order":0,"comment_status":"closed","ping_status":"closed","template":"","meta":{"_acf_changed":false,"footnotes":""},"class_list":["post-1358","page","type-page","status-publish","hentry"],"acf":[],"_links":{"self":[{"href":"https:\/\/test.planexware.com\/es\/wp-json\/wp\/v2\/pages\/1358","targetHints":{"allow":["GET"]}}],"collection":[{"href":"https:\/\/test.planexware.com\/es\/wp-json\/wp\/v2\/pages"}],"about":[{"href":"https:\/\/test.planexware.com\/es\/wp-json\/wp\/v2\/types\/page"}],"author":[{"embeddable":true,"href":"https:\/\/test.planexware.com\/es\/wp-json\/wp\/v2\/users\/2"}],"replies":[{"embeddable":true,"href":"https:\/\/test.planexware.com\/es\/wp-json\/wp\/v2\/comments?post=1358"}],"version-history":[{"count":52,"href":"https:\/\/test.planexware.com\/es\/wp-json\/wp\/v2\/pages\/1358\/revisions"}],"predecessor-version":[{"id":60396,"href":"https:\/\/test.planexware.com\/es\/wp-json\/wp\/v2\/pages\/1358\/revisions\/60396"}],"wp:attachment":[{"href":"https:\/\/test.planexware.com\/es\/wp-json\/wp\/v2\/media?parent=1358"}],"curies":[{"name":"wp","href":"https:\/\/api.w.org\/{rel}","templated":true}]}}