{"id":1355,"date":"2024-03-18T06:54:22","date_gmt":"2024-03-18T09:54:22","guid":{"rendered":"http:\/\/c2222163.ferozo.com\/?page_id=1355"},"modified":"2024-10-22T10:40:30","modified_gmt":"2024-10-22T13:40:30","slug":"soluciones-proveedores","status":"publish","type":"page","link":"https:\/\/test.planexware.com\/es\/soluciones-proveedores\/","title":{"rendered":"Soluciones para Proveedores"},"content":{"rendered":"<div>Portal Retail<\/div>\n<h1>Soluciones para Proveedores<\/h1>\n<div>Agiliza la recepci\u00f3n de pedidos y el env\u00edo de facturas, optimizando el despacho de mercader\u00edas y la cobranza.<\/div>\n<p>\n    <a href=\"https:\/\/krikos360.planexware.net\/v2\/login\" target=\"_blank\" rel=\"noopener\">Acceder<\/a>\n<\/p>\n<h3>Ventajas<\/h3>\n<ul>\n<li>\n<div>Centralizar todas las operaciones con clientes retail en una \u00fanica plataforma<\/div>\n<\/li>\n<li>\n<div>Asegurar la llegada de la factura en tiempo y forma<\/div>\n<\/li>\n<li>\n<div>Conocer cu\u00e1ndo ingresa la factura en el sistema de cuentas a pagar del cliente<\/div>\n<\/li>\n<li>\n<div>Controlar que se entregaron<br \/>\nlos productos que fueron despachados<\/div>\n<\/li>\n<li>\n<div>Mejorar la relaci\u00f3n con el cliente evitando errores, reclamos, extrav\u00edos, demoras y retipeos, lo que favorece cobros a t\u00e9rmino<\/div>\n<\/li>\n<li>\n<div>Compartir la misma informaci\u00f3n con el cliente de forma autom\u00e1tica, detallada y online<\/div>\n<\/li>\n<\/ul>\n<h3>Caracter\u00edsticas<\/h3>\n<ul>\n<li>\n<div>\n<p>Verificar autom\u00e1ticamente si los art\u00edculos solicitados por los clientes est\u00e1n activos en el cat\u00e1logo del proveedor.<\/p>\n<\/div>\n<\/li>\n<li>\n<div>Env\u00edo autom\u00e1tico de facturas, notas de cr\u00e9dito, notas de d\u00e9bito y avisos de despacho a sus clientes<\/div>\n<\/li>\n<li>\n<div> Informaci\u00f3n sobre tus ventas con cualquier cliente en tiempo real.<\/div>\n<\/li>\n<li>\n<div>Control de entrega de productos despachados.<\/div>\n<\/li>\n<li>\n<div>Conocimiento del ingreso de tu factura en el sistema de pagos del cliente.<\/div>\n<\/li>\n<li>\n<div> Soluciones manuales y automatizadas.<\/div>\n<\/li>\n<li>\n<div>Control de precios simplificado.<\/div>\n<\/li>\n<li>\n<div>M\u00e1s de 60 cadenas adheridas al portal<\/div>\n<\/li>\n<\/ul>\n<hr>\n<h2>Conciliador de Documentos Financieros<\/h2>\n<div>\n<p>Detecci\u00f3n de diferencias entre facturas y recepciones por unidades, precios, c\u00f3digos y\/o cantidades.<br \/>El Conciliador de Documentos Financieros de Planexware simplifica las cuentas corrientes con clientes retail y permite anticipar las posibles diferencias, comparando autom\u00e1ticamente facturas y recepciones.<\/p>\n<\/div>\n<p>\n    <a href=\"https:\/\/krikoscheck.planexware.net\/\" target=\"_blank\" rel=\"noopener\">Acceder<\/a>\n<\/p>\n<ul>\n<li>\n<h3>Ventajas<\/h3>\n<div>\n<ul class=\"uk-list uk-list-disc uk-list-primary uk-position-relative\" data-id=\"page#1-0-0-3\" data-element=\"\" style=\"z-index: 1;\">\n<li class=\"el-item\">\n<div class=\"el-content uk-panel\">Identificar r\u00e1pidamente diferencias entre lo facturado por tu empresa y lo recibido por tu cliente<\/div>\n<\/li>\n<li class=\"el-item\">\n<div class=\"el-content uk-panel\">Reducir las notas de d\u00e9bito\/cr\u00e9dito por ajustes<\/div>\n<\/li>\n<li class=\"el-item\">\n<div class=\"el-content uk-panel\"> Disminuir los reclamos ante posibles diferencias<\/div>\n<\/li>\n<li class=\"el-item\">\n<div class=\"el-content uk-panel\">Agilizar los plazos para las gestiones de reclamos<\/div>\n<\/li>\n<\/ul>\n<\/div>\n<\/li>\n<li>\n<h3>Caracter\u00edsticas<\/h3>\n<div>\n<ul class=\"uk-list uk-list-disc uk-list-primary uk-position-relative\" data-id=\"page#1-0-0-3\" data-element=\"\" style=\"z-index: 1;\">\n<li class=\"el-item\">\n<div class=\"el-content uk-panel\">Storage autoborrable (almacenamiento por 365 d\u00edas)<\/div>\n<\/li>\n<li class=\"el-item\">\n<div class=\"el-content uk-panel\">Back office de r\u00e1pida interpretaci\u00f3n para verificar el estado de los documentos (a conciliar, sin diferencias, toleradas, etc.)<\/div>\n<\/li>\n<li class=\"el-item\">\n<div class=\"el-content uk-panel\">Exportaci\u00f3n online de la conciliaci\u00f3n con importes en circulaci\u00f3n, cantidad de comprobantes, cantidad de facturas y el detalle de cada estado<\/div>\n<\/li>\n<li class=\"el-item\">\n<div class=\"el-content uk-panel\">Posibilidad de conciliar a trav\u00e9s de m\u00faltiples datos: por n\u00famero de factura, por n\u00famero de remito, por n\u00famero de orden de compra<\/div>\n<\/li>\n<li class=\"el-item\">\n<div class=\"el-content uk-panel\">Disponible con 15 cadenas de nuestra red<\/div>\n<\/li>\n<\/ul>\n<\/div>\n<\/li>\n<\/ul>\n<h2>Conciliador de Precios y Surtido<\/h2>\n<div>\n<p><span>Nuestro conciliador permite tener un control total sobre las \u00f3rdenes de compra emitidas por supermercados, droguer\u00edas y mayoristas<\/span><\/p>\n<\/div>\n<div>\n<h3>Ventajas<\/h3>\n<div>\n<ul>\n<li>Verificar autom\u00e1ticamente si los art\u00edculos solicitados por los clientes est\u00e1n activos en el cat\u00e1logo del proveedor.<\/li>\n<li>Asegurar que los productos se est\u00e1n vendiendo al precio correcto<\/li>\n<li>Comparar los precios de los productos solicitados con los precios establecidos para cada cliente, asegurando que el pago recibido sea acorde a los productos enviados<\/li>\n<\/ul>\n<\/div>\n<\/div>\n<h2>Aviso de Despacho<br \/>\n<\/h2>\n<div>Agilidad en la cadena de abastecimiento: Optimice el circuito log\u00edstico y formalice el compromiso de las mercader\u00edas en tr\u00e1nsito. <\/div>\n<div>\n<h3>Ventajas<\/h3>\n<div>\n<ul class=\"uk-list uk-list-disc uk-list-primary uk-position-relative\" data-id=\"page#1-0-0-3\" data-element=\"\" style=\"z-index: 1;\">\n<li class=\"el-item\">\n<div class=\"el-content uk-panel\">Mejorar el circuito log\u00edstico entre proveedor y cliente: Compromiso del proveedor hacia el cliente por las mercader\u00edas en tr\u00e1nsito<\/div>\n<\/li>\n<li class=\"el-item\">\n<div class=\"el-content uk-panel\">Conocer el detalle de art\u00edculos que componen cada pallet de entrega (art\u00edculos\/cantidad) gracias a las etiquetas generadas por Planexware<\/div>\n<\/li>\n<li class=\"el-item\">\n<div class=\"el-content uk-panel\">Optimizar los tiempos de entrega reduciendo costos log\u00edsticos<\/div>\n<\/li>\n<li class=\"el-item\">\n<div class=\"el-content uk-panel\">Controlar que la mercader\u00eda enviada por el proveedor coincida con la orden de compra\/remito generado por el cliente<\/div>\n<\/li>\n<li class=\"el-item\">\n<div class=\"el-content uk-panel\">Agilizar el proceso de descarga de mercader\u00edas<\/div>\n<\/li>\n<\/ul>\n<\/div>\n<\/div>\n<div>\n<h3>Proveedores Retail<\/h3>\n<div>\u00bfTu empresa todav\u00eda no cuenta con una soluci\u00f3n confiable para recibir pedidos y enviar facturas a las cadenas?<\/div>\n<p><a href=\"\/asociarse\/\">Asociarse<\/a><\/p>\n<\/div>\n<p><!--more--><br \/>\n<!-- {\"type\":\"layout\",\"children\":[{\"name\":\"Hero\",\"type\":\"section\",\"props\":{\"image_position\":\"center-center\",\"padding\":\"large\",\"padding_remove_bottom\":true,\"style\":\"default\",\"title_breakpoint\":\"xl\",\"title_position\":\"top-left\",\"title_rotation\":\"left\",\"vertical_align\":\"middle\",\"width\":\"\"},\"children\":[{\"type\":\"row\",\"children\":[{\"type\":\"column\",\"props\":{\"image_position\":\"center-center\",\"position_sticky_breakpoint\":\"m\"},\"children\":[{\"type\":\"headline\",\"props\":{\"content\":\"Portal Retail\",\"text_align\":\"center\",\"title_color\":\"primary\",\"title_element\":\"div\",\"title_style\":\"h6\"}},{\"type\":\"headline\",\"props\":{\"content\":\"Soluciones para Proveedores\",\"margin\":\"remove-vertical\",\"text_align\":\"center\",\"title_element\":\"h1\"}},{\"type\":\"text\",\"props\":{\"block_align\":\"center\",\"column_breakpoint\":\"m\",\"content\":\"Agiliza la recepci\\u00f3n de pedidos y el env\\u00edo de facturas, optimizando el despacho de mercader\\u00edas y la cobranza.\",\"margin\":\"default\",\"margin_remove_bottom\":true,\"maxwidth\":\"xlarge\",\"text_align\":\"center\",\"text_style\":\"large\"}},{\"type\":\"button\",\"props\":{\"grid_column_gap\":\"small\",\"grid_row_gap\":\"small\",\"margin\":\"medium\",\"text_align\":\"center\",\"text_align_fallback\":\"center\"},\"children\":[{\"type\":\"button_item\",\"props\":{\"button_style\":\"primary\",\"content\":\"Acceder\",\"icon_align\":\"left\",\"link\":\"https:\\\/\\\/krikos360.planexware.net\\\/v2\\\/login\",\"link_target\":\"blank\"}}],\"name\":\"Btn_Acceder\"}]}],\"props\":{\"width\":\"default\"}}]},{\"type\":\"section\",\"props\":{\"image_position\":\"center-center\",\"padding\":\"large\",\"padding_remove_bottom\":false,\"padding_remove_top\":false,\"style\":\"default\",\"title_breakpoint\":\"xl\",\"title_position\":\"top-left\",\"title_rotation\":\"left\",\"vertical_align\":\"middle\",\"width\":\"expand\"},\"children\":[{\"type\":\"row\",\"props\":{\"column_gap\":\"large\",\"layout\":\"2-3,1-3\",\"margin\":\"xlarge\",\"margin_remove_bottom\":true,\"row_gap\":\"large\",\"width\":\"default\"},\"children\":[{\"type\":\"column\",\"props\":{\"image_position\":\"center-center\",\"position_sticky_breakpoint\":\"m\",\"width_medium\":\"2-3\"},\"children\":[{\"type\":\"headline\",\"props\":{\"content\":\"Ventajas\",\"position\":\"relative\",\"position_z_index\":\"1\",\"title_element\":\"h3\"}},{\"type\":\"list\",\"props\":{\"column_breakpoint\":\"m\",\"image_align\":\"left\",\"image_svg_color\":\"emphasis\",\"image_vertical_align\":true,\"list_element\":\"ul\",\"list_horizontal_separator\":\", \",\"list_marker\":\"disc\",\"list_marker_color\":\"primary\",\"list_type\":\"vertical\",\"position\":\"relative\",\"position_z_index\":\"1\",\"show_image\":true,\"show_link\":true},\"children\":[{\"type\":\"list_item\",\"props\":{\"content\":\"Centralizar todas las operaciones con clientes retail en una \\u00fanica plataforma\"}},{\"type\":\"list_item\",\"props\":{\"content\":\"Asegurar la llegada de la factura en tiempo y forma\"}},{\"type\":\"list_item\",\"props\":{\"content\":\"Conocer cu\\u00e1ndo ingresa la factura en el sistema de cuentas a pagar del cliente\"}},{\"type\":\"list_item\",\"props\":{\"content\":\"Controlar que se entregaron\\nlos productos que fueron despachados\"}},{\"type\":\"list_item\",\"props\":{\"content\":\"Mejorar la relaci\\u00f3n con el cliente evitando errores, reclamos, extrav\\u00edos, demoras y retipeos, lo que favorece cobros a t\\u00e9rmino\"}},{\"type\":\"list_item\",\"props\":{\"content\":\"Compartir la misma informaci\\u00f3n con el cliente de forma autom\\u00e1tica, detallada y online\"}}]},{\"type\":\"headline\",\"props\":{\"content\":\"Caracter\\u00edsticas\",\"margin\":\"large\",\"margin_remove_bottom\":true,\"position\":\"relative\",\"position_z_index\":\"1\",\"title_element\":\"h3\"}},{\"type\":\"list\",\"props\":{\"column_breakpoint\":\"m\",\"image_align\":\"left\",\"image_svg_color\":\"emphasis\",\"image_vertical_align\":true,\"list_element\":\"ul\",\"list_horizontal_separator\":\", \",\"list_marker\":\"disc\",\"list_marker_color\":\"primary\",\"list_type\":\"vertical\",\"position\":\"relative\",\"position_z_index\":\"1\",\"show_image\":true,\"show_link\":true},\"children\":[{\"type\":\"list_item\",\"props\":{\"content\":\"\n\n<p>Verificar autom\\u00e1ticamente si los art\\u00edculos solicitados por los clientes est\\u00e1n activos en el cat\\u00e1logo del proveedor.<\\\/p>\"}},{\"type\":\"list_item\",\"props\":{\"content\":\"Env\\u00edo autom\\u00e1tico de facturas, notas de cr\\u00e9dito, notas de d\\u00e9bito y avisos de despacho a sus clientes\"}},{\"type\":\"list_item\",\"props\":{\"content\":\" Informaci\\u00f3n sobre tus ventas con cualquier cliente en tiempo real.\"}},{\"type\":\"list_item\",\"props\":{\"content\":\"Control de entrega de productos despachados.\"}},{\"type\":\"list_item\",\"props\":{\"content\":\"Conocimiento del ingreso de tu factura en el sistema de pagos del cliente.\"}},{\"type\":\"list_item\",\"props\":{\"content\":\" Soluciones manuales y automatizadas.\"}},{\"type\":\"list_item\",\"props\":{\"content\":\"Control de precios simplificado.\"}},{\"type\":\"list_item\",\"props\":{\"content\":\"M\\u00e1s de 60 cadenas adheridas al portal\"}}]},{\"type\":\"divider\",\"props\":{\"divider_element\":\"hr\"}},{\"type\":\"headline\",\"props\":{\"content\":\"Conciliador de Documentos Financieros\",\"margin\":\"large\",\"margin_remove_bottom\":true,\"position\":\"relative\",\"position_z_index\":\"1\",\"title_color\":\"primary\",\"title_element\":\"h2\"}},{\"type\":\"text\",\"props\":{\"column_breakpoint\":\"m\",\"content\":\"\n\n<p>Detecci\\u00f3n de diferencias entre facturas y recepciones por unidades, precios, c\\u00f3digos y\\\/o cantidades.<br \\\/>El Conciliador de Documentos Financieros de Planexware simplifica las cuentas corrientes con clientes retail y permite anticipar las posibles diferencias, comparando autom\\u00e1ticamente facturas y recepciones.<\\\/p>\",\"margin\":\"medium\",\"position\":\"relative\",\"position_z_index\":\"1\"}},{\"type\":\"button\",\"props\":{\"grid_column_gap\":\"small\",\"grid_row_gap\":\"small\",\"margin\":\"medium\",\"text_align\":\"left\",\"text_align_fallback\":\"center\"},\"children\":[{\"type\":\"button_item\",\"props\":{\"button_style\":\"primary\",\"content\":\"Acceder\",\"icon_align\":\"left\",\"link\":\"https:\\\/\\\/krikoscheck.planexware.net\\\/\",\"link_target\":\"blank\"}}],\"name\":\"Btn_Acceder\"},{\"type\":\"accordion\",\"props\":{\"collapsible\":true,\"content_column_breakpoint\":\"m\",\"image_align\":\"right\",\"image_grid_breakpoint\":\"s\",\"image_grid_width\":\"1-2\",\"image_svg_color\":\"emphasis\",\"image_width\":\"610\",\"link_style\":\"default\",\"link_text\":\"Read more\",\"position\":\"relative\",\"position_z_index\":\"1\",\"show_image\":true,\"show_link\":true},\"children\":[{\"type\":\"accordion_item\",\"props\":{\"content\":\"\n\n<ul class=\\\"uk-list uk-list-disc uk-list-primary uk-position-relative\\\" data-id=\\\"page#1-0-0-3\\\" data-element=\\\"\\\" style=\\\"z-index: 1;\\\">\\n    \\n    \\n                \n\n<li class=\\\"el-item\\\">            \n\n<div class=\\\"el-content uk-panel\\\">Identificar r\\u00e1pidamente diferencias entre lo facturado por tu empresa y lo recibido por tu cliente<\\\/div>        <\\\/li>                \n\n<li class=\\\"el-item\\\">            \n\n<div class=\\\"el-content uk-panel\\\">Reducir las notas de d\\u00e9bito\\\/cr\\u00e9dito por ajustes<\\\/div>        <\\\/li>                \n\n<li class=\\\"el-item\\\">            \n\n<div class=\\\"el-content uk-panel\\\"> Disminuir los reclamos ante posibles diferencias<\\\/div>        <\\\/li>                \n\n<li class=\\\"el-item\\\">            \n\n<div class=\\\"el-content uk-panel\\\">Agilizar los plazos para las gestiones de reclamos<\\\/div>        <\\\/li>                    \\n<\\\/ul>\",\"title\":\"Ventajas\"}},{\"type\":\"accordion_item\",\"props\":{\"content\":\"\n\n<ul class=\\\"uk-list uk-list-disc uk-list-primary uk-position-relative\\\" data-id=\\\"page#1-0-0-3\\\" data-element=\\\"\\\" style=\\\"z-index: 1;\\\">\\n    \\n    \\n                \n\n<li class=\\\"el-item\\\">            \n\n<div class=\\\"el-content uk-panel\\\">Storage autoborrable (almacenamiento por 365 d\\u00edas)<\\\/div>        <\\\/li>                \n\n<li class=\\\"el-item\\\">            \n\n<div class=\\\"el-content uk-panel\\\">Back office de r\\u00e1pida interpretaci\\u00f3n para verificar el estado de los documentos (a conciliar, sin diferencias, toleradas, etc.)<\\\/div>        <\\\/li>                \n\n<li class=\\\"el-item\\\">            \n\n<div class=\\\"el-content uk-panel\\\">Exportaci\\u00f3n online de la conciliaci\\u00f3n con importes en circulaci\\u00f3n, cantidad de comprobantes, cantidad de facturas y el detalle de cada estado<\\\/div>        <\\\/li>                \n\n<li class=\\\"el-item\\\">            \n\n<div class=\\\"el-content uk-panel\\\">Posibilidad de conciliar a trav\\u00e9s de m\\u00faltiples datos: por n\\u00famero de factura, por n\\u00famero de remito, por n\\u00famero de orden de compra<\\\/div>        <\\\/li> \\n    \n\n<li class=\\\"el-item\\\">            \n\n<div class=\\\"el-content uk-panel\\\">Disponible con 15 cadenas de nuestra red<\\\/div>        <\\\/li> \\n<\\\/ul>\",\"title\":\"Caracter\\u00edsticas\"}}]},{\"type\":\"headline\",\"props\":{\"content\":\"Conciliador de Precios y Surtido\",\"margin\":\"large\",\"margin_remove_bottom\":true,\"position\":\"relative\",\"position_z_index\":\"1\",\"title_color\":\"primary\",\"title_element\":\"h2\"}},{\"type\":\"text\",\"props\":{\"column_breakpoint\":\"m\",\"content\":\"\n\n<p><span>Nuestro conciliador permite tener un control total sobre las \\u00f3rdenes de compra emitidas por supermercados, droguer\\u00edas y mayoristas<\\\/span><\\\/p>\",\"margin\":\"default\"}},{\"type\":\"accordion\",\"props\":{\"collapsible\":true,\"content_column_breakpoint\":\"m\",\"image_align\":\"right\",\"image_grid_breakpoint\":\"s\",\"image_grid_width\":\"1-2\",\"image_svg_color\":\"emphasis\",\"image_width\":\"610\",\"link_style\":\"default\",\"link_text\":\"Read more\",\"position\":\"relative\",\"position_z_index\":\"1\",\"show_image\":true,\"show_link\":true},\"children\":[{\"type\":\"accordion_item\",\"props\":{\"content\":\"\n\n<ul>\\n\n\n<li>Verificar autom\\u00e1ticamente si los art\\u00edculos solicitados por los clientes est\\u00e1n activos en el cat\\u00e1logo del proveedor.<\\\/li>\\n\n\n<li>Asegurar que los productos se est\\u00e1n vendiendo al precio correcto<\\\/li>\\n\n\n<li>Comparar los precios de los productos solicitados con los precios establecidos para cada cliente, asegurando que el pago recibido sea acorde a los productos enviados<\\\/li>\\n<\\\/ul>\",\"title\":\"Ventajas\"}}]},{\"type\":\"headline\",\"props\":{\"content\":\"Aviso de Despacho\\n\",\"margin\":\"large\",\"margin_remove_bottom\":true,\"position\":\"relative\",\"position_z_index\":\"1\",\"title_color\":\"primary\",\"title_element\":\"h2\"}},{\"type\":\"text\",\"props\":{\"column_breakpoint\":\"m\",\"content\":\"Agilidad en la cadena de abastecimiento: Optimice el circuito log\\u00edstico y formalice el compromiso de las mercader\\u00edas en tr\\u00e1nsito. \",\"margin\":\"medium\",\"position\":\"relative\",\"position_z_index\":\"1\"}},{\"type\":\"accordion\",\"props\":{\"collapsible\":true,\"content_column_breakpoint\":\"m\",\"image_align\":\"right\",\"image_grid_breakpoint\":\"s\",\"image_grid_width\":\"1-2\",\"image_svg_color\":\"emphasis\",\"image_width\":\"610\",\"link_style\":\"default\",\"link_text\":\"Read more\",\"position\":\"relative\",\"position_z_index\":\"1\",\"show_image\":true,\"show_link\":true},\"children\":[{\"type\":\"accordion_item\",\"props\":{\"content\":\"\n\n<ul class=\\\"uk-list uk-list-disc uk-list-primary uk-position-relative\\\" data-id=\\\"page#1-0-0-3\\\" data-element=\\\"\\\" style=\\\"z-index: 1;\\\">\\n    \\n    \\n\n\n<li class=\\\"el-item\\\">\\n\n\n<div class=\\\"el-content uk-panel\\\">Mejorar el circuito log\\u00edstico entre proveedor y cliente: Compromiso del proveedor hacia el cliente por las mercader\\u00edas en tr\\u00e1nsito<\\\/div> \\n<\\\/li>                \\n    \\n\n\n<li class=\\\"el-item\\\">\n\n<div class=\\\"el-content uk-panel\\\">Conocer el detalle de art\\u00edculos que componen cada pallet de entrega (art\\u00edculos\\\/cantidad) gracias a las etiquetas generadas por Planexware<\\\/div>\\n<\\\/li>\\n   \\n\n\n<li class=\\\"el-item\\\">\\n\n\n<div class=\\\"el-content uk-panel\\\">Optimizar los tiempos de entrega reduciendo costos log\\u00edsticos<\\\/div>\\n<\\\/li>\\n    \\n\n\n<li class=\\\"el-item\\\">\\n\n\n<div class=\\\"el-content uk-panel\\\">Controlar que la mercader\\u00eda enviada por el proveedor coincida con la orden de compra\\\/remito generado por el cliente<\\\/div>\\n<\\\/li>\\n\\n\n\n<li class=\\\"el-item\\\">\\n\n\n<div class=\\\"el-content uk-panel\\\">Agilizar el proceso de descarga de mercader\\u00edas<\\\/div>       <\\\/li>\\n    \\n<\\\/ul>\",\"title\":\"Ventajas\"}}]}]},{\"type\":\"column\",\"props\":{\"image_position\":\"center-center\",\"order_first\":\"m\",\"position_sticky\":\"column\",\"position_sticky_breakpoint\":\"\",\"position_sticky_offset\":\"110\",\"width_medium\":\"1-3\"},\"children\":[{\"type\":\"panel\",\"props\":{\"content\":\"\\u00bfTu empresa todav\\u00eda no cuenta con una soluci\\u00f3n confiable para recibir pedidos y enviar facturas a las cadenas?\",\"content_column_breakpoint\":\"m\",\"icon_width\":80,\"image_align\":\"top\",\"image_grid_breakpoint\":\"m\",\"image_grid_width\":\"1-2\",\"image_svg_color\":\"emphasis\",\"link\":\"asociarse\\\/\",\"link_style\":\"primary\",\"link_text\":\"Asociarse\",\"margin\":\"default\",\"maxwidth\":\"medium\",\"maxwidth_breakpoint\":\"m\",\"meta_align\":\"below-title\",\"meta_element\":\"div\",\"meta_style\":\"text-meta\",\"position\":\"relative\",\"position_z_index\":\"1\",\"title\":\"Proveedores Retail\",\"title_align\":\"top\",\"title_element\":\"h3\",\"title_grid_breakpoint\":\"m\",\"title_grid_width\":\"1-2\",\"title_hover_style\":\"reset\"}},{\"type\":\"headline\",\"props\":{\"content\":\"Downloads\",\"margin\":\"large\",\"margin_remove_bottom\":true,\"position\":\"relative\",\"position_z_index\":\"1\",\"status\":\"disabled\",\"title_element\":\"h4\"}},{\"type\":\"list\",\"props\":{\"class\":\"uk-text-emphasis\",\"column_breakpoint\":\"m\",\"icon\":\"file-pdf\",\"icon_color\":\"primary\",\"image_align\":\"left\",\"image_svg_color\":\"emphasis\",\"image_vertical_align\":true,\"link_style\":\"reset\",\"list_element\":\"ul\",\"list_horizontal_separator\":\", \",\"list_type\":\"vertical\",\"position\":\"relative\",\"position_z_index\":\"1\",\"show_image\":true,\"show_link\":true,\"status\":\"disabled\"},\"children\":[{\"type\":\"list_item\",\"props\":{\"content\":\"Dental Implants Brochure\",\"icon\":\"\",\"link\":\"#\"}},{\"type\":\"list_item\",\"props\":{\"content\":\"Patient Information\",\"icon\":\"\",\"link\":\"#\"}},{\"type\":\"list_item\",\"props\":{\"content\":\"Insurance Information\",\"icon\":\"\",\"link\":\"#\"}}]}]}]}],\"name\":\"Procedure\"}],\"version\":\"4.3.4\"} --><\/p>\n","protected":false},"excerpt":{"rendered":"<p>Portal Retail Soluciones para Proveedores Agiliza la recepci\u00f3n de pedidos y el env\u00edo de facturas, optimizando el despacho de mercader\u00edas y la cobranza. Acceder Ventajas Centralizar todas las operaciones con clientes retail en una \u00fanica plataforma Asegurar la llegada de la factura en tiempo y forma Conocer cu\u00e1ndo ingresa la factura en el sistema de [&hellip;]<\/p>\n","protected":false},"author":2,"featured_media":0,"parent":0,"menu_order":0,"comment_status":"closed","ping_status":"closed","template":"","meta":{"_acf_changed":false,"footnotes":""},"class_list":["post-1355","page","type-page","status-publish","hentry"],"acf":[],"_links":{"self":[{"href":"https:\/\/test.planexware.com\/es\/wp-json\/wp\/v2\/pages\/1355","targetHints":{"allow":["GET"]}}],"collection":[{"href":"https:\/\/test.planexware.com\/es\/wp-json\/wp\/v2\/pages"}],"about":[{"href":"https:\/\/test.planexware.com\/es\/wp-json\/wp\/v2\/types\/page"}],"author":[{"embeddable":true,"href":"https:\/\/test.planexware.com\/es\/wp-json\/wp\/v2\/users\/2"}],"replies":[{"embeddable":true,"href":"https:\/\/test.planexware.com\/es\/wp-json\/wp\/v2\/comments?post=1355"}],"version-history":[{"count":37,"href":"https:\/\/test.planexware.com\/es\/wp-json\/wp\/v2\/pages\/1355\/revisions"}],"predecessor-version":[{"id":56652,"href":"https:\/\/test.planexware.com\/es\/wp-json\/wp\/v2\/pages\/1355\/revisions\/56652"}],"wp:attachment":[{"href":"https:\/\/test.planexware.com\/es\/wp-json\/wp\/v2\/media?parent=1355"}],"curies":[{"name":"wp","href":"https:\/\/api.w.org\/{rel}","templated":true}]}}