{"id":1352,"date":"2024-03-18T06:52:56","date_gmt":"2024-03-18T09:52:56","guid":{"rendered":"http:\/\/c2222163.ferozo.com\/?page_id=1352"},"modified":"2025-09-19T15:27:17","modified_gmt":"2025-09-19T18:27:17","slug":"soluciones-cadenas","status":"publish","type":"page","link":"https:\/\/test.planexware.com\/es\/soluciones-cadenas\/","title":{"rendered":"Soluciones para Supermercados, Droguer\u00edas y Mayoristas"},"content":{"rendered":"<div>Portal Retail<\/div>\n<h1>Soluciones para Supermercados, Droguer\u00edas y Mayoristas<\/h1>\n<div>Automatiza el env\u00edo de \u00f3rdenes de compra a tus proveedores y la recepci\u00f3n de facturas, acelerando la cadena de suministro y pagos.<\/div>\n<h3>Nuestra Soluci\u00f3n<\/h3>\n<div>\n<p>En Planexware ofrecemos soluciones innovadoras dise\u00f1adas para simplificar y optimizar las operaciones de las cadenas de supermercados, mayoristas, droguer\u00edas y homecenters. Nuestra plataforma beneficia a cada sector operativo, mejorando la eficiencia y facilitando la colaboraci\u00f3n entre cadenas y proveedores.<\/p>\n<\/div>\n<h3>Comercial<\/h3>\n<ul>\n<li>\n<div>Orden de Compra: Simplifica el proceso de reabastecimiento para los proveedores, centralizado o por sucursal. Beneficia a la cadena al garantizar una entrega precisa y calcular el \u00abfill rate\u00bb con precisi\u00f3n.<\/div>\n<\/li>\n<li>\n<div>Listas de Precios: Permite a las cadenas aceptar o rechazar las listas de precios enviadas por los proveedores, facilitando la gesti\u00f3n de precios y acuerdos comerciales.<\/div>\n<\/li>\n<\/ul>\n<h3>Log\u00edstica<\/h3>\n<ul>\n<li>\n<div>Aviso de Recepci\u00f3n (RECADV\/REMADV): Detalla lo recibido en cantidades y precios desde las cadenas hacia los proveedores, facilitando la conciliaci\u00f3n de cuentas.<\/div>\n<\/li>\n<li>\n<div>Aviso de Devoluci\u00f3n (RETANN): Informa las mercader\u00edas devueltas a los proveedores para realizar los ajustes correspondientes.<\/div>\n<\/li>\n<li>\n<div>Aviso de Despacho (DESADV): Permite a los proveedores anticipar las mercader\u00edas en tr\u00e1nsito a las cadenas, optimizando la recepci\u00f3n y reduciendo costos log\u00edsticos y de horas extras.<\/div>\n<\/li>\n<li>\n<div>\n<p>Gesti\u00f3n de Turnos: Permite planificar y coordinar la recepci\u00f3n de mercader\u00eda de forma centralizada, reduciendo tiempos de espera y mejorando la comunicaci\u00f3n con proveedores y transportistas.<\/p>\n<\/div>\n<\/li>\n<\/ul>\n<h3>Finanzas<\/h3>\n<ul>\n<li>\n<div>Factura y Factura Mipyme: Simplifica el proceso de facturaci\u00f3n para los proveedores, reduciendo el tiempo de procesamiento y permitiendo a las cadenas cruzar la factura con la orden de compra y la recepci\u00f3n realizada.<\/div>\n<\/li>\n<li>\n<div>Solicitud Nota de Cr\u00e9dito, Aviso de Contabilizaci\u00f3n, Nota de Cr\u00e9dito\/D\u00e9bito y Avisos de Pago: Brindan tranquilidad a los proveedores al asegurarles que su factura est\u00e1 en proceso de pago, disminuyendo y simplificando la gesti\u00f3n de reclamos.<\/div>\n<\/li>\n<\/ul>\n<div>Planexware es un verdadero Portal de Proveedores para la industria retail. Al ser un portal multi cadena y multi proveedor, brinda una visi\u00f3n unificada de cada operaci\u00f3n, donde pueden tener un seguimiento y archivo de cada una de ellas.<\/div>\n<div>\n<h3>Cadenas Retail<\/h3>\n<div>\u00bfTu empresa todav\u00eda no cuenta con una soluci\u00f3n para optimizar las operaciones con proveedores?\n<\/div>\n<p><a href=\"#footer\">Solicitar Demo<\/a><\/p>\n<\/div>\n<p><!--more--><br \/>\n<!-- {\"type\":\"layout\",\"children\":[{\"name\":\"Hero\",\"type\":\"section\",\"props\":{\"image_position\":\"center-center\",\"padding\":\"large\",\"padding_remove_bottom\":true,\"style\":\"default\",\"title_breakpoint\":\"xl\",\"title_position\":\"top-left\",\"title_rotation\":\"left\",\"vertical_align\":\"middle\",\"width\":\"\"},\"children\":[{\"type\":\"row\",\"children\":[{\"type\":\"column\",\"props\":{\"image_position\":\"center-center\",\"position_sticky_breakpoint\":\"m\"},\"children\":[{\"type\":\"headline\",\"props\":{\"content\":\"Portal Retail\",\"text_align\":\"center\",\"title_color\":\"primary\",\"title_element\":\"div\",\"title_style\":\"h6\"}},{\"type\":\"headline\",\"props\":{\"content\":\"Soluciones para Supermercados, Droguer\\u00edas y Mayoristas\",\"margin\":\"remove-vertical\",\"text_align\":\"center\",\"title_element\":\"h1\"}},{\"type\":\"text\",\"props\":{\"block_align\":\"center\",\"column_breakpoint\":\"m\",\"content\":\"Automatiza el env\\u00edo de \\u00f3rdenes de compra a tus proveedores y la recepci\\u00f3n de facturas, acelerando la cadena de suministro y pagos.\",\"margin\":\"default\",\"margin_remove_bottom\":true,\"maxwidth\":\"xlarge\",\"text_align\":\"center\",\"text_style\":\"large\"}}]}],\"props\":{\"width\":\"default\"}}]},{\"type\":\"section\",\"props\":{\"image_position\":\"center-center\",\"padding\":\"large\",\"padding_remove_bottom\":false,\"padding_remove_top\":false,\"style\":\"default\",\"title_breakpoint\":\"xl\",\"title_position\":\"top-left\",\"title_rotation\":\"left\",\"vertical_align\":\"middle\",\"width\":\"expand\"},\"children\":[{\"type\":\"row\",\"props\":{\"column_gap\":\"large\",\"layout\":\"2-3,1-3\",\"margin\":\"xlarge\",\"margin_remove_bottom\":true,\"row_gap\":\"large\",\"width\":\"default\"},\"children\":[{\"type\":\"column\",\"props\":{\"image_position\":\"center-center\",\"position_sticky_breakpoint\":\"m\",\"width_medium\":\"2-3\"},\"children\":[{\"type\":\"headline\",\"props\":{\"content\":\"Nuestra Soluci\\u00f3n\",\"margin\":\"large\",\"margin_remove_bottom\":true,\"position\":\"relative\",\"position_z_index\":\"1\",\"title_element\":\"h3\"}},{\"type\":\"text\",\"props\":{\"column_breakpoint\":\"m\",\"content\":\"\n\n<p>En Planexware ofrecemos soluciones innovadoras dise\\u00f1adas para simplificar y optimizar las operaciones de las cadenas de supermercados, mayoristas, droguer\\u00edas y homecenters. Nuestra plataforma beneficia a cada sector operativo, mejorando la eficiencia y facilitando la colaboraci\\u00f3n entre cadenas y proveedores.<\\\/p>\",\"margin\":\"default\",\"position\":\"relative\",\"position_z_index\":\"1\"}},{\"type\":\"headline\",\"props\":{\"content\":\"Comercial\",\"margin\":\"large\",\"margin_remove_bottom\":true,\"position\":\"relative\",\"position_z_index\":\"1\",\"title_element\":\"h3\"}},{\"type\":\"list\",\"props\":{\"column_breakpoint\":\"m\",\"image_align\":\"left\",\"image_svg_color\":\"emphasis\",\"image_vertical_align\":true,\"list_element\":\"ul\",\"list_horizontal_separator\":\", \",\"list_marker\":\"disc\",\"list_marker_color\":\"primary\",\"list_type\":\"vertical\",\"position\":\"relative\",\"position_z_index\":\"1\",\"show_image\":true,\"show_link\":true},\"children\":[{\"type\":\"list_item\",\"props\":{\"content\":\"Orden de Compra: Simplifica el proceso de reabastecimiento para los proveedores, centralizado o por sucursal. Beneficia a la cadena al garantizar una entrega precisa y calcular el \\\"fill rate\\\" con precisi\\u00f3n.\"}},{\"type\":\"list_item\",\"props\":{\"content\":\"Listas de Precios: Permite a las cadenas aceptar o rechazar las listas de precios enviadas por los proveedores, facilitando la gesti\\u00f3n de precios y acuerdos comerciales.\"}}]},{\"type\":\"headline\",\"props\":{\"content\":\"Log\\u00edstica\",\"margin\":\"large\",\"margin_remove_bottom\":true,\"position\":\"relative\",\"position_z_index\":\"1\",\"title_element\":\"h3\"}},{\"type\":\"list\",\"props\":{\"column_breakpoint\":\"m\",\"image_align\":\"left\",\"image_svg_color\":\"emphasis\",\"image_vertical_align\":true,\"list_element\":\"ul\",\"list_horizontal_separator\":\", \",\"list_marker\":\"disc\",\"list_marker_color\":\"primary\",\"list_type\":\"vertical\",\"position\":\"relative\",\"position_z_index\":\"1\",\"show_image\":true,\"show_link\":true},\"children\":[{\"type\":\"list_item\",\"props\":{\"content\":\"Aviso de Recepci\\u00f3n (RECADV\\\/REMADV): Detalla lo recibido en cantidades y precios desde las cadenas hacia los proveedores, facilitando la conciliaci\\u00f3n de cuentas.\"}},{\"type\":\"list_item\",\"props\":{\"content\":\"Aviso de Devoluci\\u00f3n (RETANN): Informa las mercader\\u00edas devueltas a los proveedores para realizar los ajustes correspondientes.\"}},{\"type\":\"list_item\",\"props\":{\"content\":\"Aviso de Despacho (DESADV): Permite a los proveedores anticipar las mercader\\u00edas en tr\\u00e1nsito a las cadenas, optimizando la recepci\\u00f3n y reduciendo costos log\\u00edsticos y de horas extras.\"}},{\"type\":\"list_item\",\"props\":{\"content\":\"\n\n<p>Gesti\\u00f3n de Turnos: Permite planificar y coordinar la recepci\\u00f3n de mercader\\u00eda de forma centralizada, reduciendo tiempos de espera y mejorando la comunicaci\\u00f3n con proveedores y transportistas.<\\\/p>\"}}]},{\"type\":\"headline\",\"props\":{\"content\":\"Finanzas\",\"margin\":\"large\",\"margin_remove_bottom\":true,\"position\":\"relative\",\"position_z_index\":\"1\",\"title_element\":\"h3\"}},{\"type\":\"list\",\"props\":{\"column_breakpoint\":\"m\",\"image_align\":\"left\",\"image_svg_color\":\"emphasis\",\"image_vertical_align\":true,\"list_element\":\"ul\",\"list_horizontal_separator\":\", \",\"list_marker\":\"disc\",\"list_marker_color\":\"primary\",\"list_type\":\"vertical\",\"position\":\"relative\",\"position_z_index\":\"1\",\"show_image\":true,\"show_link\":true},\"children\":[{\"type\":\"list_item\",\"props\":{\"content\":\"Factura y Factura Mipyme: Simplifica el proceso de facturaci\\u00f3n para los proveedores, reduciendo el tiempo de procesamiento y permitiendo a las cadenas cruzar la factura con la orden de compra y la recepci\\u00f3n realizada.\"}},{\"type\":\"list_item\",\"props\":{\"content\":\"Solicitud Nota de Cr\\u00e9dito, Aviso de Contabilizaci\\u00f3n, Nota de Cr\\u00e9dito\\\/D\\u00e9bito y Avisos de Pago: Brindan tranquilidad a los proveedores al asegurarles que su factura est\\u00e1 en proceso de pago, disminuyendo y simplificando la gesti\\u00f3n de reclamos.\"}}]},{\"type\":\"text\",\"props\":{\"column_breakpoint\":\"m\",\"content\":\"Planexware es un verdadero Portal de Proveedores para la industria retail. Al ser un portal multi cadena y multi proveedor, brinda una visi\\u00f3n unificada de cada operaci\\u00f3n, donde pueden tener un seguimiento y archivo de cada una de ellas.\",\"margin\":\"default\",\"position\":\"relative\",\"position_z_index\":\"1\"}}]},{\"type\":\"column\",\"props\":{\"image_position\":\"center-center\",\"order_first\":\"m\",\"position_sticky\":\"column\",\"position_sticky_breakpoint\":\"\",\"position_sticky_offset\":\"110\",\"width_medium\":\"1-3\"},\"children\":[{\"type\":\"panel\",\"props\":{\"content\":\"\\u00bfTu empresa todav\\u00eda no cuenta con una soluci\\u00f3n para optimizar las operaciones con proveedores?\\n\",\"content_column_breakpoint\":\"m\",\"icon_width\":80,\"image_align\":\"top\",\"image_grid_breakpoint\":\"m\",\"image_grid_width\":\"1-2\",\"image_svg_color\":\"emphasis\",\"link\":\"#footer\",\"link_style\":\"primary\",\"link_text\":\"Solicitar Demo\",\"margin\":\"default\",\"maxwidth\":\"medium\",\"maxwidth_breakpoint\":\"m\",\"meta_align\":\"below-title\",\"meta_element\":\"div\",\"meta_style\":\"text-meta\",\"position\":\"relative\",\"position_z_index\":\"1\",\"title\":\"Cadenas Retail\",\"title_align\":\"top\",\"title_element\":\"h3\",\"title_grid_breakpoint\":\"m\",\"title_grid_width\":\"1-2\",\"title_hover_style\":\"reset\"}},{\"type\":\"headline\",\"props\":{\"content\":\"Downloads\",\"margin\":\"large\",\"margin_remove_bottom\":true,\"position\":\"relative\",\"position_z_index\":\"1\",\"status\":\"disabled\",\"title_element\":\"h4\"}},{\"type\":\"list\",\"props\":{\"class\":\"uk-text-emphasis\",\"column_breakpoint\":\"m\",\"icon\":\"file-pdf\",\"icon_color\":\"primary\",\"image_align\":\"left\",\"image_svg_color\":\"emphasis\",\"image_vertical_align\":true,\"link_style\":\"reset\",\"list_element\":\"ul\",\"list_horizontal_separator\":\", \",\"list_type\":\"vertical\",\"position\":\"relative\",\"position_z_index\":\"1\",\"show_image\":true,\"show_link\":true,\"status\":\"disabled\"},\"children\":[{\"type\":\"list_item\",\"props\":{\"content\":\"Dental Implants Brochure\",\"icon\":\"\",\"link\":\"#\"}},{\"type\":\"list_item\",\"props\":{\"content\":\"Patient Information\",\"icon\":\"\",\"link\":\"#\"}},{\"type\":\"list_item\",\"props\":{\"content\":\"Insurance Information\",\"icon\":\"\",\"link\":\"#\"}}]}]}]},{\"type\":\"row\",\"props\":{\"margin\":\"remove-vertical\",\"status\":\"disabled\"},\"children\":[{\"type\":\"column\",\"props\":{\"image_position\":\"center-center\",\"position_sticky_breakpoint\":\"m\"},\"children\":[{\"type\":\"image\",\"props\":{\"image\":\"wp-content\\\/uploads\\\/yootheme\\\/services-dental-implants-shape.svg\",\"image_height\":\"415\",\"image_svg_color\":\"\",\"image_svg_inline\":false,\"image_width\":\"370\",\"margin\":\"default\",\"position\":\"absolute\",\"position_bottom\":\"-140\",\"visibility\":\"xl\"}}]}]}],\"name\":\"Procedure\"},{\"type\":\"section\",\"props\":{\"image_position\":\"center-center\",\"padding\":\"large\",\"padding_remove_top\":true,\"status\":\"disabled\",\"style\":\"default\",\"title_breakpoint\":\"xl\",\"title_position\":\"top-left\",\"title_rotation\":\"left\",\"vertical_align\":\"middle\",\"width\":\"large\"},\"children\":[{\"type\":\"row\",\"children\":[{\"type\":\"column\",\"props\":{\"image_position\":\"center-center\",\"position_sticky_breakpoint\":\"m\"},\"children\":[{\"type\":\"headline\",\"props\":{\"content\":\"Otros Productos\",\"text_align\":\"center\",\"title_element\":\"h2\"}},{\"type\":\"grid\",\"props\":{\"content_column_breakpoint\":\"m\",\"filter_align\":\"left\",\"filter_all\":true,\"filter_grid_breakpoint\":\"m\",\"filter_grid_width\":\"auto\",\"filter_position\":\"top\",\"filter_style\":\"tab\",\"grid_default\":\"1\",\"grid_medium\":\"2\",\"icon_width\":80,\"image_align\":\"left\",\"image_grid_breakpoint\":\"\",\"image_grid_width\":\"2-5\",\"image_link\":false,\"image_svg_color\":\"emphasis\",\"image_vertical_align\":true,\"image_width\":\"610\",\"item_animation\":true,\"link_margin\":\"xlarge\",\"link_style\":\"default\",\"link_text\":\"<span uk-icon=\\\"icon: arrow-right; ratio: 1.4\\\"><\\\/span>\",\"margin\":\"medium\",\"meta_align\":\"below-title\",\"meta_color\":\"primary\",\"meta_element\":\"div\",\"meta_margin\":\"small\",\"meta_style\":\"h6\",\"panel_image_no_padding\":true,\"panel_link\":true,\"panel_padding\":\"default\",\"panel_style\":\"card-default\",\"parallax_easing\":\"1\",\"show_content\":true,\"show_image\":true,\"show_link\":true,\"show_meta\":true,\"show_title\":true,\"title_align\":\"top\",\"title_element\":\"h3\",\"title_grid_breakpoint\":\"m\",\"title_grid_width\":\"1-2\",\"title_hover_style\":\"reset\",\"title_link\":false},\"children\":[{\"type\":\"grid_item\",\"props\":{\"image\":\"wp-content\\\/uploads\\\/2024\\\/02\\\/pla_005.jpg\",\"link\":\"index.php?page_id=7\",\"meta\":\"Oral Surgeon\",\"title\":\"Scott Lupin DDS\"}},{\"type\":\"grid_item\",\"props\":{\"image\":\"wp-content\\\/uploads\\\/2024\\\/02\\\/pla_005.jpg\",\"link\":\"index.php?page_id=7\",\"meta\":\"Founder and Aesthetic Dentist\",\"title\":\"Ford Harris DDS\"}}],\"modified\":\"2021-07-27T08:22:49.412Z\"}]}]}],\"name\":\"05B\"}],\"version\":\"4.3.4\"} --><\/p>\n","protected":false},"excerpt":{"rendered":"<p>Portal Retail Soluciones para Supermercados, Droguer\u00edas y Mayoristas Automatiza el env\u00edo de \u00f3rdenes de compra a tus proveedores y la recepci\u00f3n de facturas, acelerando la cadena de suministro y pagos. Nuestra Soluci\u00f3n En Planexware ofrecemos soluciones innovadoras dise\u00f1adas para simplificar y optimizar las operaciones de las cadenas de supermercados, mayoristas, droguer\u00edas y homecenters. Nuestra plataforma [&hellip;]<\/p>\n","protected":false},"author":2,"featured_media":0,"parent":0,"menu_order":0,"comment_status":"closed","ping_status":"closed","template":"","meta":{"_acf_changed":false,"footnotes":""},"class_list":["post-1352","page","type-page","status-publish","hentry"],"acf":[],"_links":{"self":[{"href":"https:\/\/test.planexware.com\/es\/wp-json\/wp\/v2\/pages\/1352","targetHints":{"allow":["GET"]}}],"collection":[{"href":"https:\/\/test.planexware.com\/es\/wp-json\/wp\/v2\/pages"}],"about":[{"href":"https:\/\/test.planexware.com\/es\/wp-json\/wp\/v2\/types\/page"}],"author":[{"embeddable":true,"href":"https:\/\/test.planexware.com\/es\/wp-json\/wp\/v2\/users\/2"}],"replies":[{"embeddable":true,"href":"https:\/\/test.planexware.com\/es\/wp-json\/wp\/v2\/comments?post=1352"}],"version-history":[{"count":21,"href":"https:\/\/test.planexware.com\/es\/wp-json\/wp\/v2\/pages\/1352\/revisions"}],"predecessor-version":[{"id":64430,"href":"https:\/\/test.planexware.com\/es\/wp-json\/wp\/v2\/pages\/1352\/revisions\/64430"}],"wp:attachment":[{"href":"https:\/\/test.planexware.com\/es\/wp-json\/wp\/v2\/media?parent=1352"}],"curies":[{"name":"wp","href":"https:\/\/api.w.org\/{rel}","templated":true}]}}